{"id":8759,"date":"2021-03-24T15:35:22","date_gmt":"2021-03-24T15:35:22","guid":{"rendered":"https:\/\/www.bestsider.eu\/product\/piantane-per-recinzioni-industriali\/"},"modified":"2021-05-06T12:34:57","modified_gmt":"2021-05-06T12:34:57","slug":"stubovi-za-double-wire","status":"publish","type":"product","link":"https:\/\/www.bestsider.eu\/sr\/prodotto\/stubovi-za-double-wire\/","title":{"rendered":"STUBOVI ZA DOUBLE WIRE"},"content":{"rendered":"<p><div class=\"fusion-fullwidth fullwidth-box fusion-builder-row-1 fusion-flex-container nonhundred-percent-fullwidth non-hundred-percent-height-scrolling\" style=\"--awb-border-radius-top-left:0px;--awb-border-radius-top-right:0px;--awb-border-radius-bottom-right:0px;--awb-border-radius-bottom-left:0px;--awb-padding-right:0px;--awb-padding-left:0px;--awb-margin-top:0px;\" ><div class=\"fusion-builder-row fusion-row fusion-flex-align-items-flex-start\" style=\"max-width:1456px;margin-left: calc(-4% \/ 2 );margin-right: calc(-4% \/ 2 );\"><div class=\"fusion-layout-column fusion_builder_column fusion-builder-column-0 fusion_builder_column_1_1 1_1 fusion-flex-column\" style=\"--awb-bg-size:cover;--awb-width-large:100%;--awb-margin-top-large:0px;--awb-spacing-right-large:1.92%;--awb-margin-bottom-large:20px;--awb-spacing-left-large:1.92%;--awb-width-medium:100%;--awb-order-medium:0;--awb-spacing-right-medium:1.92%;--awb-spacing-left-medium:1.92%;--awb-width-small:100%;--awb-order-small:0;--awb-spacing-right-small:1.92%;--awb-spacing-left-small:1.92%;\"><div class=\"fusion-column-wrapper fusion-column-has-shadow fusion-flex-justify-content-flex-start fusion-content-layout-column\"><div class=\"fusion-title title fusion-title-1 fusion-sep-none fusion-title-text fusion-title-size-three\"><h3 class=\"title-heading-left fusion-responsive-typography-calculated\" style=\"margin:0;--fontSize:32;line-height:1.3;\">STUBOVI ZA DOUBLE WIRE<\/h3><\/div><div class=\"fusion-text fusion-text-1\"><p>Kako bi iza\u0161la u susret svim zahtevima na\u0161ih klijenata u vezi sa ogradama, na\u0161a kompanija je ponudila \u010detiri tipa stubova. Iako razli\u010dito dizajnirani, svi obezbe\u0111uju maksimalnu strukturnu bezbednost. Za svaki tip stuba predvi\u0111en je odgovaraju\u0107i panel i komplet za njihovo fiksiranje. Najpopularniji i najpoznatiji tip stuba je kvadratni, osnove cevi 60&#215;60 mm.<\/p>\n<\/div><div class=\"fusion-text fusion-text-2\"><p><strong>Standardne boje<\/strong><\/p>\n<\/div><div class=\"fusion-image-element \" style=\"--awb-caption-title-font-family:var(--h2_typography-font-family);--awb-caption-title-font-weight:var(--h2_typography-font-weight);--awb-caption-title-font-style:var(--h2_typography-font-style);--awb-caption-title-size:var(--h2_typography-font-size);--awb-caption-title-transform:var(--h2_typography-text-transform);--awb-caption-title-line-height:var(--h2_typography-line-height);--awb-caption-title-letter-spacing:var(--h2_typography-letter-spacing);\"><span class=\" fusion-imageframe imageframe-none imageframe-1 hover-type-none\" class=\"image-magnify\" class=\"image-scroll\"><img decoding=\"async\" width=\"250\" height=\"100\" title=\"5 Colori-recinzioni-2\" src=\"https:\/\/www.bestsider.eu\/wp-content\/uploads\/2021\/03\/5-Colori-recinzioni-2.png\" alt class=\"img-responsive wp-image-8725\" srcset=\"https:\/\/www.bestsider.eu\/wp-content\/uploads\/2021\/03\/5-Colori-recinzioni-2-200x80.png 200w, https:\/\/www.bestsider.eu\/wp-content\/uploads\/2021\/03\/5-Colori-recinzioni-2.png 250w\" sizes=\"(max-width: 640px) 100vw, 250px\" \/><\/span><\/div><div class=\"fusion-text fusion-text-3\"><p>Raspolo\u017eive ostale boje na zahtev.<\/p>\n<\/div><div class=\"fusion-separator fusion-full-width-sep\" style=\"align-self: center;margin-left: auto;margin-right: auto;margin-top:20px;width:100%;\"><\/div><div class=\"fusion-text fusion-text-4\" style=\"--awb-font-size:26px;\"><p><strong>STUBOVI ZA DOUBLE WIRE<\/strong><\/p>\n<\/div>\n<div class=\"table-1\">\n<table width=\"100%\">\n<thead>\n<tr>\n<th class=\"tab-intestazione-small\" style=\"text-align: center;\" colspan=\"3\" align=\"center\">Pravougaoni stub<\/th>\n<th class=\"tab-intestazione-small\" style=\"text-align: center;\" colspan=\"3\" align=\"center\">Kvadratni stub<\/th>\n<\/tr>\n<\/thead>\n<thead>\n<tr>\n<th class=\"tab-intestazione-small-grey\" style=\"text-align: center;\" align=\"left\">Dimenzije<br \/>\n<span class=\"tab-intestazione-small-under-grey\">HxLxL<\/span><br \/>\n<span class=\"tab-intestazione-small-under-grey\">(mm)<\/span><\/th>\n<th class=\"tab-intestazione-small-grey\" style=\"text-align: center;\" align=\"left\">Dodaci<br \/>\n\u010depovi<\/th>\n<th class=\"tab-intestazione-small-grey\" style=\"text-align: center;\" align=\"left\">Dodaci<br \/>\npajalica<\/th>\n<th class=\"tab-intestazione-small-grey\" style=\"text-align: center;\" align=\"left\">Dimenzije<br \/>\n<span class=\"tab-intestazione-small-under-grey\">HxLxL<\/span><br \/>\n<span class=\"tab-intestazione-small-under-grey\">(mm)<\/span><\/th>\n<th class=\"tab-intestazione-small-grey\" style=\"text-align: center;\" align=\"left\">Dodaci<br \/>\n\u010depovi<\/th>\n<th class=\"tab-intestazione-small-grey\" style=\"text-align: center;\" align=\"left\">Dodaci<br \/>\npajalica<\/th>\n<\/tr>\n<\/thead>\n<tbody>\n<tr>\n<td class=\"tab-02\" style=\"text-align: center;\" align=\"left\">900 x 40 x 60<\/td>\n<td class=\"tab-02\" style=\"text-align: center;\" align=\"left\">1<\/td>\n<td class=\"tab-02\" style=\"text-align: center;\" align=\"left\">&#8211;<\/td>\n<td class=\"tab-02A\" style=\"text-align: center;\" align=\"left\">900 x 60 x 60<\/td>\n<td class=\"tab-02A\" style=\"text-align: center;\" align=\"left\">1<\/td>\n<td class=\"tab-02A\" style=\"text-align: center;\" align=\"left\">&#8211;<\/td>\n<\/tr>\n<tr>\n<td class=\"tab-02\" style=\"text-align: center;\" align=\"left\">1300 x 40 x 60<\/td>\n<td class=\"tab-02\" style=\"text-align: center;\" align=\"left\">1<\/td>\n<td class=\"tab-02\" style=\"text-align: center;\" align=\"left\">&#8211;<\/td>\n<td class=\"tab-02A\" style=\"text-align: center;\" align=\"left\">1300 x 60 x 60<\/td>\n<td class=\"tab-02A\" style=\"text-align: center;\" align=\"left\">1<\/td>\n<td class=\"tab-02A\" style=\"text-align: center;\" align=\"left\">&#8211;<\/td>\n<\/tr>\n<tr>\n<td class=\"tab-02\" style=\"text-align: center;\" align=\"left\">1800 x 40 x 60<\/td>\n<td class=\"tab-02\" style=\"text-align: center;\" align=\"left\">1<\/td>\n<td class=\"tab-02\" style=\"text-align: center;\" align=\"left\">&#8211;<\/td>\n<td class=\"tab-02A\" style=\"text-align: center;\" align=\"left\">1800 x 60 x 60<\/td>\n<td class=\"tab-02A\" style=\"text-align: center;\" align=\"left\">1<\/td>\n<td class=\"tab-02A\" style=\"text-align: center;\" align=\"left\">&#8211;<\/td>\n<\/tr>\n<tr>\n<td class=\"tab-02\" style=\"text-align: center;\" align=\"left\">2000 x 40 x 60<\/td>\n<td class=\"tab-02\" style=\"text-align: center;\" align=\"left\">1<\/td>\n<td class=\"tab-02\" style=\"text-align: center;\" align=\"left\">&#8211;<\/td>\n<td class=\"tab-02A\" style=\"text-align: center;\" align=\"left\">2000 x 60 x 60<\/td>\n<td class=\"tab-02A\" style=\"text-align: center;\" align=\"left\">1<\/td>\n<td class=\"tab-02A\" style=\"text-align: center;\" align=\"left\">&#8211;<\/td>\n<\/tr>\n<tr>\n<td class=\"tab-02\" style=\"text-align: center;\" align=\"left\">2000 x 40 x 60<\/td>\n<td class=\"tab-02\" style=\"text-align: center;\" align=\"left\">1<\/td>\n<td class=\"tab-02\" style=\"text-align: center;\" align=\"left\">&#8211;<\/td>\n<td class=\"tab-02A\" style=\"text-align: center;\" align=\"left\">2000 x 60 x 60<\/td>\n<td class=\"tab-02A\" style=\"text-align: center;\" align=\"left\">1<\/td>\n<td class=\"tab-02A\" style=\"text-align: center;\" align=\"left\">&#8211;<\/td>\n<\/tr>\n<tr>\n<td class=\"tab-02\" style=\"text-align: center;\" align=\"left\">2500 x 40 x 60<\/td>\n<td class=\"tab-02\" style=\"text-align: center;\" align=\"left\">1<\/td>\n<td class=\"tab-02\" style=\"text-align: center;\" align=\"left\">&#8211;<\/td>\n<td class=\"tab-02A\" style=\"text-align: center;\" align=\"left\">2500 x 60 x 60<\/td>\n<td class=\"tab-02A\" style=\"text-align: center;\" align=\"left\">1<\/td>\n<td class=\"tab-02A\" style=\"text-align: center;\" align=\"left\">&#8211;<\/td>\n<\/tr>\n<\/tbody>\n<\/table>\n<\/div>\n<\/div><\/div><\/div><\/div><div class=\"fusion-fullwidth fullwidth-box fusion-builder-row-2 fusion-flex-container nonhundred-percent-fullwidth non-hundred-percent-height-scrolling\" style=\"--awb-border-radius-top-left:0px;--awb-border-radius-top-right:0px;--awb-border-radius-bottom-right:0px;--awb-border-radius-bottom-left:0px;--awb-padding-right:0px;--awb-padding-left:0px;\" ><div class=\"fusion-builder-row fusion-row fusion-flex-align-items-flex-start\" style=\"max-width:1456px;margin-left: calc(-4% \/ 2 );margin-right: calc(-4% \/ 2 );\"><div class=\"fusion-layout-column fusion_builder_column fusion-builder-column-1 fusion_builder_column_1_2 1_2 fusion-flex-column\" style=\"--awb-bg-size:cover;--awb-width-large:50%;--awb-margin-top-large:0px;--awb-spacing-right-large:3.84%;--awb-margin-bottom-large:20px;--awb-spacing-left-large:3.84%;--awb-width-medium:50%;--awb-order-medium:0;--awb-spacing-right-medium:3.84%;--awb-spacing-left-medium:3.84%;--awb-width-small:100%;--awb-order-small:0;--awb-spacing-right-small:1.92%;--awb-spacing-left-small:1.92%;\"><div class=\"fusion-column-wrapper fusion-column-has-shadow fusion-flex-justify-content-flex-start fusion-content-layout-column\"><div class=\"fusion-image-element \" style=\"--awb-caption-title-font-family:var(--h2_typography-font-family);--awb-caption-title-font-weight:var(--h2_typography-font-weight);--awb-caption-title-font-style:var(--h2_typography-font-style);--awb-caption-title-size:var(--h2_typography-font-size);--awb-caption-title-transform:var(--h2_typography-text-transform);--awb-caption-title-line-height:var(--h2_typography-line-height);--awb-caption-title-letter-spacing:var(--h2_typography-letter-spacing);\"><span class=\" fusion-imageframe imageframe-none imageframe-2 hover-type-none\" class=\"image-magnify\" class=\"image-scroll\"><img decoding=\"async\" width=\"300\" height=\"178\" title=\"piantana-rettangolare\" src=\"https:\/\/www.bestsider.eu\/wp-content\/uploads\/2021\/03\/piantana-rettangolare-300x178.jpg\" alt class=\"img-responsive wp-image-8756\" srcset=\"https:\/\/www.bestsider.eu\/wp-content\/uploads\/2021\/03\/piantana-rettangolare-200x119.jpg 200w, https:\/\/www.bestsider.eu\/wp-content\/uploads\/2021\/03\/piantana-rettangolare-400x238.jpg 400w, https:\/\/www.bestsider.eu\/wp-content\/uploads\/2021\/03\/piantana-rettangolare-600x357.jpg 600w, https:\/\/www.bestsider.eu\/wp-content\/uploads\/2021\/03\/piantana-rettangolare.jpg 700w\" sizes=\"(max-width: 640px) 100vw, 300px\" \/><\/span><\/div><div class=\"fusion-title title fusion-title-2 fusion-sep-none fusion-title-text fusion-title-size-five\" style=\"--awb-text-color:#44637e;\"><h5 class=\"title-heading-left fusion-responsive-typography-calculated\" style=\"margin:0;--fontSize:24;line-height:1.4;\"><strong>Pravougaoni stub<\/strong><\/h5><\/div><div class=\"fusion-separator fusion-full-width-sep\" style=\"align-self: center;margin-left: auto;margin-right: auto;margin-top:20px;width:100%;\"><\/div><div class=\"fusion-text fusion-text-5\"><p>Stub pravougaonog preseka u osnovi je 60&#215;40 mm, \u0161irine 1.5 mm. Najlak\u0161i je u kategoriji. Postoji verzija sa usidrenjem (u betonsku stopu je uronjen stub) i verzija sa zavrtnjima, gde se \u010deli\u010dnom prirubnicom pri\u0161rafljuje za osnovu i slu\u017ei za fiksiranje za betonski ivi\u010dnjak.<\/p>\n<\/div><\/div><\/div><div class=\"fusion-layout-column fusion_builder_column fusion-builder-column-2 fusion_builder_column_1_2 1_2 fusion-flex-column\" style=\"--awb-bg-size:cover;--awb-width-large:50%;--awb-margin-top-large:0px;--awb-spacing-right-large:3.84%;--awb-margin-bottom-large:20px;--awb-spacing-left-large:3.84%;--awb-width-medium:50%;--awb-order-medium:0;--awb-spacing-right-medium:3.84%;--awb-spacing-left-medium:3.84%;--awb-width-small:100%;--awb-order-small:0;--awb-spacing-right-small:1.92%;--awb-spacing-left-small:1.92%;\"><div class=\"fusion-column-wrapper fusion-column-has-shadow fusion-flex-justify-content-flex-start fusion-content-layout-column\"><div class=\"fusion-image-element \" style=\"--awb-caption-title-font-family:var(--h2_typography-font-family);--awb-caption-title-font-weight:var(--h2_typography-font-weight);--awb-caption-title-font-style:var(--h2_typography-font-style);--awb-caption-title-size:var(--h2_typography-font-size);--awb-caption-title-transform:var(--h2_typography-text-transform);--awb-caption-title-line-height:var(--h2_typography-line-height);--awb-caption-title-letter-spacing:var(--h2_typography-letter-spacing);\"><span class=\" fusion-imageframe imageframe-none imageframe-3 hover-type-none\" class=\"image-magnify\" class=\"image-scroll\"><img decoding=\"async\" width=\"300\" height=\"178\" title=\"piantana-quadrata\" src=\"https:\/\/www.bestsider.eu\/wp-content\/uploads\/2021\/03\/piantana-quadrata-300x178.jpg\" alt class=\"img-responsive wp-image-8754\" srcset=\"https:\/\/www.bestsider.eu\/wp-content\/uploads\/2021\/03\/piantana-quadrata-200x119.jpg 200w, https:\/\/www.bestsider.eu\/wp-content\/uploads\/2021\/03\/piantana-quadrata-400x238.jpg 400w, https:\/\/www.bestsider.eu\/wp-content\/uploads\/2021\/03\/piantana-quadrata-600x357.jpg 600w, https:\/\/www.bestsider.eu\/wp-content\/uploads\/2021\/03\/piantana-quadrata.jpg 700w\" sizes=\"(max-width: 640px) 100vw, 300px\" \/><\/span><\/div><div class=\"fusion-title title fusion-title-3 fusion-sep-none fusion-title-text fusion-title-size-five\" style=\"--awb-text-color:#44637e;\"><h5 class=\"title-heading-left fusion-responsive-typography-calculated\" style=\"margin:0;--fontSize:24;line-height:1.4;\"><strong>Kvadratni stub<\/strong><\/h5><\/div><div class=\"fusion-separator fusion-full-width-sep\" style=\"align-self: center;margin-left: auto;margin-right: auto;margin-top:20px;width:100%;\"><\/div><div class=\"fusion-text fusion-text-6\"><p>Stub kvadratnog preseka u osnovi je 40&#215;40 mm, \u0161irine 1.5 mm. Ovo je i naj\u010de\u0161\u0107i tip stuba. Postoje dve verzije \u2013 takozvana usidrena (stub je uronjen u betonsku<br \/>\nosnovu) i verzija sa zavrtnjima gde se \u010deli\u010dnom prirubnicom pri\u0161rafljuje za osnovu i slu\u017ei za fiksiranje za betonski ivi\u010dnjak.<\/p>\n<\/div><\/div><\/div><\/div><\/div><\/p>\n","protected":false},"excerpt":{"rendered":"","protected":false},"featured_media":8752,"template":"","meta":[],"product_cat":[413],"product_tag":[],"class_list":["post-8759","product","type-product","status-publish","has-post-thumbnail","hentry","product_cat-industrijske-ograde"],"yoast_head":"<!-- This site is optimized with the Yoast SEO plugin v20.4 - https:\/\/yoast.com\/wordpress\/plugins\/seo\/ -->\n<title>STUBOVI ZA DOUBLE WIRE - Bestsider<\/title>\n<meta name=\"robots\" content=\"index, follow, max-snippet:-1, max-image-preview:large, max-video-preview:-1\" \/>\n<link rel=\"canonical\" href=\"https:\/\/www.bestsider.eu\/sr\/prodotto\/stubovi-za-double-wire\/\" \/>\n<meta property=\"og:locale\" content=\"sr_RS\" \/>\n<meta property=\"og:type\" content=\"article\" \/>\n<meta property=\"og:title\" content=\"STUBOVI ZA DOUBLE WIRE - Bestsider\" \/>\n<meta property=\"og:url\" content=\"https:\/\/www.bestsider.eu\/sr\/prodotto\/stubovi-za-double-wire\/\" \/>\n<meta property=\"og:site_name\" content=\"Bestsider\" \/>\n<meta property=\"article:modified_time\" content=\"2021-05-06T12:34:57+00:00\" \/>\n<meta property=\"og:image\" content=\"https:\/\/www.bestsider.eu\/wp-content\/uploads\/2021\/03\/1-piantane.jpg\" \/>\n\t<meta property=\"og:image:width\" content=\"700\" \/>\n\t<meta property=\"og:image:height\" content=\"416\" \/>\n\t<meta property=\"og:image:type\" content=\"image\/jpeg\" \/>\n<meta name=\"twitter:card\" content=\"summary_large_image\" \/>\n<meta name=\"twitter:label1\" content=\"\u041f\u0440\u043e\u0446\u0435\u045a\u0435\u043d\u043e \u0432\u0440\u0435\u043c\u0435 \u0447\u0438\u0442\u0430\u045a\u0430\" \/>\n\t<meta name=\"twitter:data1\" content=\"15 \u043c\u0438\u043d\u0443\u0442\u0430\" \/>\n<script type=\"application\/ld+json\" class=\"yoast-schema-graph\">{\"@context\":\"https:\/\/schema.org\",\"@graph\":[{\"@type\":\"WebPage\",\"@id\":\"https:\/\/www.bestsider.eu\/sr\/prodotto\/stubovi-za-double-wire\/\",\"url\":\"https:\/\/www.bestsider.eu\/sr\/prodotto\/stubovi-za-double-wire\/\",\"name\":\"STUBOVI ZA DOUBLE WIRE - Bestsider\",\"isPartOf\":{\"@id\":\"https:\/\/www.bestsider.eu\/#website\"},\"datePublished\":\"2021-03-24T15:35:22+00:00\",\"dateModified\":\"2021-05-06T12:34:57+00:00\",\"breadcrumb\":{\"@id\":\"https:\/\/www.bestsider.eu\/sr\/prodotto\/stubovi-za-double-wire\/#breadcrumb\"},\"inLanguage\":\"sr-RS\",\"potentialAction\":[{\"@type\":\"ReadAction\",\"target\":[\"https:\/\/www.bestsider.eu\/sr\/prodotto\/stubovi-za-double-wire\/\"]}]},{\"@type\":\"BreadcrumbList\",\"@id\":\"https:\/\/www.bestsider.eu\/sr\/prodotto\/stubovi-za-double-wire\/#breadcrumb\",\"itemListElement\":[{\"@type\":\"ListItem\",\"position\":1,\"name\":\"Home\",\"item\":\"https:\/\/www.bestsider.eu\/sr\/\"},{\"@type\":\"ListItem\",\"position\":2,\"name\":\"Area Riservata\",\"item\":\"https:\/\/www.bestsider.eu\/area-riservata\/\"},{\"@type\":\"ListItem\",\"position\":3,\"name\":\"STUBOVI ZA DOUBLE WIRE\"}]},{\"@type\":\"WebSite\",\"@id\":\"https:\/\/www.bestsider.eu\/#website\",\"url\":\"https:\/\/www.bestsider.eu\/\",\"name\":\"Bestsider\",\"description\":\"\",\"publisher\":{\"@id\":\"https:\/\/www.bestsider.eu\/#organization\"},\"potentialAction\":[{\"@type\":\"SearchAction\",\"target\":{\"@type\":\"EntryPoint\",\"urlTemplate\":\"https:\/\/www.bestsider.eu\/?s={search_term_string}\"},\"query-input\":\"required name=search_term_string\"}],\"inLanguage\":\"sr-RS\"},{\"@type\":\"Organization\",\"@id\":\"https:\/\/www.bestsider.eu\/#organization\",\"name\":\"BESTSIDER s.r.l. unipersonale\",\"url\":\"https:\/\/www.bestsider.eu\/\",\"logo\":{\"@type\":\"ImageObject\",\"inLanguage\":\"sr-RS\",\"@id\":\"https:\/\/www.bestsider.eu\/#\/schema\/logo\/image\/\",\"url\":\"https:\/\/www.bestsider.eu\/wp-content\/uploads\/2021\/03\/logo-2021.png\",\"contentUrl\":\"https:\/\/www.bestsider.eu\/wp-content\/uploads\/2021\/03\/logo-2021.png\",\"width\":141,\"height\":65,\"caption\":\"BESTSIDER s.r.l. unipersonale\"},\"image\":{\"@id\":\"https:\/\/www.bestsider.eu\/#\/schema\/logo\/image\/\"}}]}<\/script>\n<!-- \/ Yoast SEO plugin. -->","yoast_head_json":{"title":"STUBOVI ZA DOUBLE WIRE - Bestsider","robots":{"index":"index","follow":"follow","max-snippet":"max-snippet:-1","max-image-preview":"max-image-preview:large","max-video-preview":"max-video-preview:-1"},"canonical":"https:\/\/www.bestsider.eu\/sr\/prodotto\/stubovi-za-double-wire\/","og_locale":"sr_RS","og_type":"article","og_title":"STUBOVI ZA DOUBLE WIRE - Bestsider","og_url":"https:\/\/www.bestsider.eu\/sr\/prodotto\/stubovi-za-double-wire\/","og_site_name":"Bestsider","article_modified_time":"2021-05-06T12:34:57+00:00","og_image":[{"width":700,"height":416,"url":"https:\/\/www.bestsider.eu\/wp-content\/uploads\/2021\/03\/1-piantane.jpg","type":"image\/jpeg"}],"twitter_card":"summary_large_image","twitter_misc":{"\u041f\u0440\u043e\u0446\u0435\u045a\u0435\u043d\u043e \u0432\u0440\u0435\u043c\u0435 \u0447\u0438\u0442\u0430\u045a\u0430":"15 \u043c\u0438\u043d\u0443\u0442\u0430"},"schema":{"@context":"https:\/\/schema.org","@graph":[{"@type":"WebPage","@id":"https:\/\/www.bestsider.eu\/sr\/prodotto\/stubovi-za-double-wire\/","url":"https:\/\/www.bestsider.eu\/sr\/prodotto\/stubovi-za-double-wire\/","name":"STUBOVI ZA DOUBLE WIRE - Bestsider","isPartOf":{"@id":"https:\/\/www.bestsider.eu\/#website"},"datePublished":"2021-03-24T15:35:22+00:00","dateModified":"2021-05-06T12:34:57+00:00","breadcrumb":{"@id":"https:\/\/www.bestsider.eu\/sr\/prodotto\/stubovi-za-double-wire\/#breadcrumb"},"inLanguage":"sr-RS","potentialAction":[{"@type":"ReadAction","target":["https:\/\/www.bestsider.eu\/sr\/prodotto\/stubovi-za-double-wire\/"]}]},{"@type":"BreadcrumbList","@id":"https:\/\/www.bestsider.eu\/sr\/prodotto\/stubovi-za-double-wire\/#breadcrumb","itemListElement":[{"@type":"ListItem","position":1,"name":"Home","item":"https:\/\/www.bestsider.eu\/sr\/"},{"@type":"ListItem","position":2,"name":"Area Riservata","item":"https:\/\/www.bestsider.eu\/area-riservata\/"},{"@type":"ListItem","position":3,"name":"STUBOVI ZA DOUBLE WIRE"}]},{"@type":"WebSite","@id":"https:\/\/www.bestsider.eu\/#website","url":"https:\/\/www.bestsider.eu\/","name":"Bestsider","description":"","publisher":{"@id":"https:\/\/www.bestsider.eu\/#organization"},"potentialAction":[{"@type":"SearchAction","target":{"@type":"EntryPoint","urlTemplate":"https:\/\/www.bestsider.eu\/?s={search_term_string}"},"query-input":"required name=search_term_string"}],"inLanguage":"sr-RS"},{"@type":"Organization","@id":"https:\/\/www.bestsider.eu\/#organization","name":"BESTSIDER s.r.l. unipersonale","url":"https:\/\/www.bestsider.eu\/","logo":{"@type":"ImageObject","inLanguage":"sr-RS","@id":"https:\/\/www.bestsider.eu\/#\/schema\/logo\/image\/","url":"https:\/\/www.bestsider.eu\/wp-content\/uploads\/2021\/03\/logo-2021.png","contentUrl":"https:\/\/www.bestsider.eu\/wp-content\/uploads\/2021\/03\/logo-2021.png","width":141,"height":65,"caption":"BESTSIDER s.r.l. unipersonale"},"image":{"@id":"https:\/\/www.bestsider.eu\/#\/schema\/logo\/image\/"}}]}},"_links":{"self":[{"href":"https:\/\/www.bestsider.eu\/sr\/wp-json\/wp\/v2\/product\/8759","targetHints":{"allow":["GET"]}}],"collection":[{"href":"https:\/\/www.bestsider.eu\/sr\/wp-json\/wp\/v2\/product"}],"about":[{"href":"https:\/\/www.bestsider.eu\/sr\/wp-json\/wp\/v2\/types\/product"}],"wp:featuredmedia":[{"embeddable":true,"href":"https:\/\/www.bestsider.eu\/sr\/wp-json\/wp\/v2\/media\/8752"}],"wp:attachment":[{"href":"https:\/\/www.bestsider.eu\/sr\/wp-json\/wp\/v2\/media?parent=8759"}],"wp:term":[{"taxonomy":"product_cat","embeddable":true,"href":"https:\/\/www.bestsider.eu\/sr\/wp-json\/wp\/v2\/product_cat?post=8759"},{"taxonomy":"product_tag","embeddable":true,"href":"https:\/\/www.bestsider.eu\/sr\/wp-json\/wp\/v2\/product_tag?post=8759"}],"curies":[{"name":"wp","href":"https:\/\/api.w.org\/{rel}","templated":true}]}}