{"id":8586,"date":"2021-03-09T15:20:32","date_gmt":"2021-03-09T15:20:32","guid":{"rendered":"https:\/\/www.bestsider.eu\/product\/recinzione-in-lamiera-combi-semiopaco\/"},"modified":"2021-05-06T13:08:35","modified_gmt":"2021-05-06T13:08:35","slug":"mobilni-sistem-semi-opaque-combi","status":"publish","type":"product","link":"https:\/\/www.bestsider.eu\/sr\/prodotto\/mobilni-sistem-semi-opaque-combi\/","title":{"rendered":"MOBILNI SISTEM \u201cSEMI-OPAQUE COMBI\u201d"},"content":{"rendered":"<div class=\"fusion-fullwidth fullwidth-box fusion-builder-row-1 fusion-flex-container nonhundred-percent-fullwidth non-hundred-percent-height-scrolling\" style=\"--awb-border-radius-top-left:0px;--awb-border-radius-top-right:0px;--awb-border-radius-bottom-right:0px;--awb-border-radius-bottom-left:0px;--awb-padding-right:0px;--awb-padding-left:0px;--awb-margin-top:0px;\" ><div class=\"fusion-builder-row fusion-row fusion-flex-align-items-flex-start\" style=\"max-width:1456px;margin-left: calc(-4% \/ 2 );margin-right: calc(-4% \/ 2 );\"><div class=\"fusion-layout-column fusion_builder_column fusion-builder-column-0 fusion_builder_column_1_1 1_1 fusion-flex-column\" style=\"--awb-bg-size:cover;--awb-width-large:100%;--awb-margin-top-large:0px;--awb-spacing-right-large:1.92%;--awb-margin-bottom-large:10px;--awb-spacing-left-large:1.92%;--awb-width-medium:100%;--awb-order-medium:0;--awb-spacing-right-medium:1.92%;--awb-spacing-left-medium:1.92%;--awb-width-small:100%;--awb-order-small:0;--awb-spacing-right-small:1.92%;--awb-spacing-left-small:1.92%;\"><div class=\"fusion-column-wrapper fusion-column-has-shadow fusion-flex-justify-content-flex-start fusion-content-layout-column\"><div class=\"fusion-title title fusion-title-1 fusion-sep-none fusion-title-text fusion-title-size-three\" style=\"--awb-margin-top:0px;--awb-margin-bottom:0px;\"><h3 class=\"title-heading-left fusion-responsive-typography-calculated\" style=\"margin:0;--fontSize:32;line-height:1.3;\">MOBILNI SISTEM \u201cSEMI-OPAQUE COMBI\u201d<\/h3><\/div><\/div><\/div><div class=\"fusion-layout-column fusion_builder_column fusion-builder-column-1 fusion_builder_column_1_1 1_1 fusion-flex-column\" style=\"--awb-bg-size:cover;--awb-width-large:100%;--awb-margin-top-large:0px;--awb-spacing-right-large:1.92%;--awb-margin-bottom-large:20px;--awb-spacing-left-large:1.92%;--awb-width-medium:100%;--awb-order-medium:0;--awb-spacing-right-medium:1.92%;--awb-spacing-left-medium:1.92%;--awb-width-small:100%;--awb-order-small:0;--awb-spacing-right-small:1.92%;--awb-spacing-left-small:1.92%;\"><div class=\"fusion-column-wrapper fusion-column-has-shadow fusion-flex-justify-content-flex-start fusion-content-layout-column\"><div class=\"fusion-text fusion-text-1\"><p>Poluprovidni mobilni sistem se koristi u obezbe\u0111ivanju od radova na putu, gde uvek bude ru\u0161evina i gra\u0111evinskog otpada. Gornji deo panela je napravljen od zavarene \u017ei\u010dane mre\u017ee, dok donji deo &#8211; \u201cSEMI-OPAQUE COMBI PANEL\u201d mo\u017ee biti izra\u0111en od pocinkovanog, ili pocinkovanog i poliesterskom bojom presvu\u010denog lima. Mobilni sistem \u201cSEMI-OPAQUE COMBI\u201d je dostupan u razli\u010ditim du\u017einama, a po zahtevu klijenta mo\u017ee se izraditi od razli\u010ditih tipova zavarene \u017ei\u010dane mre\u017ee i razli\u010ditih boja lima.<\/p>\n<p><strong>Ovaj sistem se tako\u0111e zove jo\u0161 i \u2018anti-billposting\u2019.<\/strong><\/p>\n<\/div>\n<div class=\"table-1\">\n<table width=\"100%\">\n<thead>\n<tr>\n<th class=\"tab-intestazione\" align=\"left\"><strong>Art. 211\/CS<\/strong><\/th>\n<th class=\"tab-intestazione\" align=\"left\">MOBILNI SISTEM \u201cSEMI-OPAQUE COMBI\u201d<\/th>\n<\/tr>\n<\/thead>\n<tbody>\n<tr>\n<td class=\"tab-01\" align=\"left\">Dimenzije panela<\/td>\n<td class=\"tab-01A\" align=\"left\">2200 \u00d7 2000 mm<\/td>\n<\/tr>\n<tr>\n<td class=\"tab-01\" align=\"left\">Finalna obrada<\/td>\n<td class=\"tab-01B\" align=\"left\">Sendzimir pocinkovani + Farbanje<\/td>\n<\/tr>\n<tr>\n<td class=\"tab-01\" align=\"left\">Te\u017eina<\/td>\n<td class=\"tab-01A\" align=\"left\">~22.50 kg<\/td>\n<\/tr>\n<tr>\n<td class=\"tab-01\" align=\"left\">Komada<\/td>\n<td class=\"tab-01B\" align=\"left\">100<\/td>\n<\/tr>\n<\/tbody>\n<\/table>\n<\/div>\n<div class=\"fusion-separator fusion-full-width-sep\" style=\"align-self: center;margin-left: auto;margin-right: auto;margin-top:20px;width:100%;\"><\/div>\n<div class=\"table-1\">\n<table width=\"100%\">\n<thead>\n<tr>\n<th class=\"tab-intestazione\" align=\"left\"><strong>Art. 211\/CS<\/strong><\/th>\n<th class=\"tab-intestazione\" align=\"left\">MOBILNI SISTEM \u201cSEMI-OPAQUE COMBI\u201d<\/th>\n<\/tr>\n<\/thead>\n<tbody>\n<tr>\n<td class=\"tab-01\" align=\"left\">Dimenzije panela<\/td>\n<td class=\"tab-01A\" align=\"left\">2500 mm \u00d7 2000 mm<\/td>\n<\/tr>\n<tr>\n<td class=\"tab-01\" align=\"left\">Finalna obrada<\/td>\n<td class=\"tab-01B\" align=\"left\">Sendzimir pocinkovani + Farbanje<\/td>\n<\/tr>\n<tr>\n<td class=\"tab-01\" align=\"left\">Te\u017eina<\/td>\n<td class=\"tab-01A\" align=\"left\">~27.50 kg<\/td>\n<\/tr>\n<tr>\n<td class=\"tab-01\" align=\"left\">Komada<\/td>\n<td class=\"tab-01B\" align=\"left\">100<\/td>\n<\/tr>\n<\/tbody>\n<\/table>\n<\/div>\n<div class=\"fusion-separator fusion-full-width-sep\" style=\"align-self: center;margin-left: auto;margin-right: auto;margin-top:20px;width:100%;\"><\/div>\n<div class=\"table-1\">\n<table width=\"100%\">\n<thead>\n<tr>\n<th class=\"tab-intestazione\" align=\"left\"><strong>Art. 211\/CS<\/strong><\/th>\n<th class=\"tab-intestazione\" align=\"left\">MOBILNI SISTEM \u201cSEMI-OPAQUE COMBI\u201d<\/th>\n<\/tr>\n<\/thead>\n<tbody>\n<tr>\n<td class=\"tab-01\" align=\"left\">Dimenzije panela<\/td>\n<td class=\"tab-01A\" align=\"left\">3500 \u00d7 2000 mm<\/td>\n<\/tr>\n<tr>\n<td class=\"tab-01\" align=\"left\">Finalna obrada<\/td>\n<td class=\"tab-01B\" align=\"left\">Zincatura sendzimir + verniciatura<\/td>\n<\/tr>\n<tr>\n<td class=\"tab-01\" align=\"left\">Te\u017eina<\/td>\n<td class=\"tab-01A\" align=\"left\">~30.50 kg<\/td>\n<\/tr>\n<tr>\n<td class=\"tab-01\" align=\"left\">Komada<\/td>\n<td class=\"tab-01B\" align=\"left\">100<\/td>\n<\/tr>\n<\/tbody>\n<\/table>\n<\/div>\n<div class=\"fusion-separator fusion-full-width-sep\" style=\"align-self: center;margin-left: auto;margin-right: auto;margin-top:20px;width:100%;\"><\/div><\/div><\/div><\/div><\/div>\n","protected":false},"excerpt":{"rendered":"","protected":false},"featured_media":8590,"template":"","meta":[],"product_cat":[431,423],"product_tag":[],"class_list":["post-8586","product","type-product","status-publish","has-post-thumbnail","hentry","product_cat-limene-ograde","product_cat-ograde-opaque"],"yoast_head":"<!-- This site is optimized with the Yoast SEO plugin v20.4 - https:\/\/yoast.com\/wordpress\/plugins\/seo\/ -->\n<title>MOBILNI SISTEM \u201cSEMI-OPAQUE COMBI\u201d - Bestsider<\/title>\n<meta name=\"robots\" content=\"index, follow, max-snippet:-1, max-image-preview:large, max-video-preview:-1\" \/>\n<link rel=\"canonical\" href=\"https:\/\/www.bestsider.eu\/sr\/prodotto\/mobilni-sistem-semi-opaque-combi\/\" \/>\n<meta property=\"og:locale\" content=\"sr_RS\" \/>\n<meta property=\"og:type\" content=\"article\" \/>\n<meta property=\"og:title\" content=\"MOBILNI SISTEM \u201cSEMI-OPAQUE COMBI\u201d - Bestsider\" \/>\n<meta property=\"og:url\" content=\"https:\/\/www.bestsider.eu\/sr\/prodotto\/mobilni-sistem-semi-opaque-combi\/\" \/>\n<meta property=\"og:site_name\" content=\"Bestsider\" \/>\n<meta property=\"article:modified_time\" content=\"2021-05-06T13:08:35+00:00\" \/>\n<meta property=\"og:image\" content=\"https:\/\/www.bestsider.eu\/wp-content\/uploads\/2021\/03\/privacy-combi-2021-1.jpg\" \/>\n\t<meta property=\"og:image:width\" content=\"700\" \/>\n\t<meta property=\"og:image:height\" content=\"416\" \/>\n\t<meta property=\"og:image:type\" content=\"image\/jpeg\" \/>\n<meta name=\"twitter:card\" content=\"summary_large_image\" \/>\n<meta name=\"twitter:label1\" content=\"\u041f\u0440\u043e\u0446\u0435\u045a\u0435\u043d\u043e \u0432\u0440\u0435\u043c\u0435 \u0447\u0438\u0442\u0430\u045a\u0430\" \/>\n\t<meta name=\"twitter:data1\" content=\"7 \u043c\u0438\u043d\u0443\u0442\u0430\" \/>\n<script type=\"application\/ld+json\" class=\"yoast-schema-graph\">{\"@context\":\"https:\/\/schema.org\",\"@graph\":[{\"@type\":\"WebPage\",\"@id\":\"https:\/\/www.bestsider.eu\/sr\/prodotto\/mobilni-sistem-semi-opaque-combi\/\",\"url\":\"https:\/\/www.bestsider.eu\/sr\/prodotto\/mobilni-sistem-semi-opaque-combi\/\",\"name\":\"MOBILNI SISTEM \u201cSEMI-OPAQUE COMBI\u201d - Bestsider\",\"isPartOf\":{\"@id\":\"https:\/\/www.bestsider.eu\/#website\"},\"datePublished\":\"2021-03-09T15:20:32+00:00\",\"dateModified\":\"2021-05-06T13:08:35+00:00\",\"breadcrumb\":{\"@id\":\"https:\/\/www.bestsider.eu\/sr\/prodotto\/mobilni-sistem-semi-opaque-combi\/#breadcrumb\"},\"inLanguage\":\"sr-RS\",\"potentialAction\":[{\"@type\":\"ReadAction\",\"target\":[\"https:\/\/www.bestsider.eu\/sr\/prodotto\/mobilni-sistem-semi-opaque-combi\/\"]}]},{\"@type\":\"BreadcrumbList\",\"@id\":\"https:\/\/www.bestsider.eu\/sr\/prodotto\/mobilni-sistem-semi-opaque-combi\/#breadcrumb\",\"itemListElement\":[{\"@type\":\"ListItem\",\"position\":1,\"name\":\"Home\",\"item\":\"https:\/\/www.bestsider.eu\/sr\/\"},{\"@type\":\"ListItem\",\"position\":2,\"name\":\"Area Riservata\",\"item\":\"https:\/\/www.bestsider.eu\/area-riservata\/\"},{\"@type\":\"ListItem\",\"position\":3,\"name\":\"MOBILNI SISTEM \u201cSEMI-OPAQUE COMBI\u201d\"}]},{\"@type\":\"WebSite\",\"@id\":\"https:\/\/www.bestsider.eu\/#website\",\"url\":\"https:\/\/www.bestsider.eu\/\",\"name\":\"Bestsider\",\"description\":\"\",\"publisher\":{\"@id\":\"https:\/\/www.bestsider.eu\/#organization\"},\"potentialAction\":[{\"@type\":\"SearchAction\",\"target\":{\"@type\":\"EntryPoint\",\"urlTemplate\":\"https:\/\/www.bestsider.eu\/?s={search_term_string}\"},\"query-input\":\"required name=search_term_string\"}],\"inLanguage\":\"sr-RS\"},{\"@type\":\"Organization\",\"@id\":\"https:\/\/www.bestsider.eu\/#organization\",\"name\":\"BESTSIDER s.r.l. unipersonale\",\"url\":\"https:\/\/www.bestsider.eu\/\",\"logo\":{\"@type\":\"ImageObject\",\"inLanguage\":\"sr-RS\",\"@id\":\"https:\/\/www.bestsider.eu\/#\/schema\/logo\/image\/\",\"url\":\"https:\/\/www.bestsider.eu\/wp-content\/uploads\/2021\/03\/logo-2021.png\",\"contentUrl\":\"https:\/\/www.bestsider.eu\/wp-content\/uploads\/2021\/03\/logo-2021.png\",\"width\":141,\"height\":65,\"caption\":\"BESTSIDER s.r.l. unipersonale\"},\"image\":{\"@id\":\"https:\/\/www.bestsider.eu\/#\/schema\/logo\/image\/\"}}]}<\/script>\n<!-- \/ Yoast SEO plugin. -->","yoast_head_json":{"title":"MOBILNI SISTEM \u201cSEMI-OPAQUE COMBI\u201d - Bestsider","robots":{"index":"index","follow":"follow","max-snippet":"max-snippet:-1","max-image-preview":"max-image-preview:large","max-video-preview":"max-video-preview:-1"},"canonical":"https:\/\/www.bestsider.eu\/sr\/prodotto\/mobilni-sistem-semi-opaque-combi\/","og_locale":"sr_RS","og_type":"article","og_title":"MOBILNI SISTEM \u201cSEMI-OPAQUE COMBI\u201d - Bestsider","og_url":"https:\/\/www.bestsider.eu\/sr\/prodotto\/mobilni-sistem-semi-opaque-combi\/","og_site_name":"Bestsider","article_modified_time":"2021-05-06T13:08:35+00:00","og_image":[{"width":700,"height":416,"url":"https:\/\/www.bestsider.eu\/wp-content\/uploads\/2021\/03\/privacy-combi-2021-1.jpg","type":"image\/jpeg"}],"twitter_card":"summary_large_image","twitter_misc":{"\u041f\u0440\u043e\u0446\u0435\u045a\u0435\u043d\u043e \u0432\u0440\u0435\u043c\u0435 \u0447\u0438\u0442\u0430\u045a\u0430":"7 \u043c\u0438\u043d\u0443\u0442\u0430"},"schema":{"@context":"https:\/\/schema.org","@graph":[{"@type":"WebPage","@id":"https:\/\/www.bestsider.eu\/sr\/prodotto\/mobilni-sistem-semi-opaque-combi\/","url":"https:\/\/www.bestsider.eu\/sr\/prodotto\/mobilni-sistem-semi-opaque-combi\/","name":"MOBILNI SISTEM \u201cSEMI-OPAQUE COMBI\u201d - Bestsider","isPartOf":{"@id":"https:\/\/www.bestsider.eu\/#website"},"datePublished":"2021-03-09T15:20:32+00:00","dateModified":"2021-05-06T13:08:35+00:00","breadcrumb":{"@id":"https:\/\/www.bestsider.eu\/sr\/prodotto\/mobilni-sistem-semi-opaque-combi\/#breadcrumb"},"inLanguage":"sr-RS","potentialAction":[{"@type":"ReadAction","target":["https:\/\/www.bestsider.eu\/sr\/prodotto\/mobilni-sistem-semi-opaque-combi\/"]}]},{"@type":"BreadcrumbList","@id":"https:\/\/www.bestsider.eu\/sr\/prodotto\/mobilni-sistem-semi-opaque-combi\/#breadcrumb","itemListElement":[{"@type":"ListItem","position":1,"name":"Home","item":"https:\/\/www.bestsider.eu\/sr\/"},{"@type":"ListItem","position":2,"name":"Area Riservata","item":"https:\/\/www.bestsider.eu\/area-riservata\/"},{"@type":"ListItem","position":3,"name":"MOBILNI SISTEM \u201cSEMI-OPAQUE COMBI\u201d"}]},{"@type":"WebSite","@id":"https:\/\/www.bestsider.eu\/#website","url":"https:\/\/www.bestsider.eu\/","name":"Bestsider","description":"","publisher":{"@id":"https:\/\/www.bestsider.eu\/#organization"},"potentialAction":[{"@type":"SearchAction","target":{"@type":"EntryPoint","urlTemplate":"https:\/\/www.bestsider.eu\/?s={search_term_string}"},"query-input":"required name=search_term_string"}],"inLanguage":"sr-RS"},{"@type":"Organization","@id":"https:\/\/www.bestsider.eu\/#organization","name":"BESTSIDER s.r.l. unipersonale","url":"https:\/\/www.bestsider.eu\/","logo":{"@type":"ImageObject","inLanguage":"sr-RS","@id":"https:\/\/www.bestsider.eu\/#\/schema\/logo\/image\/","url":"https:\/\/www.bestsider.eu\/wp-content\/uploads\/2021\/03\/logo-2021.png","contentUrl":"https:\/\/www.bestsider.eu\/wp-content\/uploads\/2021\/03\/logo-2021.png","width":141,"height":65,"caption":"BESTSIDER s.r.l. unipersonale"},"image":{"@id":"https:\/\/www.bestsider.eu\/#\/schema\/logo\/image\/"}}]}},"_links":{"self":[{"href":"https:\/\/www.bestsider.eu\/sr\/wp-json\/wp\/v2\/product\/8586","targetHints":{"allow":["GET"]}}],"collection":[{"href":"https:\/\/www.bestsider.eu\/sr\/wp-json\/wp\/v2\/product"}],"about":[{"href":"https:\/\/www.bestsider.eu\/sr\/wp-json\/wp\/v2\/types\/product"}],"wp:featuredmedia":[{"embeddable":true,"href":"https:\/\/www.bestsider.eu\/sr\/wp-json\/wp\/v2\/media\/8590"}],"wp:attachment":[{"href":"https:\/\/www.bestsider.eu\/sr\/wp-json\/wp\/v2\/media?parent=8586"}],"wp:term":[{"taxonomy":"product_cat","embeddable":true,"href":"https:\/\/www.bestsider.eu\/sr\/wp-json\/wp\/v2\/product_cat?post=8586"},{"taxonomy":"product_tag","embeddable":true,"href":"https:\/\/www.bestsider.eu\/sr\/wp-json\/wp\/v2\/product_tag?post=8586"}],"curies":[{"name":"wp","href":"https:\/\/api.w.org\/{rel}","templated":true}]}}