{"id":8284,"date":"2021-03-10T09:32:58","date_gmt":"2021-03-10T09:32:58","guid":{"rendered":"https:\/\/www.bestsider.eu\/product\/base-in-calcestruzzo-armato\/"},"modified":"2021-05-04T12:28:13","modified_gmt":"2021-05-04T12:28:13","slug":"betonske-osnove-stope","status":"publish","type":"product","link":"https:\/\/www.bestsider.eu\/sr\/prodotto\/betonske-osnove-stope\/","title":{"rendered":"BETONSKE OSNOVE\u2013STOPE"},"content":{"rendered":"<div class=\"fusion-fullwidth fullwidth-box fusion-builder-row-1 fusion-flex-container nonhundred-percent-fullwidth non-hundred-percent-height-scrolling\" style=\"--awb-border-radius-top-left:0px;--awb-border-radius-top-right:0px;--awb-border-radius-bottom-right:0px;--awb-border-radius-bottom-left:0px;--awb-padding-right:0px;--awb-padding-left:0px;--awb-margin-top:0px;\" ><div class=\"fusion-builder-row fusion-row fusion-flex-align-items-flex-start\" style=\"max-width:1456px;margin-left: calc(-4% \/ 2 );margin-right: calc(-4% \/ 2 );\"><div class=\"fusion-layout-column fusion_builder_column fusion-builder-column-0 fusion_builder_column_1_1 1_1 fusion-flex-column\" style=\"--awb-bg-size:cover;--awb-width-large:100%;--awb-margin-top-large:0px;--awb-spacing-right-large:1.92%;--awb-margin-bottom-large:10px;--awb-spacing-left-large:1.92%;--awb-width-medium:100%;--awb-order-medium:0;--awb-spacing-right-medium:1.92%;--awb-spacing-left-medium:1.92%;--awb-width-small:100%;--awb-order-small:0;--awb-spacing-right-small:1.92%;--awb-spacing-left-small:1.92%;\"><div class=\"fusion-column-wrapper fusion-column-has-shadow fusion-flex-justify-content-flex-start fusion-content-layout-column\"><div class=\"fusion-title title fusion-title-1 fusion-sep-none fusion-title-text fusion-title-size-three\" style=\"--awb-margin-top:0px;--awb-margin-bottom:0px;\"><h3 class=\"title-heading-left fusion-responsive-typography-calculated\" style=\"margin:0;--fontSize:32;line-height:1.3;\">BETONSKE OSNOVE\u2013STOPE<\/h3><\/div><\/div><\/div><div class=\"fusion-layout-column fusion_builder_column fusion-builder-column-1 fusion_builder_column_1_1 1_1 fusion-flex-column\" style=\"--awb-bg-size:cover;--awb-width-large:100%;--awb-margin-top-large:0px;--awb-spacing-right-large:1.92%;--awb-margin-bottom-large:20px;--awb-spacing-left-large:1.92%;--awb-width-medium:100%;--awb-order-medium:0;--awb-spacing-right-medium:1.92%;--awb-spacing-left-medium:1.92%;--awb-width-small:100%;--awb-order-small:0;--awb-spacing-right-small:1.92%;--awb-spacing-left-small:1.92%;\"><div class=\"fusion-column-wrapper fusion-column-has-shadow fusion-flex-justify-content-flex-start fusion-content-layout-column\"><div class=\"fusion-text fusion-text-1\"><p>Najrasprostranjeniji dr\u017ea\u010di za pru\u017eanje potpore ogradi. Realizovani su od armiranog betona s odgovaraju\u0107om \u010deli\u010dnom \u017eicom koja bolje prianja.<\/p>\n<\/div><div class=\"fusion-separator fusion-full-width-sep\" style=\"align-self: center;margin-left: auto;margin-right: auto;margin-top:20px;width:100%;\"><\/div>\n<div class=\"table-1\">\n<table width=\"100%\">\n<thead>\n<tr>\n<th class=\"tab-intestazione\" align=\"left\"><strong>Art. 015<\/strong><\/th>\n<th class=\"tab-intestazione\" align=\"left\">\n<p>BETONSKE OSNOVE\u2013STOPE<\/p>\n<\/th>\n<\/tr>\n<\/thead>\n<tbody>\n<tr>\n<td class=\"tab-01\" align=\"left\">Materijali<\/td>\n<td class=\"tab-01A\" align=\"left\">Izra\u0111ene od oja\u010danog betona<\/td>\n<\/tr>\n<tr>\n<td class=\"tab-01\" align=\"left\">Te\u017eina<\/td>\n<td class=\"tab-01B\" align=\"left\">~23.00 kg<\/td>\n<\/tr>\n<tr>\n<td class=\"tab-01\" align=\"left\">Komada<\/td>\n<td class=\"tab-01A\" align=\"left\">40<\/td>\n<\/tr>\n<\/tbody>\n<\/table>\n<\/div>\n<\/div><\/div><\/div><\/div>\n","protected":false},"excerpt":{"rendered":"","protected":false},"featured_media":8282,"template":"","meta":[],"product_cat":[381],"product_tag":[],"class_list":["post-8284","product","type-product","status-publish","has-post-thumbnail","hentry","product_cat-postolja-i-ploce"],"yoast_head":"<!-- This site is optimized with the Yoast SEO plugin v20.4 - https:\/\/yoast.com\/wordpress\/plugins\/seo\/ -->\n<title>BETONSKE OSNOVE\u2013STOPE - Bestsider<\/title>\n<meta name=\"robots\" content=\"index, follow, max-snippet:-1, max-image-preview:large, max-video-preview:-1\" \/>\n<link rel=\"canonical\" href=\"https:\/\/www.bestsider.eu\/sr\/prodotto\/betonske-osnove-stope\/\" \/>\n<meta property=\"og:locale\" content=\"sr_RS\" \/>\n<meta property=\"og:type\" content=\"article\" \/>\n<meta property=\"og:title\" content=\"BETONSKE OSNOVE\u2013STOPE - Bestsider\" \/>\n<meta property=\"og:url\" content=\"https:\/\/www.bestsider.eu\/sr\/prodotto\/betonske-osnove-stope\/\" \/>\n<meta property=\"og:site_name\" content=\"Bestsider\" \/>\n<meta property=\"article:modified_time\" content=\"2021-05-04T12:28:13+00:00\" \/>\n<meta property=\"og:image\" content=\"https:\/\/www.bestsider.eu\/wp-content\/uploads\/2021\/03\/base-cls-2021.jpg\" \/>\n\t<meta property=\"og:image:width\" content=\"700\" \/>\n\t<meta property=\"og:image:height\" content=\"416\" \/>\n\t<meta property=\"og:image:type\" content=\"image\/jpeg\" \/>\n<meta name=\"twitter:card\" content=\"summary_large_image\" \/>\n<meta name=\"twitter:label1\" content=\"\u041f\u0440\u043e\u0446\u0435\u045a\u0435\u043d\u043e \u0432\u0440\u0435\u043c\u0435 \u0447\u0438\u0442\u0430\u045a\u0430\" \/>\n\t<meta name=\"twitter:data1\" content=\"6 \u043c\u0438\u043d\u0443\u0442\u0430\" \/>\n<script type=\"application\/ld+json\" class=\"yoast-schema-graph\">{\"@context\":\"https:\/\/schema.org\",\"@graph\":[{\"@type\":\"WebPage\",\"@id\":\"https:\/\/www.bestsider.eu\/sr\/prodotto\/betonske-osnove-stope\/\",\"url\":\"https:\/\/www.bestsider.eu\/sr\/prodotto\/betonske-osnove-stope\/\",\"name\":\"BETONSKE OSNOVE\u2013STOPE - Bestsider\",\"isPartOf\":{\"@id\":\"https:\/\/www.bestsider.eu\/#website\"},\"datePublished\":\"2021-03-10T09:32:58+00:00\",\"dateModified\":\"2021-05-04T12:28:13+00:00\",\"breadcrumb\":{\"@id\":\"https:\/\/www.bestsider.eu\/sr\/prodotto\/betonske-osnove-stope\/#breadcrumb\"},\"inLanguage\":\"sr-RS\",\"potentialAction\":[{\"@type\":\"ReadAction\",\"target\":[\"https:\/\/www.bestsider.eu\/sr\/prodotto\/betonske-osnove-stope\/\"]}]},{\"@type\":\"BreadcrumbList\",\"@id\":\"https:\/\/www.bestsider.eu\/sr\/prodotto\/betonske-osnove-stope\/#breadcrumb\",\"itemListElement\":[{\"@type\":\"ListItem\",\"position\":1,\"name\":\"Home\",\"item\":\"https:\/\/www.bestsider.eu\/sr\/\"},{\"@type\":\"ListItem\",\"position\":2,\"name\":\"Area Riservata\",\"item\":\"https:\/\/www.bestsider.eu\/area-riservata\/\"},{\"@type\":\"ListItem\",\"position\":3,\"name\":\"BETONSKE OSNOVE\u2013STOPE\"}]},{\"@type\":\"WebSite\",\"@id\":\"https:\/\/www.bestsider.eu\/#website\",\"url\":\"https:\/\/www.bestsider.eu\/\",\"name\":\"Bestsider\",\"description\":\"\",\"publisher\":{\"@id\":\"https:\/\/www.bestsider.eu\/#organization\"},\"potentialAction\":[{\"@type\":\"SearchAction\",\"target\":{\"@type\":\"EntryPoint\",\"urlTemplate\":\"https:\/\/www.bestsider.eu\/?s={search_term_string}\"},\"query-input\":\"required name=search_term_string\"}],\"inLanguage\":\"sr-RS\"},{\"@type\":\"Organization\",\"@id\":\"https:\/\/www.bestsider.eu\/#organization\",\"name\":\"BESTSIDER s.r.l. unipersonale\",\"url\":\"https:\/\/www.bestsider.eu\/\",\"logo\":{\"@type\":\"ImageObject\",\"inLanguage\":\"sr-RS\",\"@id\":\"https:\/\/www.bestsider.eu\/#\/schema\/logo\/image\/\",\"url\":\"https:\/\/www.bestsider.eu\/wp-content\/uploads\/2021\/03\/logo-2021.png\",\"contentUrl\":\"https:\/\/www.bestsider.eu\/wp-content\/uploads\/2021\/03\/logo-2021.png\",\"width\":141,\"height\":65,\"caption\":\"BESTSIDER s.r.l. unipersonale\"},\"image\":{\"@id\":\"https:\/\/www.bestsider.eu\/#\/schema\/logo\/image\/\"}}]}<\/script>\n<!-- \/ Yoast SEO plugin. -->","yoast_head_json":{"title":"BETONSKE OSNOVE\u2013STOPE - Bestsider","robots":{"index":"index","follow":"follow","max-snippet":"max-snippet:-1","max-image-preview":"max-image-preview:large","max-video-preview":"max-video-preview:-1"},"canonical":"https:\/\/www.bestsider.eu\/sr\/prodotto\/betonske-osnove-stope\/","og_locale":"sr_RS","og_type":"article","og_title":"BETONSKE OSNOVE\u2013STOPE - Bestsider","og_url":"https:\/\/www.bestsider.eu\/sr\/prodotto\/betonske-osnove-stope\/","og_site_name":"Bestsider","article_modified_time":"2021-05-04T12:28:13+00:00","og_image":[{"width":700,"height":416,"url":"https:\/\/www.bestsider.eu\/wp-content\/uploads\/2021\/03\/base-cls-2021.jpg","type":"image\/jpeg"}],"twitter_card":"summary_large_image","twitter_misc":{"\u041f\u0440\u043e\u0446\u0435\u045a\u0435\u043d\u043e \u0432\u0440\u0435\u043c\u0435 \u0447\u0438\u0442\u0430\u045a\u0430":"6 \u043c\u0438\u043d\u0443\u0442\u0430"},"schema":{"@context":"https:\/\/schema.org","@graph":[{"@type":"WebPage","@id":"https:\/\/www.bestsider.eu\/sr\/prodotto\/betonske-osnove-stope\/","url":"https:\/\/www.bestsider.eu\/sr\/prodotto\/betonske-osnove-stope\/","name":"BETONSKE OSNOVE\u2013STOPE - Bestsider","isPartOf":{"@id":"https:\/\/www.bestsider.eu\/#website"},"datePublished":"2021-03-10T09:32:58+00:00","dateModified":"2021-05-04T12:28:13+00:00","breadcrumb":{"@id":"https:\/\/www.bestsider.eu\/sr\/prodotto\/betonske-osnove-stope\/#breadcrumb"},"inLanguage":"sr-RS","potentialAction":[{"@type":"ReadAction","target":["https:\/\/www.bestsider.eu\/sr\/prodotto\/betonske-osnove-stope\/"]}]},{"@type":"BreadcrumbList","@id":"https:\/\/www.bestsider.eu\/sr\/prodotto\/betonske-osnove-stope\/#breadcrumb","itemListElement":[{"@type":"ListItem","position":1,"name":"Home","item":"https:\/\/www.bestsider.eu\/sr\/"},{"@type":"ListItem","position":2,"name":"Area Riservata","item":"https:\/\/www.bestsider.eu\/area-riservata\/"},{"@type":"ListItem","position":3,"name":"BETONSKE OSNOVE\u2013STOPE"}]},{"@type":"WebSite","@id":"https:\/\/www.bestsider.eu\/#website","url":"https:\/\/www.bestsider.eu\/","name":"Bestsider","description":"","publisher":{"@id":"https:\/\/www.bestsider.eu\/#organization"},"potentialAction":[{"@type":"SearchAction","target":{"@type":"EntryPoint","urlTemplate":"https:\/\/www.bestsider.eu\/?s={search_term_string}"},"query-input":"required name=search_term_string"}],"inLanguage":"sr-RS"},{"@type":"Organization","@id":"https:\/\/www.bestsider.eu\/#organization","name":"BESTSIDER s.r.l. unipersonale","url":"https:\/\/www.bestsider.eu\/","logo":{"@type":"ImageObject","inLanguage":"sr-RS","@id":"https:\/\/www.bestsider.eu\/#\/schema\/logo\/image\/","url":"https:\/\/www.bestsider.eu\/wp-content\/uploads\/2021\/03\/logo-2021.png","contentUrl":"https:\/\/www.bestsider.eu\/wp-content\/uploads\/2021\/03\/logo-2021.png","width":141,"height":65,"caption":"BESTSIDER s.r.l. unipersonale"},"image":{"@id":"https:\/\/www.bestsider.eu\/#\/schema\/logo\/image\/"}}]}},"_links":{"self":[{"href":"https:\/\/www.bestsider.eu\/sr\/wp-json\/wp\/v2\/product\/8284","targetHints":{"allow":["GET"]}}],"collection":[{"href":"https:\/\/www.bestsider.eu\/sr\/wp-json\/wp\/v2\/product"}],"about":[{"href":"https:\/\/www.bestsider.eu\/sr\/wp-json\/wp\/v2\/types\/product"}],"wp:featuredmedia":[{"embeddable":true,"href":"https:\/\/www.bestsider.eu\/sr\/wp-json\/wp\/v2\/media\/8282"}],"wp:attachment":[{"href":"https:\/\/www.bestsider.eu\/sr\/wp-json\/wp\/v2\/media?parent=8284"}],"wp:term":[{"taxonomy":"product_cat","embeddable":true,"href":"https:\/\/www.bestsider.eu\/sr\/wp-json\/wp\/v2\/product_cat?post=8284"},{"taxonomy":"product_tag","embeddable":true,"href":"https:\/\/www.bestsider.eu\/sr\/wp-json\/wp\/v2\/product_tag?post=8284"}],"curies":[{"name":"wp","href":"https:\/\/api.w.org\/{rel}","templated":true}]}}