{"id":5792,"date":"2021-03-09T14:25:41","date_gmt":"2021-03-09T14:25:41","guid":{"rendered":"https:\/\/www.bestsider.eu\/product\/pannello-con-porta-integrata\/"},"modified":"2021-04-27T16:05:24","modified_gmt":"2021-04-27T16:05:24","slug":"panneau-avec-portail-integre","status":"publish","type":"product","link":"https:\/\/www.bestsider.eu\/fr\/prodotto\/panneau-avec-portail-integre\/","title":{"rendered":"Panneau avec Portail Int\u00e9gr\u00e9"},"content":{"rendered":"<div class=\"fusion-fullwidth fullwidth-box fusion-builder-row-1 fusion-flex-container nonhundred-percent-fullwidth non-hundred-percent-height-scrolling\" style=\"--awb-border-radius-top-left:0px;--awb-border-radius-top-right:0px;--awb-border-radius-bottom-right:0px;--awb-border-radius-bottom-left:0px;--awb-padding-right:0px;--awb-padding-left:0px;--awb-margin-top:0px;\" ><div class=\"fusion-builder-row fusion-row fusion-flex-align-items-flex-start\" style=\"max-width:1456px;margin-left: calc(-4% \/ 2 );margin-right: calc(-4% \/ 2 );\"><div class=\"fusion-layout-column fusion_builder_column fusion-builder-column-0 fusion_builder_column_1_1 1_1 fusion-flex-column\" style=\"--awb-bg-size:cover;--awb-width-large:100%;--awb-margin-top-large:0px;--awb-spacing-right-large:1.92%;--awb-margin-bottom-large:10px;--awb-spacing-left-large:1.92%;--awb-width-medium:100%;--awb-order-medium:0;--awb-spacing-right-medium:1.92%;--awb-spacing-left-medium:1.92%;--awb-width-small:100%;--awb-order-small:0;--awb-spacing-right-small:1.92%;--awb-spacing-left-small:1.92%;\"><div class=\"fusion-column-wrapper fusion-column-has-shadow fusion-flex-justify-content-flex-start fusion-content-layout-column\"><div class=\"fusion-title title fusion-title-1 fusion-sep-none fusion-title-text fusion-title-size-three\" style=\"--awb-margin-top:0px;--awb-margin-bottom:0px;\"><h3 class=\"title-heading-left fusion-responsive-typography-calculated\" style=\"margin:0;--fontSize:32;line-height:1.3;\">Panneau avec Portail Int\u00e9gr\u00e9<\/h3><\/div><\/div><\/div><div class=\"fusion-layout-column fusion_builder_column fusion-builder-column-1 fusion_builder_column_1_1 1_1 fusion-flex-column\" style=\"--awb-bg-size:cover;--awb-width-large:100%;--awb-margin-top-large:0px;--awb-spacing-right-large:1.92%;--awb-margin-bottom-large:20px;--awb-spacing-left-large:1.92%;--awb-width-medium:100%;--awb-order-medium:0;--awb-spacing-right-medium:1.92%;--awb-spacing-left-medium:1.92%;--awb-width-small:100%;--awb-order-small:0;--awb-spacing-right-small:1.92%;--awb-spacing-left-small:1.92%;\"><div class=\"fusion-column-wrapper fusion-column-has-shadow fusion-flex-justify-content-flex-start fusion-content-layout-column\"><div class=\"fusion-text fusion-text-1\"><p>Le syst\u00e8me le plus pratique et imm\u00e9diat pour acc\u00e9der \u00e0 l\u2019aire de chantier. un portillon pour les pi\u00e9tons de 1000&#215;2000 mm est plac\u00e9 dans le<br \/>\npanneau de 3530&#215;2000 mm dans les diff\u00e9rents mod\u00e8les.<\/p>\n<p><strong>Nous produisons des portails et des panneaux de liaison ayant des caract\u00e9ristiques techniques conformes \u00e0 chaque mod\u00e8le de cl\u00f4ture.<\/strong><\/p>\n<\/div><div class=\"fusion-separator fusion-full-width-sep\" style=\"align-self: center;margin-left: auto;margin-right: auto;margin-top:20px;width:100%;\"><\/div><\/div><\/div><\/div><\/div>\n","protected":false},"excerpt":{"rendered":"","protected":false},"featured_media":5793,"template":"","meta":[],"product_cat":[216],"product_tag":[],"class_list":["post-5792","product","type-product","status-publish","has-post-thumbnail","hentry","product_cat-clotures-chantier-acces"],"yoast_head":"<!-- This site is optimized with the Yoast SEO plugin v20.4 - https:\/\/yoast.com\/wordpress\/plugins\/seo\/ -->\n<title>Panneau avec Portail Int\u00e9gr\u00e9 - Bestsider<\/title>\n<meta name=\"robots\" content=\"index, follow, max-snippet:-1, max-image-preview:large, max-video-preview:-1\" \/>\n<link rel=\"canonical\" href=\"https:\/\/www.bestsider.eu\/fr\/prodotto\/panneau-avec-portail-integre\/\" \/>\n<meta property=\"og:locale\" content=\"fr_FR\" \/>\n<meta property=\"og:type\" content=\"article\" \/>\n<meta property=\"og:title\" content=\"Panneau avec Portail Int\u00e9gr\u00e9 - Bestsider\" \/>\n<meta property=\"og:url\" content=\"https:\/\/www.bestsider.eu\/fr\/prodotto\/panneau-avec-portail-integre\/\" \/>\n<meta property=\"og:site_name\" content=\"Bestsider\" \/>\n<meta property=\"article:modified_time\" content=\"2021-04-27T16:05:24+00:00\" \/>\n<meta property=\"og:image\" content=\"https:\/\/www.bestsider.eu\/wp-content\/uploads\/2021\/03\/1-pannello-porta-integrata-700x416-1.jpg\" \/>\n\t<meta property=\"og:image:width\" content=\"700\" \/>\n\t<meta property=\"og:image:height\" content=\"416\" \/>\n\t<meta property=\"og:image:type\" content=\"image\/jpeg\" \/>\n<meta name=\"twitter:card\" content=\"summary_large_image\" \/>\n<meta name=\"twitter:label1\" content=\"Dur\u00e9e de lecture estim\u00e9e\" \/>\n\t<meta name=\"twitter:data1\" content=\"6 minutes\" \/>\n<script type=\"application\/ld+json\" class=\"yoast-schema-graph\">{\"@context\":\"https:\/\/schema.org\",\"@graph\":[{\"@type\":\"WebPage\",\"@id\":\"https:\/\/www.bestsider.eu\/fr\/prodotto\/panneau-avec-portail-integre\/\",\"url\":\"https:\/\/www.bestsider.eu\/fr\/prodotto\/panneau-avec-portail-integre\/\",\"name\":\"Panneau avec Portail Int\u00e9gr\u00e9 - Bestsider\",\"isPartOf\":{\"@id\":\"https:\/\/www.bestsider.eu\/#website\"},\"datePublished\":\"2021-03-09T14:25:41+00:00\",\"dateModified\":\"2021-04-27T16:05:24+00:00\",\"breadcrumb\":{\"@id\":\"https:\/\/www.bestsider.eu\/fr\/prodotto\/panneau-avec-portail-integre\/#breadcrumb\"},\"inLanguage\":\"fr-FR\",\"potentialAction\":[{\"@type\":\"ReadAction\",\"target\":[\"https:\/\/www.bestsider.eu\/fr\/prodotto\/panneau-avec-portail-integre\/\"]}]},{\"@type\":\"BreadcrumbList\",\"@id\":\"https:\/\/www.bestsider.eu\/fr\/prodotto\/panneau-avec-portail-integre\/#breadcrumb\",\"itemListElement\":[{\"@type\":\"ListItem\",\"position\":1,\"name\":\"Home\",\"item\":\"https:\/\/www.bestsider.eu\/fr\/\"},{\"@type\":\"ListItem\",\"position\":2,\"name\":\"Area Riservata\",\"item\":\"https:\/\/www.bestsider.eu\/area-riservata\/\"},{\"@type\":\"ListItem\",\"position\":3,\"name\":\"Panneau avec Portail Int\u00e9gr\u00e9\"}]},{\"@type\":\"WebSite\",\"@id\":\"https:\/\/www.bestsider.eu\/#website\",\"url\":\"https:\/\/www.bestsider.eu\/\",\"name\":\"Bestsider\",\"description\":\"\",\"publisher\":{\"@id\":\"https:\/\/www.bestsider.eu\/#organization\"},\"potentialAction\":[{\"@type\":\"SearchAction\",\"target\":{\"@type\":\"EntryPoint\",\"urlTemplate\":\"https:\/\/www.bestsider.eu\/?s={search_term_string}\"},\"query-input\":\"required name=search_term_string\"}],\"inLanguage\":\"fr-FR\"},{\"@type\":\"Organization\",\"@id\":\"https:\/\/www.bestsider.eu\/#organization\",\"name\":\"BESTSIDER s.r.l. unipersonale\",\"url\":\"https:\/\/www.bestsider.eu\/\",\"logo\":{\"@type\":\"ImageObject\",\"inLanguage\":\"fr-FR\",\"@id\":\"https:\/\/www.bestsider.eu\/#\/schema\/logo\/image\/\",\"url\":\"https:\/\/www.bestsider.eu\/wp-content\/uploads\/2021\/03\/logo-2021.png\",\"contentUrl\":\"https:\/\/www.bestsider.eu\/wp-content\/uploads\/2021\/03\/logo-2021.png\",\"width\":141,\"height\":65,\"caption\":\"BESTSIDER s.r.l. unipersonale\"},\"image\":{\"@id\":\"https:\/\/www.bestsider.eu\/#\/schema\/logo\/image\/\"}}]}<\/script>\n<!-- \/ Yoast SEO plugin. -->","yoast_head_json":{"title":"Panneau avec Portail Int\u00e9gr\u00e9 - Bestsider","robots":{"index":"index","follow":"follow","max-snippet":"max-snippet:-1","max-image-preview":"max-image-preview:large","max-video-preview":"max-video-preview:-1"},"canonical":"https:\/\/www.bestsider.eu\/fr\/prodotto\/panneau-avec-portail-integre\/","og_locale":"fr_FR","og_type":"article","og_title":"Panneau avec Portail Int\u00e9gr\u00e9 - Bestsider","og_url":"https:\/\/www.bestsider.eu\/fr\/prodotto\/panneau-avec-portail-integre\/","og_site_name":"Bestsider","article_modified_time":"2021-04-27T16:05:24+00:00","og_image":[{"width":700,"height":416,"url":"https:\/\/www.bestsider.eu\/wp-content\/uploads\/2021\/03\/1-pannello-porta-integrata-700x416-1.jpg","type":"image\/jpeg"}],"twitter_card":"summary_large_image","twitter_misc":{"Dur\u00e9e de lecture estim\u00e9e":"6 minutes"},"schema":{"@context":"https:\/\/schema.org","@graph":[{"@type":"WebPage","@id":"https:\/\/www.bestsider.eu\/fr\/prodotto\/panneau-avec-portail-integre\/","url":"https:\/\/www.bestsider.eu\/fr\/prodotto\/panneau-avec-portail-integre\/","name":"Panneau avec Portail Int\u00e9gr\u00e9 - Bestsider","isPartOf":{"@id":"https:\/\/www.bestsider.eu\/#website"},"datePublished":"2021-03-09T14:25:41+00:00","dateModified":"2021-04-27T16:05:24+00:00","breadcrumb":{"@id":"https:\/\/www.bestsider.eu\/fr\/prodotto\/panneau-avec-portail-integre\/#breadcrumb"},"inLanguage":"fr-FR","potentialAction":[{"@type":"ReadAction","target":["https:\/\/www.bestsider.eu\/fr\/prodotto\/panneau-avec-portail-integre\/"]}]},{"@type":"BreadcrumbList","@id":"https:\/\/www.bestsider.eu\/fr\/prodotto\/panneau-avec-portail-integre\/#breadcrumb","itemListElement":[{"@type":"ListItem","position":1,"name":"Home","item":"https:\/\/www.bestsider.eu\/fr\/"},{"@type":"ListItem","position":2,"name":"Area Riservata","item":"https:\/\/www.bestsider.eu\/area-riservata\/"},{"@type":"ListItem","position":3,"name":"Panneau avec Portail Int\u00e9gr\u00e9"}]},{"@type":"WebSite","@id":"https:\/\/www.bestsider.eu\/#website","url":"https:\/\/www.bestsider.eu\/","name":"Bestsider","description":"","publisher":{"@id":"https:\/\/www.bestsider.eu\/#organization"},"potentialAction":[{"@type":"SearchAction","target":{"@type":"EntryPoint","urlTemplate":"https:\/\/www.bestsider.eu\/?s={search_term_string}"},"query-input":"required name=search_term_string"}],"inLanguage":"fr-FR"},{"@type":"Organization","@id":"https:\/\/www.bestsider.eu\/#organization","name":"BESTSIDER s.r.l. unipersonale","url":"https:\/\/www.bestsider.eu\/","logo":{"@type":"ImageObject","inLanguage":"fr-FR","@id":"https:\/\/www.bestsider.eu\/#\/schema\/logo\/image\/","url":"https:\/\/www.bestsider.eu\/wp-content\/uploads\/2021\/03\/logo-2021.png","contentUrl":"https:\/\/www.bestsider.eu\/wp-content\/uploads\/2021\/03\/logo-2021.png","width":141,"height":65,"caption":"BESTSIDER s.r.l. unipersonale"},"image":{"@id":"https:\/\/www.bestsider.eu\/#\/schema\/logo\/image\/"}}]}},"_links":{"self":[{"href":"https:\/\/www.bestsider.eu\/fr\/wp-json\/wp\/v2\/product\/5792","targetHints":{"allow":["GET"]}}],"collection":[{"href":"https:\/\/www.bestsider.eu\/fr\/wp-json\/wp\/v2\/product"}],"about":[{"href":"https:\/\/www.bestsider.eu\/fr\/wp-json\/wp\/v2\/types\/product"}],"wp:featuredmedia":[{"embeddable":true,"href":"https:\/\/www.bestsider.eu\/fr\/wp-json\/wp\/v2\/media\/5793"}],"wp:attachment":[{"href":"https:\/\/www.bestsider.eu\/fr\/wp-json\/wp\/v2\/media?parent=5792"}],"wp:term":[{"taxonomy":"product_cat","embeddable":true,"href":"https:\/\/www.bestsider.eu\/fr\/wp-json\/wp\/v2\/product_cat?post=5792"},{"taxonomy":"product_tag","embeddable":true,"href":"https:\/\/www.bestsider.eu\/fr\/wp-json\/wp\/v2\/product_tag?post=5792"}],"curies":[{"name":"wp","href":"https:\/\/api.w.org\/{rel}","templated":true}]}}