{"id":5543,"date":"2021-03-10T13:01:42","date_gmt":"2021-03-10T13:01:42","guid":{"rendered":"https:\/\/www.bestsider.eu\/product\/sistema-grandi-lavori\/"},"modified":"2021-04-27T13:36:59","modified_gmt":"2021-04-27T13:36:59","slug":"systeme-grand-travaux","status":"publish","type":"product","link":"https:\/\/www.bestsider.eu\/fr\/prodotto\/systeme-grand-travaux\/","title":{"rendered":"Syst\u00e8me Grand Travaux"},"content":{"rendered":"<div class=\"fusion-fullwidth fullwidth-box fusion-builder-row-1 fusion-flex-container nonhundred-percent-fullwidth non-hundred-percent-height-scrolling\" style=\"--awb-border-radius-top-left:0px;--awb-border-radius-top-right:0px;--awb-border-radius-bottom-right:0px;--awb-border-radius-bottom-left:0px;--awb-padding-right:0px;--awb-padding-left:0px;--awb-margin-top:0px;\" ><div class=\"fusion-builder-row fusion-row fusion-flex-align-items-flex-start\" style=\"max-width:1456px;margin-left: calc(-4% \/ 2 );margin-right: calc(-4% \/ 2 );\"><div class=\"fusion-layout-column fusion_builder_column fusion-builder-column-0 fusion_builder_column_1_1 1_1 fusion-flex-column\" style=\"--awb-bg-size:cover;--awb-width-large:100%;--awb-margin-top-large:0px;--awb-spacing-right-large:1.92%;--awb-margin-bottom-large:10px;--awb-spacing-left-large:1.92%;--awb-width-medium:100%;--awb-order-medium:0;--awb-spacing-right-medium:1.92%;--awb-spacing-left-medium:1.92%;--awb-width-small:100%;--awb-order-small:0;--awb-spacing-right-small:1.92%;--awb-spacing-left-small:1.92%;\"><div class=\"fusion-column-wrapper fusion-column-has-shadow fusion-flex-justify-content-flex-start fusion-content-layout-column\"><div class=\"fusion-title title fusion-title-1 fusion-sep-none fusion-title-text fusion-title-size-three\" style=\"--awb-margin-top:0px;--awb-margin-bottom:0px;\"><h3 class=\"title-heading-left fusion-responsive-typography-calculated\" style=\"margin:0;--fontSize:32;line-height:1.3;\">Syst\u00e8me Grand Travaux<\/h3><\/div><div class=\"fusion-text fusion-text-1\"><p>Notre Syst\u00e8me GRANDS TRAVAUX est utilis\u00e9 dans les aires m\u00e9tropolitaines ou sur les chantiers sp\u00e9cialis\u00e9s. La structure \u00e0 haute r\u00e9sistance garantit la protection de l\u2019aire de travail et une mise en s\u00e9curit\u00e9 excellente du chantier. Disponible en t\u00f4le galvanis\u00e9e ou en t\u00f4le galvanis\u00e9e et laqu\u00e9e.<br \/>\n<strong>r\u00e9alisation de structures allant jusqu\u2019\u00e0 3700 m de haut.<\/strong><\/p>\n<\/div><\/div><\/div><div class=\"fusion-layout-column fusion_builder_column fusion-builder-column-1 fusion_builder_column_1_1 1_1 fusion-flex-column\" style=\"--awb-bg-size:cover;--awb-width-large:100%;--awb-margin-top-large:0px;--awb-spacing-right-large:1.92%;--awb-margin-bottom-large:20px;--awb-spacing-left-large:1.92%;--awb-width-medium:100%;--awb-order-medium:0;--awb-spacing-right-medium:1.92%;--awb-spacing-left-medium:1.92%;--awb-width-small:100%;--awb-order-small:0;--awb-spacing-right-small:1.92%;--awb-spacing-left-small:1.92%;\"><div class=\"fusion-column-wrapper fusion-column-has-shadow fusion-flex-justify-content-flex-start fusion-content-layout-column\">\n<div class=\"table-1\">\n<table width=\"100%\">\n<thead>\n<tr>\n<th class=\"tab-intestazione\" align=\"left\"><strong>Art. 2511000<\/strong><\/th>\n<th class=\"tab-intestazione\" align=\"left\">SYST\u00c8ME GRANDS TRAVAUX<\/th>\n<\/tr>\n<\/thead>\n<tbody>\n<tr>\n<td class=\"tab-01\" align=\"left\">Dimensions panneau<\/td>\n<td class=\"tab-01A\" align=\"left\">2000 \u00d7 1750 mm<\/td>\n<\/tr>\n<tr>\n<td class=\"tab-01\" align=\"left\">Montant<\/td>\n<td class=\"tab-01B\" align=\"left\">Haute r\u00e9sistance Double C \u2013 20x40x80 mm &#8211; \u00e9p. 30\/10 mm<\/td>\n<\/tr>\n<tr>\n<td class=\"tab-01\" align=\"left\">Patte<\/td>\n<td class=\"tab-01A\" align=\"left\">Fixation \u00e0 la barri\u00e8re de s\u00e9curit\u00e9 en b\u00e9ton &#8211; \u00e9p. 40\/10 mm<\/td>\n<\/tr>\n<tr>\n<td class=\"tab-01\" align=\"left\">Panneau:<\/td>\n<td class=\"tab-01B\" align=\"left\">T\u00f4le ondul\u00e9e Type EGB 401 &#8211; \u00e9p. 7\/10 mm<\/td>\n<\/tr>\n<tr>\n<td class=\"tab-01\" align=\"left\">Finition mat\u00e9riaux<\/td>\n<td class=\"tab-01A\" align=\"left\">Galvanis\u00e9e Sendzimir<\/td>\n<\/tr>\n<tr>\n<td class=\"tab-01\" align=\"left\">Couleurs<\/td>\n<td class=\"tab-01B\" align=\"left\">Peint blanc RAL 9010.<br \/>\nSur demande n\u2019importe quelle autre couleur RAL.<\/td>\n<\/tr>\n<\/tbody>\n<\/table>\n<\/div>\n<div class=\"fusion-separator fusion-full-width-sep\" style=\"align-self: center;margin-left: auto;margin-right: auto;margin-top:20px;width:100%;\"><\/div>\n<div class=\"table-1\">\n<table width=\"100%\">\n<thead>\n<tr>\n<th class=\"tab-intestazione\" align=\"left\"><strong>Art. 2521001<\/strong><\/th>\n<th class=\"tab-intestazione\" align=\"left\">SYST\u00c8ME GRANDS TRAVAUX<\/th>\n<\/tr>\n<\/thead>\n<tbody>\n<tr>\n<td class=\"tab-01\" align=\"left\">Dimensions panneau<\/td>\n<td class=\"tab-01A\" align=\"left\">1110 \u00d7 1750 mm<\/td>\n<\/tr>\n<tr>\n<td class=\"tab-01\" align=\"left\">Montant<\/td>\n<td class=\"tab-01B\" align=\"left\">Haute r\u00e9sistance Double C \u2013 20x40x80 mm &#8211; \u00e9p. 30\/10 mm<\/td>\n<\/tr>\n<tr>\n<td class=\"tab-01\" align=\"left\">Patte<\/td>\n<td class=\"tab-01A\" align=\"left\">Fixation \u00e0 la barri\u00e8re de s\u00e9curit\u00e9 en b\u00e9ton &#8211; \u00e9p. 40\/10 mm<\/td>\n<\/tr>\n<tr>\n<td class=\"tab-01\" align=\"left\">Panneau:<\/td>\n<td class=\"tab-01B\" align=\"left\">T\u00f4le ondul\u00e9e Type EGB 401 &#8211; \u00e9p. 7\/10 mm<\/td>\n<\/tr>\n<tr>\n<td class=\"tab-01\" align=\"left\">Finition mat\u00e9riaux<\/td>\n<td class=\"tab-01A\" align=\"left\">\u00a0Galvanis\u00e9e Sendzimir<\/td>\n<\/tr>\n<tr>\n<td class=\"tab-01\" align=\"left\">Couleurs<\/td>\n<td class=\"tab-01B\" align=\"left\">Peint blanc RAL 9010.<br \/>\nSur demande n\u2019importe quelle autre couleur RAL.<\/td>\n<\/tr>\n<\/tbody>\n<\/table>\n<\/div>\n<\/div><\/div><\/div><\/div>\n","protected":false},"excerpt":{"rendered":"","protected":false},"featured_media":5550,"template":"","meta":[],"product_cat":[204,222],"product_tag":[],"class_list":["post-5543","product","type-product","status-publish","has-post-thumbnail","hentry","product_cat-grands-travaux","product_cat-systeme-grands-travaux"],"yoast_head":"<!-- This site is optimized with the Yoast SEO plugin v20.4 - https:\/\/yoast.com\/wordpress\/plugins\/seo\/ -->\n<title>Syst\u00e8me Grand Travaux - Bestsider<\/title>\n<meta name=\"robots\" content=\"index, follow, max-snippet:-1, max-image-preview:large, max-video-preview:-1\" \/>\n<link rel=\"canonical\" href=\"https:\/\/www.bestsider.eu\/fr\/prodotto\/systeme-grand-travaux\/\" \/>\n<meta property=\"og:locale\" content=\"fr_FR\" \/>\n<meta property=\"og:type\" content=\"article\" \/>\n<meta property=\"og:title\" content=\"Syst\u00e8me Grand Travaux - Bestsider\" \/>\n<meta property=\"og:url\" content=\"https:\/\/www.bestsider.eu\/fr\/prodotto\/systeme-grand-travaux\/\" \/>\n<meta property=\"og:site_name\" content=\"Bestsider\" \/>\n<meta property=\"article:modified_time\" content=\"2021-04-27T13:36:59+00:00\" \/>\n<meta property=\"og:image\" content=\"https:\/\/www.bestsider.eu\/wp-content\/uploads\/2021\/03\/grandi-lavori-3.jpg\" \/>\n\t<meta property=\"og:image:width\" content=\"700\" \/>\n\t<meta property=\"og:image:height\" content=\"416\" \/>\n\t<meta property=\"og:image:type\" content=\"image\/jpeg\" \/>\n<meta name=\"twitter:card\" content=\"summary_large_image\" \/>\n<meta name=\"twitter:label1\" content=\"Dur\u00e9e de lecture estim\u00e9e\" \/>\n\t<meta name=\"twitter:data1\" content=\"7 minutes\" \/>\n<script type=\"application\/ld+json\" class=\"yoast-schema-graph\">{\"@context\":\"https:\/\/schema.org\",\"@graph\":[{\"@type\":\"WebPage\",\"@id\":\"https:\/\/www.bestsider.eu\/fr\/prodotto\/systeme-grand-travaux\/\",\"url\":\"https:\/\/www.bestsider.eu\/fr\/prodotto\/systeme-grand-travaux\/\",\"name\":\"Syst\u00e8me Grand Travaux - Bestsider\",\"isPartOf\":{\"@id\":\"https:\/\/www.bestsider.eu\/#website\"},\"datePublished\":\"2021-03-10T13:01:42+00:00\",\"dateModified\":\"2021-04-27T13:36:59+00:00\",\"breadcrumb\":{\"@id\":\"https:\/\/www.bestsider.eu\/fr\/prodotto\/systeme-grand-travaux\/#breadcrumb\"},\"inLanguage\":\"fr-FR\",\"potentialAction\":[{\"@type\":\"ReadAction\",\"target\":[\"https:\/\/www.bestsider.eu\/fr\/prodotto\/systeme-grand-travaux\/\"]}]},{\"@type\":\"BreadcrumbList\",\"@id\":\"https:\/\/www.bestsider.eu\/fr\/prodotto\/systeme-grand-travaux\/#breadcrumb\",\"itemListElement\":[{\"@type\":\"ListItem\",\"position\":1,\"name\":\"Home\",\"item\":\"https:\/\/www.bestsider.eu\/fr\/\"},{\"@type\":\"ListItem\",\"position\":2,\"name\":\"Area Riservata\",\"item\":\"https:\/\/www.bestsider.eu\/area-riservata\/\"},{\"@type\":\"ListItem\",\"position\":3,\"name\":\"Syst\u00e8me Grand Travaux\"}]},{\"@type\":\"WebSite\",\"@id\":\"https:\/\/www.bestsider.eu\/#website\",\"url\":\"https:\/\/www.bestsider.eu\/\",\"name\":\"Bestsider\",\"description\":\"\",\"publisher\":{\"@id\":\"https:\/\/www.bestsider.eu\/#organization\"},\"potentialAction\":[{\"@type\":\"SearchAction\",\"target\":{\"@type\":\"EntryPoint\",\"urlTemplate\":\"https:\/\/www.bestsider.eu\/?s={search_term_string}\"},\"query-input\":\"required name=search_term_string\"}],\"inLanguage\":\"fr-FR\"},{\"@type\":\"Organization\",\"@id\":\"https:\/\/www.bestsider.eu\/#organization\",\"name\":\"BESTSIDER s.r.l. unipersonale\",\"url\":\"https:\/\/www.bestsider.eu\/\",\"logo\":{\"@type\":\"ImageObject\",\"inLanguage\":\"fr-FR\",\"@id\":\"https:\/\/www.bestsider.eu\/#\/schema\/logo\/image\/\",\"url\":\"https:\/\/www.bestsider.eu\/wp-content\/uploads\/2021\/03\/logo-2021.png\",\"contentUrl\":\"https:\/\/www.bestsider.eu\/wp-content\/uploads\/2021\/03\/logo-2021.png\",\"width\":141,\"height\":65,\"caption\":\"BESTSIDER s.r.l. unipersonale\"},\"image\":{\"@id\":\"https:\/\/www.bestsider.eu\/#\/schema\/logo\/image\/\"}}]}<\/script>\n<!-- \/ Yoast SEO plugin. -->","yoast_head_json":{"title":"Syst\u00e8me Grand Travaux - Bestsider","robots":{"index":"index","follow":"follow","max-snippet":"max-snippet:-1","max-image-preview":"max-image-preview:large","max-video-preview":"max-video-preview:-1"},"canonical":"https:\/\/www.bestsider.eu\/fr\/prodotto\/systeme-grand-travaux\/","og_locale":"fr_FR","og_type":"article","og_title":"Syst\u00e8me Grand Travaux - Bestsider","og_url":"https:\/\/www.bestsider.eu\/fr\/prodotto\/systeme-grand-travaux\/","og_site_name":"Bestsider","article_modified_time":"2021-04-27T13:36:59+00:00","og_image":[{"width":700,"height":416,"url":"https:\/\/www.bestsider.eu\/wp-content\/uploads\/2021\/03\/grandi-lavori-3.jpg","type":"image\/jpeg"}],"twitter_card":"summary_large_image","twitter_misc":{"Dur\u00e9e de lecture estim\u00e9e":"7 minutes"},"schema":{"@context":"https:\/\/schema.org","@graph":[{"@type":"WebPage","@id":"https:\/\/www.bestsider.eu\/fr\/prodotto\/systeme-grand-travaux\/","url":"https:\/\/www.bestsider.eu\/fr\/prodotto\/systeme-grand-travaux\/","name":"Syst\u00e8me Grand Travaux - Bestsider","isPartOf":{"@id":"https:\/\/www.bestsider.eu\/#website"},"datePublished":"2021-03-10T13:01:42+00:00","dateModified":"2021-04-27T13:36:59+00:00","breadcrumb":{"@id":"https:\/\/www.bestsider.eu\/fr\/prodotto\/systeme-grand-travaux\/#breadcrumb"},"inLanguage":"fr-FR","potentialAction":[{"@type":"ReadAction","target":["https:\/\/www.bestsider.eu\/fr\/prodotto\/systeme-grand-travaux\/"]}]},{"@type":"BreadcrumbList","@id":"https:\/\/www.bestsider.eu\/fr\/prodotto\/systeme-grand-travaux\/#breadcrumb","itemListElement":[{"@type":"ListItem","position":1,"name":"Home","item":"https:\/\/www.bestsider.eu\/fr\/"},{"@type":"ListItem","position":2,"name":"Area Riservata","item":"https:\/\/www.bestsider.eu\/area-riservata\/"},{"@type":"ListItem","position":3,"name":"Syst\u00e8me Grand Travaux"}]},{"@type":"WebSite","@id":"https:\/\/www.bestsider.eu\/#website","url":"https:\/\/www.bestsider.eu\/","name":"Bestsider","description":"","publisher":{"@id":"https:\/\/www.bestsider.eu\/#organization"},"potentialAction":[{"@type":"SearchAction","target":{"@type":"EntryPoint","urlTemplate":"https:\/\/www.bestsider.eu\/?s={search_term_string}"},"query-input":"required name=search_term_string"}],"inLanguage":"fr-FR"},{"@type":"Organization","@id":"https:\/\/www.bestsider.eu\/#organization","name":"BESTSIDER s.r.l. unipersonale","url":"https:\/\/www.bestsider.eu\/","logo":{"@type":"ImageObject","inLanguage":"fr-FR","@id":"https:\/\/www.bestsider.eu\/#\/schema\/logo\/image\/","url":"https:\/\/www.bestsider.eu\/wp-content\/uploads\/2021\/03\/logo-2021.png","contentUrl":"https:\/\/www.bestsider.eu\/wp-content\/uploads\/2021\/03\/logo-2021.png","width":141,"height":65,"caption":"BESTSIDER s.r.l. unipersonale"},"image":{"@id":"https:\/\/www.bestsider.eu\/#\/schema\/logo\/image\/"}}]}},"_links":{"self":[{"href":"https:\/\/www.bestsider.eu\/fr\/wp-json\/wp\/v2\/product\/5543","targetHints":{"allow":["GET"]}}],"collection":[{"href":"https:\/\/www.bestsider.eu\/fr\/wp-json\/wp\/v2\/product"}],"about":[{"href":"https:\/\/www.bestsider.eu\/fr\/wp-json\/wp\/v2\/types\/product"}],"wp:featuredmedia":[{"embeddable":true,"href":"https:\/\/www.bestsider.eu\/fr\/wp-json\/wp\/v2\/media\/5550"}],"wp:attachment":[{"href":"https:\/\/www.bestsider.eu\/fr\/wp-json\/wp\/v2\/media?parent=5543"}],"wp:term":[{"taxonomy":"product_cat","embeddable":true,"href":"https:\/\/www.bestsider.eu\/fr\/wp-json\/wp\/v2\/product_cat?post=5543"},{"taxonomy":"product_tag","embeddable":true,"href":"https:\/\/www.bestsider.eu\/fr\/wp-json\/wp\/v2\/product_tag?post=5543"}],"curies":[{"name":"wp","href":"https:\/\/api.w.org\/{rel}","templated":true}]}}