{"id":5480,"date":"2021-03-10T14:06:32","date_gmt":"2021-03-10T14:06:32","guid":{"rendered":"https:\/\/www.bestsider.eu\/product\/transenna-eco\/"},"modified":"2021-04-27T12:50:08","modified_gmt":"2021-04-27T12:50:08","slug":"barriere-eco","status":"publish","type":"product","link":"https:\/\/www.bestsider.eu\/fr\/prodotto\/barriere-eco\/","title":{"rendered":"Barri\u00e8re ECO"},"content":{"rendered":"<div class=\"fusion-fullwidth fullwidth-box fusion-builder-row-1 fusion-flex-container nonhundred-percent-fullwidth non-hundred-percent-height-scrolling\" style=\"--awb-border-radius-top-left:0px;--awb-border-radius-top-right:0px;--awb-border-radius-bottom-right:0px;--awb-border-radius-bottom-left:0px;--awb-padding-right:0px;--awb-padding-left:0px;--awb-margin-top:0px;\" ><div class=\"fusion-builder-row fusion-row fusion-flex-align-items-flex-start\" style=\"max-width:1456px;margin-left: calc(-4% \/ 2 );margin-right: calc(-4% \/ 2 );\"><div class=\"fusion-layout-column fusion_builder_column fusion-builder-column-0 fusion_builder_column_1_1 1_1 fusion-flex-column\" style=\"--awb-bg-size:cover;--awb-width-large:100%;--awb-margin-top-large:0px;--awb-spacing-right-large:1.92%;--awb-margin-bottom-large:10px;--awb-spacing-left-large:1.92%;--awb-width-medium:100%;--awb-order-medium:0;--awb-spacing-right-medium:1.92%;--awb-spacing-left-medium:1.92%;--awb-width-small:100%;--awb-order-small:0;--awb-spacing-right-small:1.92%;--awb-spacing-left-small:1.92%;\"><div class=\"fusion-column-wrapper fusion-column-has-shadow fusion-flex-justify-content-flex-start fusion-content-layout-column\"><div class=\"fusion-title title fusion-title-1 fusion-sep-none fusion-title-text fusion-title-size-three\" style=\"--awb-margin-top:0px;--awb-margin-bottom:0px;\"><h3 class=\"title-heading-left fusion-responsive-typography-calculated\" style=\"margin:0;--fontSize:32;line-height:1.3;\">Barri\u00e8re ECO<\/h3><\/div><\/div><\/div><div class=\"fusion-layout-column fusion_builder_column fusion-builder-column-1 fusion_builder_column_1_1 1_1 fusion-flex-column\" style=\"--awb-bg-size:cover;--awb-width-large:100%;--awb-margin-top-large:0px;--awb-spacing-right-large:1.92%;--awb-margin-bottom-large:20px;--awb-spacing-left-large:1.92%;--awb-width-medium:100%;--awb-order-medium:0;--awb-spacing-right-medium:1.92%;--awb-spacing-left-medium:1.92%;--awb-width-small:100%;--awb-order-small:0;--awb-spacing-right-small:1.92%;--awb-spacing-left-small:1.92%;\"><div class=\"fusion-column-wrapper fusion-column-has-shadow fusion-flex-justify-content-flex-start fusion-content-layout-column\"><div class=\"fusion-text fusion-text-1\"><p>Pas n\u00e9cessit\u00e9 d\u2019entretien, design sans angles pro\u00e9minents pour \u00e9viter dommages \u00e0 des gens ou v\u00e9hicules, compl\u00e8tement recyclable parce que r\u00e9alis\u00e9e en polipropilene. Stockage facile et de palettisation, transport facile en petits v\u00e9hicules. Stabilit\u00e9 excellente en conditions devent transversal. Pieds qu\u2019ils tournent de 360\u00b0 Int\u00e9rieur des pieds avechampe en acier pour garantir la maxime r\u00e9sistance aux chocs. Rapide et<br \/>\nfacile la liaison entre 2 barri\u00e8res.<br \/>\n<strong>Applications:centres urbains, police, h\u00f4tel, centres sportifs, \u00e9coles, universit\u00e9 porte, centres commerciaux,aereoporti, gares ferroviaires, m\u00e9tros.<br \/>\n<\/strong><\/p>\n<\/div><div class=\"fusion-separator fusion-full-width-sep\" style=\"align-self: center;margin-left: auto;margin-right: auto;margin-top:20px;width:100%;\"><\/div>\n<div class=\"table-1\">\n<table width=\"100%\">\n<thead>\n<tr>\n<th class=\"tab-intestazione\" align=\"left\"><strong>Art. 023\/E<\/strong><\/th>\n<th class=\"tab-intestazione\" align=\"left\">BARRI\u00c8RE &#8220;ECO&#8221;<\/th>\n<\/tr>\n<\/thead>\n<tbody>\n<tr>\n<td class=\"tab-01\" align=\"left\">Dimensions panneau<\/td>\n<td class=\"tab-01A\" align=\"left\">2000 \u00d7 1050 mm<\/td>\n<\/tr>\n<tr>\n<td class=\"tab-01\" align=\"left\">Mati\u00e8re<\/td>\n<td class=\"tab-01B\" align=\"left\">Poly\u00e9thyl\u00e8ne<\/td>\n<\/tr>\n<tr>\n<td class=\"tab-01\" align=\"left\">Poids<\/td>\n<td class=\"tab-01A\" align=\"left\">~ 9.50 Kg<\/td>\n<\/tr>\n<tr>\n<td class=\"tab-01\" align=\"left\">Pi\u00e8ces<\/td>\n<td class=\"tab-01B\" align=\"left\">60<\/td>\n<\/tr>\n<tr>\n<td class=\"tab-01\" align=\"left\">Couleurs<\/td>\n<td class=\"tab-01A\" align=\"left\">Jaune &#8211; Rouge &#8211; Bleu<\/td>\n<\/tr>\n<\/tbody>\n<\/table>\n<\/div>\n<div class=\"fusion-separator fusion-full-width-sep\" style=\"align-self: center;margin-left: auto;margin-right: auto;margin-top:20px;width:100%;\"><\/div><\/div><\/div><\/div><\/div>\n","protected":false},"excerpt":{"rendered":"","protected":false},"featured_media":5485,"template":"","meta":[],"product_cat":[249,236],"product_tag":[],"class_list":["post-5480","product","type-product","status-publish","has-post-thumbnail","hentry","product_cat-mepa-fr-2","product_cat-securite-routiere"],"yoast_head":"<!-- This site is optimized with the Yoast SEO plugin v20.4 - https:\/\/yoast.com\/wordpress\/plugins\/seo\/ -->\n<title>Barri\u00e8re ECO - Bestsider<\/title>\n<meta name=\"robots\" content=\"index, follow, max-snippet:-1, max-image-preview:large, max-video-preview:-1\" \/>\n<link rel=\"canonical\" href=\"https:\/\/www.bestsider.eu\/fr\/prodotto\/barriere-eco\/\" \/>\n<meta property=\"og:locale\" content=\"fr_FR\" \/>\n<meta property=\"og:type\" content=\"article\" \/>\n<meta property=\"og:title\" content=\"Barri\u00e8re ECO - Bestsider\" \/>\n<meta property=\"og:url\" content=\"https:\/\/www.bestsider.eu\/fr\/prodotto\/barriere-eco\/\" \/>\n<meta property=\"og:site_name\" content=\"Bestsider\" \/>\n<meta property=\"article:modified_time\" content=\"2021-04-27T12:50:08+00:00\" \/>\n<meta property=\"og:image\" content=\"https:\/\/www.bestsider.eu\/wp-content\/uploads\/2021\/03\/2021-transenna-eco.jpg\" \/>\n\t<meta property=\"og:image:width\" content=\"700\" \/>\n\t<meta property=\"og:image:height\" content=\"416\" \/>\n\t<meta property=\"og:image:type\" content=\"image\/jpeg\" \/>\n<meta name=\"twitter:card\" content=\"summary_large_image\" \/>\n<meta name=\"twitter:label1\" content=\"Dur\u00e9e de lecture estim\u00e9e\" \/>\n\t<meta name=\"twitter:data1\" content=\"6 minutes\" \/>\n<script type=\"application\/ld+json\" class=\"yoast-schema-graph\">{\"@context\":\"https:\/\/schema.org\",\"@graph\":[{\"@type\":\"WebPage\",\"@id\":\"https:\/\/www.bestsider.eu\/fr\/prodotto\/barriere-eco\/\",\"url\":\"https:\/\/www.bestsider.eu\/fr\/prodotto\/barriere-eco\/\",\"name\":\"Barri\u00e8re ECO - Bestsider\",\"isPartOf\":{\"@id\":\"https:\/\/www.bestsider.eu\/#website\"},\"datePublished\":\"2021-03-10T14:06:32+00:00\",\"dateModified\":\"2021-04-27T12:50:08+00:00\",\"breadcrumb\":{\"@id\":\"https:\/\/www.bestsider.eu\/fr\/prodotto\/barriere-eco\/#breadcrumb\"},\"inLanguage\":\"fr-FR\",\"potentialAction\":[{\"@type\":\"ReadAction\",\"target\":[\"https:\/\/www.bestsider.eu\/fr\/prodotto\/barriere-eco\/\"]}]},{\"@type\":\"BreadcrumbList\",\"@id\":\"https:\/\/www.bestsider.eu\/fr\/prodotto\/barriere-eco\/#breadcrumb\",\"itemListElement\":[{\"@type\":\"ListItem\",\"position\":1,\"name\":\"Home\",\"item\":\"https:\/\/www.bestsider.eu\/fr\/\"},{\"@type\":\"ListItem\",\"position\":2,\"name\":\"Area Riservata\",\"item\":\"https:\/\/www.bestsider.eu\/area-riservata\/\"},{\"@type\":\"ListItem\",\"position\":3,\"name\":\"Barri\u00e8re ECO\"}]},{\"@type\":\"WebSite\",\"@id\":\"https:\/\/www.bestsider.eu\/#website\",\"url\":\"https:\/\/www.bestsider.eu\/\",\"name\":\"Bestsider\",\"description\":\"\",\"publisher\":{\"@id\":\"https:\/\/www.bestsider.eu\/#organization\"},\"potentialAction\":[{\"@type\":\"SearchAction\",\"target\":{\"@type\":\"EntryPoint\",\"urlTemplate\":\"https:\/\/www.bestsider.eu\/?s={search_term_string}\"},\"query-input\":\"required name=search_term_string\"}],\"inLanguage\":\"fr-FR\"},{\"@type\":\"Organization\",\"@id\":\"https:\/\/www.bestsider.eu\/#organization\",\"name\":\"BESTSIDER s.r.l. unipersonale\",\"url\":\"https:\/\/www.bestsider.eu\/\",\"logo\":{\"@type\":\"ImageObject\",\"inLanguage\":\"fr-FR\",\"@id\":\"https:\/\/www.bestsider.eu\/#\/schema\/logo\/image\/\",\"url\":\"https:\/\/www.bestsider.eu\/wp-content\/uploads\/2021\/03\/logo-2021.png\",\"contentUrl\":\"https:\/\/www.bestsider.eu\/wp-content\/uploads\/2021\/03\/logo-2021.png\",\"width\":141,\"height\":65,\"caption\":\"BESTSIDER s.r.l. unipersonale\"},\"image\":{\"@id\":\"https:\/\/www.bestsider.eu\/#\/schema\/logo\/image\/\"}}]}<\/script>\n<!-- \/ Yoast SEO plugin. -->","yoast_head_json":{"title":"Barri\u00e8re ECO - Bestsider","robots":{"index":"index","follow":"follow","max-snippet":"max-snippet:-1","max-image-preview":"max-image-preview:large","max-video-preview":"max-video-preview:-1"},"canonical":"https:\/\/www.bestsider.eu\/fr\/prodotto\/barriere-eco\/","og_locale":"fr_FR","og_type":"article","og_title":"Barri\u00e8re ECO - Bestsider","og_url":"https:\/\/www.bestsider.eu\/fr\/prodotto\/barriere-eco\/","og_site_name":"Bestsider","article_modified_time":"2021-04-27T12:50:08+00:00","og_image":[{"width":700,"height":416,"url":"https:\/\/www.bestsider.eu\/wp-content\/uploads\/2021\/03\/2021-transenna-eco.jpg","type":"image\/jpeg"}],"twitter_card":"summary_large_image","twitter_misc":{"Dur\u00e9e de lecture estim\u00e9e":"6 minutes"},"schema":{"@context":"https:\/\/schema.org","@graph":[{"@type":"WebPage","@id":"https:\/\/www.bestsider.eu\/fr\/prodotto\/barriere-eco\/","url":"https:\/\/www.bestsider.eu\/fr\/prodotto\/barriere-eco\/","name":"Barri\u00e8re ECO - Bestsider","isPartOf":{"@id":"https:\/\/www.bestsider.eu\/#website"},"datePublished":"2021-03-10T14:06:32+00:00","dateModified":"2021-04-27T12:50:08+00:00","breadcrumb":{"@id":"https:\/\/www.bestsider.eu\/fr\/prodotto\/barriere-eco\/#breadcrumb"},"inLanguage":"fr-FR","potentialAction":[{"@type":"ReadAction","target":["https:\/\/www.bestsider.eu\/fr\/prodotto\/barriere-eco\/"]}]},{"@type":"BreadcrumbList","@id":"https:\/\/www.bestsider.eu\/fr\/prodotto\/barriere-eco\/#breadcrumb","itemListElement":[{"@type":"ListItem","position":1,"name":"Home","item":"https:\/\/www.bestsider.eu\/fr\/"},{"@type":"ListItem","position":2,"name":"Area Riservata","item":"https:\/\/www.bestsider.eu\/area-riservata\/"},{"@type":"ListItem","position":3,"name":"Barri\u00e8re ECO"}]},{"@type":"WebSite","@id":"https:\/\/www.bestsider.eu\/#website","url":"https:\/\/www.bestsider.eu\/","name":"Bestsider","description":"","publisher":{"@id":"https:\/\/www.bestsider.eu\/#organization"},"potentialAction":[{"@type":"SearchAction","target":{"@type":"EntryPoint","urlTemplate":"https:\/\/www.bestsider.eu\/?s={search_term_string}"},"query-input":"required name=search_term_string"}],"inLanguage":"fr-FR"},{"@type":"Organization","@id":"https:\/\/www.bestsider.eu\/#organization","name":"BESTSIDER s.r.l. unipersonale","url":"https:\/\/www.bestsider.eu\/","logo":{"@type":"ImageObject","inLanguage":"fr-FR","@id":"https:\/\/www.bestsider.eu\/#\/schema\/logo\/image\/","url":"https:\/\/www.bestsider.eu\/wp-content\/uploads\/2021\/03\/logo-2021.png","contentUrl":"https:\/\/www.bestsider.eu\/wp-content\/uploads\/2021\/03\/logo-2021.png","width":141,"height":65,"caption":"BESTSIDER s.r.l. unipersonale"},"image":{"@id":"https:\/\/www.bestsider.eu\/#\/schema\/logo\/image\/"}}]}},"_links":{"self":[{"href":"https:\/\/www.bestsider.eu\/fr\/wp-json\/wp\/v2\/product\/5480","targetHints":{"allow":["GET"]}}],"collection":[{"href":"https:\/\/www.bestsider.eu\/fr\/wp-json\/wp\/v2\/product"}],"about":[{"href":"https:\/\/www.bestsider.eu\/fr\/wp-json\/wp\/v2\/types\/product"}],"wp:featuredmedia":[{"embeddable":true,"href":"https:\/\/www.bestsider.eu\/fr\/wp-json\/wp\/v2\/media\/5485"}],"wp:attachment":[{"href":"https:\/\/www.bestsider.eu\/fr\/wp-json\/wp\/v2\/media?parent=5480"}],"wp:term":[{"taxonomy":"product_cat","embeddable":true,"href":"https:\/\/www.bestsider.eu\/fr\/wp-json\/wp\/v2\/product_cat?post=5480"},{"taxonomy":"product_tag","embeddable":true,"href":"https:\/\/www.bestsider.eu\/fr\/wp-json\/wp\/v2\/product_tag?post=5480"}],"curies":[{"name":"wp","href":"https:\/\/api.w.org\/{rel}","templated":true}]}}