{"id":7027,"date":"2021-03-09T14:39:59","date_gmt":"2021-03-09T14:39:59","guid":{"rendered":"https:\/\/www.bestsider.eu\/product\/recinzione-in-lamiera-privacy-opaco\/"},"modified":"2021-05-03T10:17:38","modified_gmt":"2021-05-03T10:17:38","slug":"privacy-opaco-de","status":"publish","type":"product","link":"https:\/\/www.bestsider.eu\/de\/prodotto\/privacy-opaco-de\/","title":{"rendered":"Privacy Opaco"},"content":{"rendered":"<div class=\"fusion-fullwidth fullwidth-box fusion-builder-row-1 fusion-flex-container nonhundred-percent-fullwidth non-hundred-percent-height-scrolling\" style=\"--awb-border-radius-top-left:0px;--awb-border-radius-top-right:0px;--awb-border-radius-bottom-right:0px;--awb-border-radius-bottom-left:0px;--awb-padding-right:0px;--awb-padding-left:0px;--awb-margin-top:0px;\" ><div class=\"fusion-builder-row fusion-row fusion-flex-align-items-flex-start\" style=\"max-width:1456px;margin-left: calc(-4% \/ 2 );margin-right: calc(-4% \/ 2 );\"><div class=\"fusion-layout-column fusion_builder_column fusion-builder-column-0 fusion_builder_column_1_1 1_1 fusion-flex-column\" style=\"--awb-bg-size:cover;--awb-width-large:100%;--awb-margin-top-large:0px;--awb-spacing-right-large:1.92%;--awb-margin-bottom-large:10px;--awb-spacing-left-large:1.92%;--awb-width-medium:100%;--awb-order-medium:0;--awb-spacing-right-medium:1.92%;--awb-spacing-left-medium:1.92%;--awb-width-small:100%;--awb-order-small:0;--awb-spacing-right-small:1.92%;--awb-spacing-left-small:1.92%;\"><div class=\"fusion-column-wrapper fusion-column-has-shadow fusion-flex-justify-content-flex-start fusion-content-layout-column\"><div class=\"fusion-title title fusion-title-1 fusion-sep-none fusion-title-text fusion-title-size-three\" style=\"--awb-margin-top:0px;--awb-margin-bottom:0px;\"><h3 class=\"title-heading-left fusion-responsive-typography-calculated\" style=\"margin:0;--fontSize:32;line-height:1.3;\">Privacy Opaco<\/h3><\/div><\/div><\/div><div class=\"fusion-layout-column fusion_builder_column fusion-builder-column-1 fusion_builder_column_1_1 1_1 fusion-flex-column\" style=\"--awb-bg-size:cover;--awb-width-large:100%;--awb-margin-top-large:0px;--awb-spacing-right-large:1.92%;--awb-margin-bottom-large:20px;--awb-spacing-left-large:1.92%;--awb-width-medium:100%;--awb-order-medium:0;--awb-spacing-right-medium:1.92%;--awb-spacing-left-medium:1.92%;--awb-width-small:100%;--awb-order-small:0;--awb-spacing-right-small:1.92%;--awb-spacing-left-small:1.92%;\"><div class=\"fusion-column-wrapper fusion-column-has-shadow fusion-flex-justify-content-flex-start fusion-content-layout-column\"><div class=\"fusion-text fusion-text-1\"><p>Wenn Baustellen gem\u00e4\u00df den kommunalen Vorschriften das Stadtbild nicht st\u00f6ren d\u00fcrfen, wird der Einsatz des Modells PRIVACY empfohlen, das die Einhaltung der Sicherheitsvorschriften sowie einen angemessenen Sichtschutz garantiert. Um maximale Stabilit\u00e4t zu gew\u00e4hrleisten sollten bei diesem Modell Verstrebungen und die entsprechenden Sicherheitsverbindungen (siehe Zubeh\u00f6r) eingesetzt werden. Erh\u00e4ltlich aus verzinktem Stahlblech oder aus verzinktem und lackiertem Stahlblech. Serienm\u00e4\u00dfig erh\u00e4ltlich in den Stahlblechausf\u00fchrungen sendzimirverzinkt und sendzimirverzinkt + RAL 9010 lackiert.<\/p>\n<\/div>\n<div class=\"table-1\">\n<table width=\"100%\">\n<thead>\n<tr>\n<td class=\"tab-intestazione-privacy \" align=\"left\"><strong>Art. 076<\/strong><\/td>\n<td class=\"tab-01A\" align=\"left\">PRIVACY OPACO VERZINKTE SENDZIMIR<\/td>\n<\/tr>\n<tr>\n<td class=\"tab-intestazione-privacy\" align=\"left\"><strong>Art. 076\/9010<\/strong><\/td>\n<td class=\"tab-01A\" align=\"left\">PRIVACY OPACO LACKIERT RAL 9010<\/td>\n<\/tr>\n<tr>\n<td class=\"tab-intestazione-privacy\" align=\"left\"><strong>Art. 076\/5010\u00a0<\/strong><\/td>\n<td class=\"tab-01A\" align=\"left\">PRIVACY OPACO LACKIERT RAL 5010<\/td>\n<\/tr>\n<tr>\n<td class=\"tab-intestazione-privacy\" align=\"left\"><strong>Art. 076\/5002<\/strong><\/td>\n<td class=\"tab-01A\" align=\"left\">PRIVACY OPACO LACKIERT RAL 5002<\/td>\n<\/tr>\n<\/thead>\n<tbody>\n<tr>\n<td class=\"tab-01\" align=\"left\">Gr\u00f6\u00dfe<\/td>\n<td class=\"tab-01A\" align=\"left\">2200 \u00d7 2000 mm<\/td>\n<\/tr>\n<tr>\n<td class=\"tab-01\" align=\"left\">Gewicht<\/td>\n<td class=\"tab-01B\" align=\"left\">~22.00 kg<\/td>\n<\/tr>\n<tr>\n<td class=\"tab-01\" align=\"left\">St\u00fccke<\/td>\n<td class=\"tab-01A\" align=\"left\">25<\/td>\n<\/tr>\n<\/tbody>\n<\/table>\n<\/div>\n<div class=\"fusion-separator fusion-full-width-sep\" style=\"align-self: center;margin-left: auto;margin-right: auto;margin-top:20px;width:100%;\"><\/div><\/div><\/div><\/div><\/div>\n","protected":false},"excerpt":{"rendered":"","protected":false},"featured_media":7034,"template":"","meta":[],"product_cat":[278,282],"product_tag":[],"class_list":["post-7027","product","type-product","status-publish","has-post-thumbnail","hentry","product_cat-blechzaune","product_cat-mobil-ottocategoria"],"yoast_head":"<!-- This site is optimized with the Yoast SEO plugin v20.4 - https:\/\/yoast.com\/wordpress\/plugins\/seo\/ -->\n<title>Privacy Opaco - Bestsider<\/title>\n<meta name=\"robots\" content=\"index, follow, max-snippet:-1, max-image-preview:large, max-video-preview:-1\" \/>\n<link rel=\"canonical\" href=\"https:\/\/www.bestsider.eu\/de\/prodotto\/privacy-opaco-de\/\" \/>\n<meta property=\"og:locale\" content=\"de_DE\" \/>\n<meta property=\"og:type\" content=\"article\" \/>\n<meta property=\"og:title\" content=\"Privacy Opaco - Bestsider\" \/>\n<meta property=\"og:url\" content=\"https:\/\/www.bestsider.eu\/de\/prodotto\/privacy-opaco-de\/\" \/>\n<meta property=\"og:site_name\" content=\"Bestsider\" \/>\n<meta property=\"article:modified_time\" content=\"2021-05-03T10:17:38+00:00\" \/>\n<meta property=\"og:image\" content=\"https:\/\/www.bestsider.eu\/wp-content\/uploads\/2021\/03\/Privacy-Opaco-2021.jpg\" \/>\n\t<meta property=\"og:image:width\" content=\"700\" \/>\n\t<meta property=\"og:image:height\" content=\"416\" \/>\n\t<meta property=\"og:image:type\" content=\"image\/jpeg\" \/>\n<meta name=\"twitter:card\" content=\"summary_large_image\" \/>\n<meta name=\"twitter:label1\" content=\"Gesch\u00e4tzte Lesezeit\" \/>\n\t<meta name=\"twitter:data1\" content=\"6\u00a0Minuten\" \/>\n<script type=\"application\/ld+json\" class=\"yoast-schema-graph\">{\"@context\":\"https:\/\/schema.org\",\"@graph\":[{\"@type\":\"WebPage\",\"@id\":\"https:\/\/www.bestsider.eu\/de\/prodotto\/privacy-opaco-de\/\",\"url\":\"https:\/\/www.bestsider.eu\/de\/prodotto\/privacy-opaco-de\/\",\"name\":\"Privacy Opaco - Bestsider\",\"isPartOf\":{\"@id\":\"https:\/\/www.bestsider.eu\/#website\"},\"datePublished\":\"2021-03-09T14:39:59+00:00\",\"dateModified\":\"2021-05-03T10:17:38+00:00\",\"breadcrumb\":{\"@id\":\"https:\/\/www.bestsider.eu\/de\/prodotto\/privacy-opaco-de\/#breadcrumb\"},\"inLanguage\":\"de\",\"potentialAction\":[{\"@type\":\"ReadAction\",\"target\":[\"https:\/\/www.bestsider.eu\/de\/prodotto\/privacy-opaco-de\/\"]}]},{\"@type\":\"BreadcrumbList\",\"@id\":\"https:\/\/www.bestsider.eu\/de\/prodotto\/privacy-opaco-de\/#breadcrumb\",\"itemListElement\":[{\"@type\":\"ListItem\",\"position\":1,\"name\":\"Home\",\"item\":\"https:\/\/www.bestsider.eu\/de\/\"},{\"@type\":\"ListItem\",\"position\":2,\"name\":\"Area Riservata\",\"item\":\"https:\/\/www.bestsider.eu\/area-riservata\/\"},{\"@type\":\"ListItem\",\"position\":3,\"name\":\"Privacy Opaco\"}]},{\"@type\":\"WebSite\",\"@id\":\"https:\/\/www.bestsider.eu\/#website\",\"url\":\"https:\/\/www.bestsider.eu\/\",\"name\":\"Bestsider\",\"description\":\"\",\"publisher\":{\"@id\":\"https:\/\/www.bestsider.eu\/#organization\"},\"potentialAction\":[{\"@type\":\"SearchAction\",\"target\":{\"@type\":\"EntryPoint\",\"urlTemplate\":\"https:\/\/www.bestsider.eu\/?s={search_term_string}\"},\"query-input\":\"required name=search_term_string\"}],\"inLanguage\":\"de\"},{\"@type\":\"Organization\",\"@id\":\"https:\/\/www.bestsider.eu\/#organization\",\"name\":\"BESTSIDER s.r.l. unipersonale\",\"url\":\"https:\/\/www.bestsider.eu\/\",\"logo\":{\"@type\":\"ImageObject\",\"inLanguage\":\"de\",\"@id\":\"https:\/\/www.bestsider.eu\/#\/schema\/logo\/image\/\",\"url\":\"https:\/\/www.bestsider.eu\/wp-content\/uploads\/2021\/03\/logo-2021.png\",\"contentUrl\":\"https:\/\/www.bestsider.eu\/wp-content\/uploads\/2021\/03\/logo-2021.png\",\"width\":141,\"height\":65,\"caption\":\"BESTSIDER s.r.l. unipersonale\"},\"image\":{\"@id\":\"https:\/\/www.bestsider.eu\/#\/schema\/logo\/image\/\"}}]}<\/script>\n<!-- \/ Yoast SEO plugin. -->","yoast_head_json":{"title":"Privacy Opaco - Bestsider","robots":{"index":"index","follow":"follow","max-snippet":"max-snippet:-1","max-image-preview":"max-image-preview:large","max-video-preview":"max-video-preview:-1"},"canonical":"https:\/\/www.bestsider.eu\/de\/prodotto\/privacy-opaco-de\/","og_locale":"de_DE","og_type":"article","og_title":"Privacy Opaco - Bestsider","og_url":"https:\/\/www.bestsider.eu\/de\/prodotto\/privacy-opaco-de\/","og_site_name":"Bestsider","article_modified_time":"2021-05-03T10:17:38+00:00","og_image":[{"width":700,"height":416,"url":"https:\/\/www.bestsider.eu\/wp-content\/uploads\/2021\/03\/Privacy-Opaco-2021.jpg","type":"image\/jpeg"}],"twitter_card":"summary_large_image","twitter_misc":{"Gesch\u00e4tzte Lesezeit":"6\u00a0Minuten"},"schema":{"@context":"https:\/\/schema.org","@graph":[{"@type":"WebPage","@id":"https:\/\/www.bestsider.eu\/de\/prodotto\/privacy-opaco-de\/","url":"https:\/\/www.bestsider.eu\/de\/prodotto\/privacy-opaco-de\/","name":"Privacy Opaco - Bestsider","isPartOf":{"@id":"https:\/\/www.bestsider.eu\/#website"},"datePublished":"2021-03-09T14:39:59+00:00","dateModified":"2021-05-03T10:17:38+00:00","breadcrumb":{"@id":"https:\/\/www.bestsider.eu\/de\/prodotto\/privacy-opaco-de\/#breadcrumb"},"inLanguage":"de","potentialAction":[{"@type":"ReadAction","target":["https:\/\/www.bestsider.eu\/de\/prodotto\/privacy-opaco-de\/"]}]},{"@type":"BreadcrumbList","@id":"https:\/\/www.bestsider.eu\/de\/prodotto\/privacy-opaco-de\/#breadcrumb","itemListElement":[{"@type":"ListItem","position":1,"name":"Home","item":"https:\/\/www.bestsider.eu\/de\/"},{"@type":"ListItem","position":2,"name":"Area Riservata","item":"https:\/\/www.bestsider.eu\/area-riservata\/"},{"@type":"ListItem","position":3,"name":"Privacy Opaco"}]},{"@type":"WebSite","@id":"https:\/\/www.bestsider.eu\/#website","url":"https:\/\/www.bestsider.eu\/","name":"Bestsider","description":"","publisher":{"@id":"https:\/\/www.bestsider.eu\/#organization"},"potentialAction":[{"@type":"SearchAction","target":{"@type":"EntryPoint","urlTemplate":"https:\/\/www.bestsider.eu\/?s={search_term_string}"},"query-input":"required name=search_term_string"}],"inLanguage":"de"},{"@type":"Organization","@id":"https:\/\/www.bestsider.eu\/#organization","name":"BESTSIDER s.r.l. unipersonale","url":"https:\/\/www.bestsider.eu\/","logo":{"@type":"ImageObject","inLanguage":"de","@id":"https:\/\/www.bestsider.eu\/#\/schema\/logo\/image\/","url":"https:\/\/www.bestsider.eu\/wp-content\/uploads\/2021\/03\/logo-2021.png","contentUrl":"https:\/\/www.bestsider.eu\/wp-content\/uploads\/2021\/03\/logo-2021.png","width":141,"height":65,"caption":"BESTSIDER s.r.l. unipersonale"},"image":{"@id":"https:\/\/www.bestsider.eu\/#\/schema\/logo\/image\/"}}]}},"_links":{"self":[{"href":"https:\/\/www.bestsider.eu\/de\/wp-json\/wp\/v2\/product\/7027","targetHints":{"allow":["GET"]}}],"collection":[{"href":"https:\/\/www.bestsider.eu\/de\/wp-json\/wp\/v2\/product"}],"about":[{"href":"https:\/\/www.bestsider.eu\/de\/wp-json\/wp\/v2\/types\/product"}],"wp:featuredmedia":[{"embeddable":true,"href":"https:\/\/www.bestsider.eu\/de\/wp-json\/wp\/v2\/media\/7034"}],"wp:attachment":[{"href":"https:\/\/www.bestsider.eu\/de\/wp-json\/wp\/v2\/media?parent=7027"}],"wp:term":[{"taxonomy":"product_cat","embeddable":true,"href":"https:\/\/www.bestsider.eu\/de\/wp-json\/wp\/v2\/product_cat?post=7027"},{"taxonomy":"product_tag","embeddable":true,"href":"https:\/\/www.bestsider.eu\/de\/wp-json\/wp\/v2\/product_tag?post=7027"}],"curies":[{"name":"wp","href":"https:\/\/api.w.org\/{rel}","templated":true}]}}