{"id":6553,"date":"2021-03-11T11:06:39","date_gmt":"2021-03-11T11:06:39","guid":{"rendered":"https:\/\/www.bestsider.eu\/product\/rete-elettrosaldata-antifessurante-speciale-per-pavimenti-radianti\/"},"modified":"2021-04-29T10:34:13","modified_gmt":"2021-04-29T10:34:13","slug":"estrichgitter-speziell-fuer-fussbodenheizungen","status":"publish","type":"product","link":"https:\/\/www.bestsider.eu\/de\/prodotto\/estrichgitter-speziell-fuer-fussbodenheizungen\/","title":{"rendered":"Estrichgitter Speziell F\u00fcr Fussbodenheizungen"},"content":{"rendered":"<p><div class=\"fusion-fullwidth fullwidth-box fusion-builder-row-1 fusion-flex-container nonhundred-percent-fullwidth non-hundred-percent-height-scrolling\" style=\"--awb-border-radius-top-left:0px;--awb-border-radius-top-right:0px;--awb-border-radius-bottom-right:0px;--awb-border-radius-bottom-left:0px;--awb-padding-right:0px;--awb-padding-left:0px;--awb-margin-top:0px;\" ><div class=\"fusion-builder-row fusion-row fusion-flex-align-items-flex-start\" style=\"max-width:1456px;margin-left: calc(-4% \/ 2 );margin-right: calc(-4% \/ 2 );\"><div class=\"fusion-layout-column fusion_builder_column fusion-builder-column-0 fusion_builder_column_1_1 1_1 fusion-flex-column\" style=\"--awb-bg-size:cover;--awb-width-large:100%;--awb-margin-top-large:0px;--awb-spacing-right-large:1.92%;--awb-margin-bottom-large:20px;--awb-spacing-left-large:1.92%;--awb-width-medium:100%;--awb-order-medium:0;--awb-spacing-right-medium:1.92%;--awb-spacing-left-medium:1.92%;--awb-width-small:100%;--awb-order-small:0;--awb-spacing-right-small:1.92%;--awb-spacing-left-small:1.92%;\"><div class=\"fusion-column-wrapper fusion-column-has-shadow fusion-flex-justify-content-flex-start fusion-content-layout-column\"><div class=\"fusion-title title fusion-title-1 fusion-sep-none fusion-title-text fusion-title-size-three\"><h3 class=\"title-heading-left fusion-responsive-typography-calculated\" style=\"margin:0;--fontSize:32;line-height:1.3;\">Estrichgitter Speziell F\u00fcr Fussbodenheizungen<\/h3><\/div><div class=\"fusion-text fusion-text-1\"><p>Unser Unternehmen ist u. a. auf die Herstellung von Schwei\u00dfgittern aus forverzinkt,GLATTEM DRAHT und forverzinkt RIPPENSTAHLDRAHT spezialisiert, die sich optimal f\u00fcr den Einsatz als Estrichgitter f\u00fcr FUSSBODENHEIZUNGEN eignen.<\/p>\n<p><strong>Mit unseren Estrichgittern k\u00f6nnen Estriche mit kontrollierter Aush\u00e4rtung und geringer<br \/>\nSt\u00e4rke sowie Putz hergestellt werden, wobei die typischen Rissbildungsprobleme bei Beton und vor allem die damit<br \/>\nzusammenh\u00e4ngenden Sch\u00e4den vermieden werden<\/strong><\/p>\n<\/div><div class=\"fusion-separator fusion-full-width-sep\" style=\"align-self: center;margin-left: auto;margin-right: auto;margin-top:20px;width:100%;\"><\/div><div class=\"fusion-text fusion-text-2\"><div class=\"table-reti-2\">\n<table width=\"100%\">\n<thead>\n<tr>\n<th class=\"tab-intestazione-small\" style=\"text-align: center;\" align=\"left\">Artikel<\/th>\n<th class=\"tab-intestazione-small\" style=\"text-align: center;\" align=\"left\">Maschenweite<br \/>\n<span class=\"tab-intestazione-small-under\">HxL<\/span><br \/>\n<span class=\"tab-intestazione-small-under\">mm<\/span><\/th>\n<th class=\"tab-intestazione-small\" style=\"text-align: center;\" align=\"left\">Drahtdurchmesser<br \/>\nkommerziell<\/th>\n<th class=\"tab-intestazione-small\" style=\"text-align: center;\" align=\"left\">Gr\u00f6\u00dfe<br \/>\n<span class=\"tab-intestazione-small-under\">HxL<\/span><br \/>\n<span class=\"tab-intestazione-small-under\">mm<\/span><\/th>\n<th class=\"tab-intestazione-small\" style=\"text-align: center;\" align=\"left\">Fertigstellung<br \/>\ndes Fadens<\/th>\n<\/tr>\n<\/thead>\n<tbody>\n<tr>\n<td class=\"tab-02\" style=\"text-align: center;\" align=\"left\">291101<\/td>\n<td class=\"tab-02\" style=\"text-align: center;\" align=\"left\">55 x 55<\/td>\n<td class=\"tab-02\" style=\"text-align: center;\" align=\"left\">1.6<\/td>\n<td class=\"tab-02\" style=\"text-align: center;\" align=\"left\">1000 x 2000<\/td>\n<td class=\"tab-02\" style=\"text-align: center;\" align=\"left\">elektrolytisch verzinkt<\/td>\n<\/tr>\n<tr>\n<td class=\"tab-02A\" style=\"text-align: center;\" align=\"left\">291102<\/td>\n<td class=\"tab-02A\" style=\"text-align: center;\" align=\"left\">55 x 55<\/td>\n<td class=\"tab-02A\" style=\"text-align: center;\" align=\"left\">1.6<\/td>\n<td class=\"tab-02A\" style=\"text-align: center;\" align=\"left\">1000 x 2000<\/td>\n<td class=\"tab-02A\" style=\"text-align: center;\" align=\"left\">\u00a0feuerverzinkt<\/td>\n<\/tr>\n<tr>\n<td class=\"tab-02\" style=\"text-align: center;\" align=\"left\">291103<\/td>\n<td class=\"tab-02\" style=\"text-align: center;\" align=\"left\">55 x 55<\/td>\n<td class=\"tab-02\" style=\"text-align: center;\" align=\"left\">1.8<\/td>\n<td class=\"tab-02\" style=\"text-align: center;\" align=\"left\">1000 x 2000<\/td>\n<td class=\"tab-02\" style=\"text-align: center;\" align=\"left\">elektrolytisch verzinkt<\/td>\n<\/tr>\n<tr>\n<td class=\"tab-02A\" style=\"text-align: center;\" align=\"left\">291104<\/td>\n<td class=\"tab-02A\" style=\"text-align: center;\" align=\"left\">55 x 55<\/td>\n<td class=\"tab-02A\" style=\"text-align: center;\" align=\"left\">1.8<\/td>\n<td class=\"tab-02A\" style=\"text-align: center;\" align=\"left\">1000 x 2000<\/td>\n<td class=\"tab-02A\" style=\"text-align: center;\" align=\"left\">\u00a0feuerverzinkt<\/td>\n<\/tr>\n<tr>\n<td class=\"tab-02\" style=\"text-align: center;\" align=\"left\">291105<\/td>\n<td class=\"tab-02\" style=\"text-align: center;\" align=\"left\">50 x 50<\/td>\n<td class=\"tab-02\" style=\"text-align: center;\" align=\"left\">2<\/td>\n<td class=\"tab-02\" style=\"text-align: center;\" align=\"left\">1000 x 2000<\/td>\n<td class=\"tab-02\" style=\"text-align: center;\" align=\"left\">\u00a0feuerverzinkt<\/td>\n<\/tr>\n<tr>\n<td class=\"tab-02A\" style=\"text-align: center;\" align=\"left\">291106<\/td>\n<td class=\"tab-02A\" style=\"text-align: center;\" align=\"left\">100 x 100<\/td>\n<td class=\"tab-02A\" style=\"text-align: center;\" align=\"left\">3<\/td>\n<td class=\"tab-02A\" style=\"text-align: center;\" align=\"left\">1000 x 2000<\/td>\n<td class=\"tab-02A\" style=\"text-align: center;\" align=\"left\">\u00a0feuerverzinkt<\/td>\n<\/tr>\n<tr>\n<td class=\"tab-02\" style=\"text-align: center;\" align=\"left\">291107<\/td>\n<td class=\"tab-02\" style=\"text-align: center;\" align=\"left\">100 x 100<\/td>\n<td class=\"tab-02\" style=\"text-align: center;\" align=\"left\">3<\/td>\n<td class=\"tab-02\" style=\"text-align: center;\" align=\"left\">2000 x 2000<\/td>\n<td class=\"tab-02\" style=\"text-align: center;\" align=\"left\">\u00a0feuerverzinkt<\/td>\n<\/tr>\n<tr>\n<td class=\"tab-02A\" style=\"text-align: center;\" align=\"left\">291108<\/td>\n<td class=\"tab-02A\" style=\"text-align: center;\" align=\"left\">100 x 100<\/td>\n<td class=\"tab-02A\" style=\"text-align: center;\" align=\"left\">4<\/td>\n<td class=\"tab-02A\" style=\"text-align: center;\" align=\"left\">2000 x 2000<\/td>\n<td class=\"tab-02A\" style=\"text-align: center;\" align=\"left\">\u00a0feuerverzinkt<\/td>\n<\/tr>\n<tr>\n<td class=\"tab-02\" style=\"text-align: center;\" align=\"left\">291109<\/td>\n<td class=\"tab-02\" style=\"text-align: center;\" align=\"left\">100 x 100<\/td>\n<td class=\"tab-02\" style=\"text-align: center;\" align=\"left\">6<\/td>\n<td class=\"tab-02\" style=\"text-align: center;\" align=\"left\">2000 x 3000<\/td>\n<td class=\"tab-02\" style=\"text-align: center;\" align=\"left\">\u00a0feuerverzinkt<\/td>\n<\/tr>\n<\/tbody>\n<\/table>\n<\/div>\n<\/div><\/div><\/div><\/div><\/div><div class=\"fusion-fullwidth fullwidth-box fusion-builder-row-2 fusion-flex-container nonhundred-percent-fullwidth non-hundred-percent-height-scrolling\" style=\"--awb-border-radius-top-left:0px;--awb-border-radius-top-right:0px;--awb-border-radius-bottom-right:0px;--awb-border-radius-bottom-left:0px;--awb-padding-right:0px;--awb-padding-left:0px;\" ><div class=\"fusion-builder-row fusion-row fusion-flex-align-items-flex-start\" style=\"max-width:1456px;margin-left: calc(-4% \/ 2 );margin-right: calc(-4% \/ 2 );\"><div class=\"fusion-layout-column fusion_builder_column fusion-builder-column-1 fusion_builder_column_1_1 1_1 fusion-flex-column\" style=\"--awb-bg-size:cover;--awb-width-large:100%;--awb-margin-top-large:0px;--awb-spacing-right-large:1.92%;--awb-margin-bottom-large:20px;--awb-spacing-left-large:1.92%;--awb-width-medium:100%;--awb-order-medium:0;--awb-spacing-right-medium:1.92%;--awb-spacing-left-medium:1.92%;--awb-width-small:100%;--awb-order-small:0;--awb-spacing-right-small:1.92%;--awb-spacing-left-small:1.92%;\"><div class=\"fusion-column-wrapper fusion-column-has-shadow fusion-flex-justify-content-flex-start fusion-content-layout-column\"><div class=\"fusion-image-element \" style=\"--awb-caption-title-font-family:var(--h2_typography-font-family);--awb-caption-title-font-weight:var(--h2_typography-font-weight);--awb-caption-title-font-style:var(--h2_typography-font-style);--awb-caption-title-size:var(--h2_typography-font-size);--awb-caption-title-transform:var(--h2_typography-text-transform);--awb-caption-title-line-height:var(--h2_typography-line-height);--awb-caption-title-letter-spacing:var(--h2_typography-letter-spacing);\"><span class=\" fusion-imageframe imageframe-none imageframe-1 hover-type-none\" class=\"image-magnify\" class=\"image-scroll\"><img decoding=\"async\" width=\"300\" height=\"26\" title=\"05-6065-filo-liscio\" src=\"https:\/\/www.bestsider.eu\/wp-content\/uploads\/2021\/03\/05-6065-filo-liscio-300x26.jpg\" alt class=\"img-responsive wp-image-863\" srcset=\"https:\/\/www.bestsider.eu\/wp-content\/uploads\/2021\/03\/05-6065-filo-liscio-200x17.jpg 200w, https:\/\/www.bestsider.eu\/wp-content\/uploads\/2021\/03\/05-6065-filo-liscio-400x35.jpg 400w, https:\/\/www.bestsider.eu\/wp-content\/uploads\/2021\/03\/05-6065-filo-liscio-600x52.jpg 600w, https:\/\/www.bestsider.eu\/wp-content\/uploads\/2021\/03\/05-6065-filo-liscio.jpg 700w\" sizes=\"(max-width: 640px) 100vw, 300px\" \/><\/span><\/div>\n<div class=\"table-1\">\n<table width=\"100%\">\n<thead>\n<tr>\n<th class=\"tab-intestazione\" align=\"left\"><strong>Art. 6065<\/strong><\/th>\n<th class=\"tab-intestazione\" align=\"left\">GLATTER DRAHT<\/th>\n<\/tr>\n<\/thead>\n<tbody>\n<tr>\n<td class=\"tab-01\" align=\"left\">Drahtst\u00e4rke<\/td>\n<td class=\"tab-01A\" align=\"left\">Siehe Tabelle<\/td>\n<\/tr>\n<tr>\n<td class=\"tab-01\" align=\"left\">Material<\/td>\n<td class=\"tab-01B\" align=\"left\">\u00a0Verzinkter Stahl<\/td>\n<\/tr>\n<tr>\n<td class=\"tab-01\" align=\"left\">Finish<\/td>\n<td class=\"tab-01A\" align=\"left\">Au\u00dfenseite mit oder ohne Spitzen (am Rand abgeschnitten)<\/td>\n<\/tr>\n<tr>\n<td class=\"tab-01\" align=\"left\">Maschenweite<\/td>\n<td class=\"tab-01B\" align=\"left\">55 x 55 mm &#8211; 75 x 75 mm &#8211; 100 x 100 mm<\/td>\n<\/tr>\n<\/tbody>\n<\/table>\n<\/div>\n<\/div><\/div><div class=\"fusion-layout-column fusion_builder_column fusion-builder-column-2 fusion_builder_column_1_1 1_1 fusion-flex-column\" style=\"--awb-bg-size:cover;--awb-width-large:100%;--awb-margin-top-large:0px;--awb-spacing-right-large:1.92%;--awb-margin-bottom-large:20px;--awb-spacing-left-large:1.92%;--awb-width-medium:100%;--awb-order-medium:0;--awb-spacing-right-medium:1.92%;--awb-spacing-left-medium:1.92%;--awb-width-small:100%;--awb-order-small:0;--awb-spacing-right-small:1.92%;--awb-spacing-left-small:1.92%;\"><div class=\"fusion-column-wrapper fusion-column-has-shadow fusion-flex-justify-content-flex-start fusion-content-layout-column\"><div class=\"fusion-image-element \" style=\"--awb-caption-title-font-family:var(--h2_typography-font-family);--awb-caption-title-font-weight:var(--h2_typography-font-weight);--awb-caption-title-font-style:var(--h2_typography-font-style);--awb-caption-title-size:var(--h2_typography-font-size);--awb-caption-title-transform:var(--h2_typography-text-transform);--awb-caption-title-line-height:var(--h2_typography-line-height);--awb-caption-title-letter-spacing:var(--h2_typography-letter-spacing);\"><span class=\" fusion-imageframe imageframe-none imageframe-2 hover-type-none\" class=\"image-magnify\" class=\"image-scroll\"><img decoding=\"async\" width=\"300\" height=\"26\" title=\"06-7184-filo-rigato\" src=\"https:\/\/www.bestsider.eu\/wp-content\/uploads\/2021\/03\/06-7184-filo-rigato-300x26.jpg\" alt class=\"img-responsive wp-image-864\" srcset=\"https:\/\/www.bestsider.eu\/wp-content\/uploads\/2021\/03\/06-7184-filo-rigato-200x17.jpg 200w, https:\/\/www.bestsider.eu\/wp-content\/uploads\/2021\/03\/06-7184-filo-rigato-400x35.jpg 400w, https:\/\/www.bestsider.eu\/wp-content\/uploads\/2021\/03\/06-7184-filo-rigato-600x52.jpg 600w, https:\/\/www.bestsider.eu\/wp-content\/uploads\/2021\/03\/06-7184-filo-rigato.jpg 700w\" sizes=\"(max-width: 640px) 100vw, 300px\" \/><\/span><\/div>\n<div class=\"table-1\">\n<table width=\"100%\">\n<thead>\n<tr>\n<th class=\"tab-intestazione\" align=\"left\"><strong>Art. 7184<\/strong><\/th>\n<th class=\"tab-intestazione\" align=\"left\">\u00a0GERIPPTER DRAHT (VERBUND)<\/th>\n<\/tr>\n<\/thead>\n<tbody>\n<tr>\n<td class=\"tab-01\" align=\"left\">Drahtst\u00e4rke<\/td>\n<td class=\"tab-01A\" align=\"left\">Siehe Tabelle<\/td>\n<\/tr>\n<tr>\n<td class=\"tab-01\" align=\"left\">Material<\/td>\n<td class=\"tab-01B\" align=\"left\">Verzinkter Stahl<\/td>\n<\/tr>\n<tr>\n<td class=\"tab-01\" align=\"left\">Finish<\/td>\n<td class=\"tab-01A\" align=\"left\">\u00a0Au\u00dfenseite mit oder ohne Spitzen (am Rand abgeschnitten)<\/td>\n<\/tr>\n<tr>\n<td class=\"tab-01\" align=\"left\">Maschenweite<\/td>\n<td class=\"tab-01B\" align=\"left\">55 x 55 mm &#8211; 75 x 75 mm &#8211; 100 x 100 mm<\/td>\n<\/tr>\n<\/tbody>\n<\/table>\n<\/div>\n<\/div><\/div><\/div><\/div><\/p>\n","protected":false},"excerpt":{"rendered":"","protected":false},"featured_media":6554,"template":"","meta":[],"product_cat":[284],"product_tag":[],"class_list":["post-6553","product","type-product","status-publish","has-post-thumbnail","hentry","product_cat-estrichgitter-speziell-fur-fussbodenheizungen"],"yoast_head":"<!-- This site is optimized with the Yoast SEO plugin v20.4 - https:\/\/yoast.com\/wordpress\/plugins\/seo\/ -->\n<title>Estrichgitter Speziell F\u00fcr Fussbodenheizungen - Bestsider<\/title>\n<meta name=\"robots\" content=\"index, follow, max-snippet:-1, max-image-preview:large, max-video-preview:-1\" \/>\n<link rel=\"canonical\" href=\"https:\/\/www.bestsider.eu\/de\/prodotto\/estrichgitter-speziell-fuer-fussbodenheizungen\/\" \/>\n<meta property=\"og:locale\" content=\"de_DE\" \/>\n<meta property=\"og:type\" content=\"article\" \/>\n<meta property=\"og:title\" content=\"Estrichgitter Speziell F\u00fcr Fussbodenheizungen - Bestsider\" \/>\n<meta property=\"og:url\" content=\"https:\/\/www.bestsider.eu\/de\/prodotto\/estrichgitter-speziell-fuer-fussbodenheizungen\/\" \/>\n<meta property=\"og:site_name\" content=\"Bestsider\" \/>\n<meta property=\"article:modified_time\" content=\"2021-04-29T10:34:13+00:00\" \/>\n<meta property=\"og:image\" content=\"https:\/\/www.bestsider.eu\/wp-content\/uploads\/2021\/03\/02-Rete-Antifessurante.jpg\" \/>\n\t<meta property=\"og:image:width\" content=\"700\" \/>\n\t<meta property=\"og:image:height\" content=\"416\" \/>\n\t<meta property=\"og:image:type\" content=\"image\/jpeg\" \/>\n<meta name=\"twitter:card\" content=\"summary_large_image\" \/>\n<meta name=\"twitter:label1\" content=\"Gesch\u00e4tzte Lesezeit\" \/>\n\t<meta name=\"twitter:data1\" content=\"10\u00a0Minuten\" \/>\n<script type=\"application\/ld+json\" class=\"yoast-schema-graph\">{\"@context\":\"https:\/\/schema.org\",\"@graph\":[{\"@type\":\"WebPage\",\"@id\":\"https:\/\/www.bestsider.eu\/de\/prodotto\/estrichgitter-speziell-fuer-fussbodenheizungen\/\",\"url\":\"https:\/\/www.bestsider.eu\/de\/prodotto\/estrichgitter-speziell-fuer-fussbodenheizungen\/\",\"name\":\"Estrichgitter Speziell F\u00fcr Fussbodenheizungen - Bestsider\",\"isPartOf\":{\"@id\":\"https:\/\/www.bestsider.eu\/#website\"},\"datePublished\":\"2021-03-11T11:06:39+00:00\",\"dateModified\":\"2021-04-29T10:34:13+00:00\",\"breadcrumb\":{\"@id\":\"https:\/\/www.bestsider.eu\/de\/prodotto\/estrichgitter-speziell-fuer-fussbodenheizungen\/#breadcrumb\"},\"inLanguage\":\"de\",\"potentialAction\":[{\"@type\":\"ReadAction\",\"target\":[\"https:\/\/www.bestsider.eu\/de\/prodotto\/estrichgitter-speziell-fuer-fussbodenheizungen\/\"]}]},{\"@type\":\"BreadcrumbList\",\"@id\":\"https:\/\/www.bestsider.eu\/de\/prodotto\/estrichgitter-speziell-fuer-fussbodenheizungen\/#breadcrumb\",\"itemListElement\":[{\"@type\":\"ListItem\",\"position\":1,\"name\":\"Home\",\"item\":\"https:\/\/www.bestsider.eu\/de\/\"},{\"@type\":\"ListItem\",\"position\":2,\"name\":\"Area Riservata\",\"item\":\"https:\/\/www.bestsider.eu\/area-riservata\/\"},{\"@type\":\"ListItem\",\"position\":3,\"name\":\"Estrichgitter Speziell F\u00fcr Fussbodenheizungen\"}]},{\"@type\":\"WebSite\",\"@id\":\"https:\/\/www.bestsider.eu\/#website\",\"url\":\"https:\/\/www.bestsider.eu\/\",\"name\":\"Bestsider\",\"description\":\"\",\"publisher\":{\"@id\":\"https:\/\/www.bestsider.eu\/#organization\"},\"potentialAction\":[{\"@type\":\"SearchAction\",\"target\":{\"@type\":\"EntryPoint\",\"urlTemplate\":\"https:\/\/www.bestsider.eu\/?s={search_term_string}\"},\"query-input\":\"required name=search_term_string\"}],\"inLanguage\":\"de\"},{\"@type\":\"Organization\",\"@id\":\"https:\/\/www.bestsider.eu\/#organization\",\"name\":\"BESTSIDER s.r.l. unipersonale\",\"url\":\"https:\/\/www.bestsider.eu\/\",\"logo\":{\"@type\":\"ImageObject\",\"inLanguage\":\"de\",\"@id\":\"https:\/\/www.bestsider.eu\/#\/schema\/logo\/image\/\",\"url\":\"https:\/\/www.bestsider.eu\/wp-content\/uploads\/2021\/03\/logo-2021.png\",\"contentUrl\":\"https:\/\/www.bestsider.eu\/wp-content\/uploads\/2021\/03\/logo-2021.png\",\"width\":141,\"height\":65,\"caption\":\"BESTSIDER s.r.l. unipersonale\"},\"image\":{\"@id\":\"https:\/\/www.bestsider.eu\/#\/schema\/logo\/image\/\"}}]}<\/script>\n<!-- \/ Yoast SEO plugin. -->","yoast_head_json":{"title":"Estrichgitter Speziell F\u00fcr Fussbodenheizungen - Bestsider","robots":{"index":"index","follow":"follow","max-snippet":"max-snippet:-1","max-image-preview":"max-image-preview:large","max-video-preview":"max-video-preview:-1"},"canonical":"https:\/\/www.bestsider.eu\/de\/prodotto\/estrichgitter-speziell-fuer-fussbodenheizungen\/","og_locale":"de_DE","og_type":"article","og_title":"Estrichgitter Speziell F\u00fcr Fussbodenheizungen - Bestsider","og_url":"https:\/\/www.bestsider.eu\/de\/prodotto\/estrichgitter-speziell-fuer-fussbodenheizungen\/","og_site_name":"Bestsider","article_modified_time":"2021-04-29T10:34:13+00:00","og_image":[{"width":700,"height":416,"url":"https:\/\/www.bestsider.eu\/wp-content\/uploads\/2021\/03\/02-Rete-Antifessurante.jpg","type":"image\/jpeg"}],"twitter_card":"summary_large_image","twitter_misc":{"Gesch\u00e4tzte Lesezeit":"10\u00a0Minuten"},"schema":{"@context":"https:\/\/schema.org","@graph":[{"@type":"WebPage","@id":"https:\/\/www.bestsider.eu\/de\/prodotto\/estrichgitter-speziell-fuer-fussbodenheizungen\/","url":"https:\/\/www.bestsider.eu\/de\/prodotto\/estrichgitter-speziell-fuer-fussbodenheizungen\/","name":"Estrichgitter Speziell F\u00fcr Fussbodenheizungen - Bestsider","isPartOf":{"@id":"https:\/\/www.bestsider.eu\/#website"},"datePublished":"2021-03-11T11:06:39+00:00","dateModified":"2021-04-29T10:34:13+00:00","breadcrumb":{"@id":"https:\/\/www.bestsider.eu\/de\/prodotto\/estrichgitter-speziell-fuer-fussbodenheizungen\/#breadcrumb"},"inLanguage":"de","potentialAction":[{"@type":"ReadAction","target":["https:\/\/www.bestsider.eu\/de\/prodotto\/estrichgitter-speziell-fuer-fussbodenheizungen\/"]}]},{"@type":"BreadcrumbList","@id":"https:\/\/www.bestsider.eu\/de\/prodotto\/estrichgitter-speziell-fuer-fussbodenheizungen\/#breadcrumb","itemListElement":[{"@type":"ListItem","position":1,"name":"Home","item":"https:\/\/www.bestsider.eu\/de\/"},{"@type":"ListItem","position":2,"name":"Area Riservata","item":"https:\/\/www.bestsider.eu\/area-riservata\/"},{"@type":"ListItem","position":3,"name":"Estrichgitter Speziell F\u00fcr Fussbodenheizungen"}]},{"@type":"WebSite","@id":"https:\/\/www.bestsider.eu\/#website","url":"https:\/\/www.bestsider.eu\/","name":"Bestsider","description":"","publisher":{"@id":"https:\/\/www.bestsider.eu\/#organization"},"potentialAction":[{"@type":"SearchAction","target":{"@type":"EntryPoint","urlTemplate":"https:\/\/www.bestsider.eu\/?s={search_term_string}"},"query-input":"required name=search_term_string"}],"inLanguage":"de"},{"@type":"Organization","@id":"https:\/\/www.bestsider.eu\/#organization","name":"BESTSIDER s.r.l. unipersonale","url":"https:\/\/www.bestsider.eu\/","logo":{"@type":"ImageObject","inLanguage":"de","@id":"https:\/\/www.bestsider.eu\/#\/schema\/logo\/image\/","url":"https:\/\/www.bestsider.eu\/wp-content\/uploads\/2021\/03\/logo-2021.png","contentUrl":"https:\/\/www.bestsider.eu\/wp-content\/uploads\/2021\/03\/logo-2021.png","width":141,"height":65,"caption":"BESTSIDER s.r.l. unipersonale"},"image":{"@id":"https:\/\/www.bestsider.eu\/#\/schema\/logo\/image\/"}}]}},"_links":{"self":[{"href":"https:\/\/www.bestsider.eu\/de\/wp-json\/wp\/v2\/product\/6553","targetHints":{"allow":["GET"]}}],"collection":[{"href":"https:\/\/www.bestsider.eu\/de\/wp-json\/wp\/v2\/product"}],"about":[{"href":"https:\/\/www.bestsider.eu\/de\/wp-json\/wp\/v2\/types\/product"}],"wp:featuredmedia":[{"embeddable":true,"href":"https:\/\/www.bestsider.eu\/de\/wp-json\/wp\/v2\/media\/6554"}],"wp:attachment":[{"href":"https:\/\/www.bestsider.eu\/de\/wp-json\/wp\/v2\/media?parent=6553"}],"wp:term":[{"taxonomy":"product_cat","embeddable":true,"href":"https:\/\/www.bestsider.eu\/de\/wp-json\/wp\/v2\/product_cat?post=6553"},{"taxonomy":"product_tag","embeddable":true,"href":"https:\/\/www.bestsider.eu\/de\/wp-json\/wp\/v2\/product_tag?post=6553"}],"curies":[{"name":"wp","href":"https:\/\/api.w.org\/{rel}","templated":true}]}}