{"id":6468,"date":"2021-03-24T15:35:22","date_gmt":"2021-03-24T15:35:22","guid":{"rendered":"https:\/\/www.bestsider.eu\/product\/piantane-per-recinzioni-industriali\/"},"modified":"2021-04-29T09:35:24","modified_gmt":"2021-04-29T09:35:24","slug":"pfosten-fuer-industriezaeune","status":"publish","type":"product","link":"https:\/\/www.bestsider.eu\/de\/prodotto\/pfosten-fuer-industriezaeune\/","title":{"rendered":"Pfosten f\u00fcr Industriez\u00e4une"},"content":{"rendered":"<p><div class=\"fusion-fullwidth fullwidth-box fusion-builder-row-1 fusion-flex-container nonhundred-percent-fullwidth non-hundred-percent-height-scrolling\" style=\"--awb-border-radius-top-left:0px;--awb-border-radius-top-right:0px;--awb-border-radius-bottom-right:0px;--awb-border-radius-bottom-left:0px;--awb-padding-right:0px;--awb-padding-left:0px;--awb-margin-top:0px;\" ><div class=\"fusion-builder-row fusion-row fusion-flex-align-items-flex-start\" style=\"max-width:1456px;margin-left: calc(-4% \/ 2 );margin-right: calc(-4% \/ 2 );\"><div class=\"fusion-layout-column fusion_builder_column fusion-builder-column-0 fusion_builder_column_1_1 1_1 fusion-flex-column\" style=\"--awb-bg-size:cover;--awb-width-large:100%;--awb-margin-top-large:0px;--awb-spacing-right-large:1.92%;--awb-margin-bottom-large:20px;--awb-spacing-left-large:1.92%;--awb-width-medium:100%;--awb-order-medium:0;--awb-spacing-right-medium:1.92%;--awb-spacing-left-medium:1.92%;--awb-width-small:100%;--awb-order-small:0;--awb-spacing-right-small:1.92%;--awb-spacing-left-small:1.92%;\"><div class=\"fusion-column-wrapper fusion-column-has-shadow fusion-flex-justify-content-flex-start fusion-content-layout-column\"><div class=\"fusion-title title fusion-title-1 fusion-sep-none fusion-title-text fusion-title-size-three\"><h3 class=\"title-heading-left fusion-responsive-typography-calculated\" style=\"margin:0;--fontSize:32;line-height:1.3;\">Pfosten f\u00fcr Industriez\u00e4une<\/h3><\/div><div class=\"fusion-text fusion-text-1\"><p>Um Ihre Bed\u00fcrfnisse, was Umz\u00e4unungen betrifft, in vollem Umfang gerecht zu werden, bietet unser Unternehmen 4 Pfostenausf\u00fchrungen. Die Pfostentypen unterscheiden sich zwar durch ihre Gestaltung, garantieren jedoch alle maximale Festigkeit. F\u00fcr jeden Pfostentyp steht ein Bausatz f\u00fcr die Gitterelement-Pfosten-Befestigung zur Verf\u00fcgung. Rechteckrohre zu 60&#215;60 mm sind am bekanntesten und werden am h\u00e4ufigsten eingesetzt.<\/p>\n<\/div><div class=\"fusion-text fusion-text-2\"><p><strong>Standardfarben<\/strong><\/p>\n<\/div><div class=\"fusion-image-element \" style=\"--awb-caption-title-font-family:var(--h2_typography-font-family);--awb-caption-title-font-weight:var(--h2_typography-font-weight);--awb-caption-title-font-style:var(--h2_typography-font-style);--awb-caption-title-size:var(--h2_typography-font-size);--awb-caption-title-transform:var(--h2_typography-text-transform);--awb-caption-title-line-height:var(--h2_typography-line-height);--awb-caption-title-letter-spacing:var(--h2_typography-letter-spacing);\"><span class=\" fusion-imageframe imageframe-none imageframe-1 hover-type-none\" class=\"image-magnify\" class=\"image-scroll\"><img decoding=\"async\" width=\"250\" height=\"100\" title=\"5 Colori-recinzioni-2\" src=\"https:\/\/www.bestsider.eu\/wp-content\/uploads\/2021\/03\/5-Colori-recinzioni-2.png\" alt class=\"img-responsive wp-image-6512\" srcset=\"https:\/\/www.bestsider.eu\/wp-content\/uploads\/2021\/03\/5-Colori-recinzioni-2-200x80.png 200w, https:\/\/www.bestsider.eu\/wp-content\/uploads\/2021\/03\/5-Colori-recinzioni-2.png 250w\" sizes=\"(max-width: 640px) 100vw, 250px\" \/><\/span><\/div><div class=\"fusion-text fusion-text-3\"><p>Andere Farben auf Anfrage<\/p>\n<\/div><div class=\"fusion-separator fusion-full-width-sep\" style=\"align-self: center;margin-left: auto;margin-right: auto;margin-top:20px;width:100%;\"><\/div><div class=\"fusion-text fusion-text-4\" style=\"--awb-font-size:26px;\"><p><strong>Empfohlene Pfosten f\u00fcr Zaunmodell Double Wire<\/strong><\/p>\n<\/div>\n<div class=\"table-1\">\n<table width=\"100%\">\n<thead>\n<tr>\n<th class=\"tab-intestazione-small\" style=\"text-align: center;\" colspan=\"3\" align=\"center\">Rechteckpfosten<\/th>\n<th class=\"tab-intestazione-small\" style=\"text-align: center;\" colspan=\"3\" align=\"center\">\u00a0Quadratpfosten<\/th>\n<\/tr>\n<\/thead>\n<thead>\n<tr>\n<th class=\"tab-intestazione-small-grey\" style=\"text-align: center;\" align=\"left\">Gr\u00f6\u00dfe<br \/><span class=\"tab-intestazione-small-under-grey\">HxLxL<\/span><br \/><span class=\"tab-intestazione-small-under-grey\">(mm)<\/span><\/th>\n<th class=\"tab-intestazione-small-grey\" style=\"text-align: center;\" align=\"left\">Zubeh\u00f6r<br \/>\u00a0Verschl\u00fcsse<\/th>\n<th class=\"tab-intestazione-small-grey\" style=\"text-align: center;\" align=\"left\">Zubeh\u00f6r<br \/>\u00a0Klammern <\/th>\n<th class=\"tab-intestazione-small-grey\" style=\"text-align: center;\" align=\"left\">Gr\u00f6\u00dfe<br \/><span class=\"tab-intestazione-small-under-grey\">HxLxL<\/span><br \/><span class=\"tab-intestazione-small-under-grey\">(mm)<\/span><\/th>\n<th class=\"tab-intestazione-small-grey\" style=\"text-align: center;\" align=\"left\">Zubeh\u00f6r<br \/>\u00a0Verschl\u00fcsse<\/th>\n<th class=\"tab-intestazione-small-grey\" style=\"text-align: center;\" align=\"left\">Zubeh\u00f6r<br \/>\u00a0Klammern <\/th>\n<\/tr>\n<\/thead>\n<tbody>\n<tr>\n<td class=\"tab-02\" style=\"text-align: center;\" align=\"left\">900 x 40 x 60<\/td>\n<td class=\"tab-02\" style=\"text-align: center;\" align=\"left\">1<\/td>\n<td class=\"tab-02\" style=\"text-align: center;\" align=\"left\">&#8211;<\/td>\n<td class=\"tab-02A\" style=\"text-align: center;\" align=\"left\">900 x 60 x 60<\/td>\n<td class=\"tab-02A\" style=\"text-align: center;\" align=\"left\">1<\/td>\n<td class=\"tab-02A\" style=\"text-align: center;\" align=\"left\">&#8211;<\/td>\n<\/tr>\n<tr>\n<td class=\"tab-02\" style=\"text-align: center;\" align=\"left\">1300 x 40 x 60<\/td>\n<td class=\"tab-02\" style=\"text-align: center;\" align=\"left\">1<\/td>\n<td class=\"tab-02\" style=\"text-align: center;\" align=\"left\">&#8211;<\/td>\n<td class=\"tab-02A\" style=\"text-align: center;\" align=\"left\">1300 x 60 x 60<\/td>\n<td class=\"tab-02A\" style=\"text-align: center;\" align=\"left\">1<\/td>\n<td class=\"tab-02A\" style=\"text-align: center;\" align=\"left\">&#8211;<\/td>\n<\/tr>\n<tr>\n<td class=\"tab-02\" style=\"text-align: center;\" align=\"left\">1800 x 40 x 60<\/td>\n<td class=\"tab-02\" style=\"text-align: center;\" align=\"left\">1<\/td>\n<td class=\"tab-02\" style=\"text-align: center;\" align=\"left\">&#8211;<\/td>\n<td class=\"tab-02A\" style=\"text-align: center;\" align=\"left\">1800 x 60 x 60<\/td>\n<td class=\"tab-02A\" style=\"text-align: center;\" align=\"left\">1<\/td>\n<td class=\"tab-02A\" style=\"text-align: center;\" align=\"left\">&#8211;<\/td>\n<\/tr>\n<tr>\n<td class=\"tab-02\" style=\"text-align: center;\" align=\"left\">2000 x 40 x 60<\/td>\n<td class=\"tab-02\" style=\"text-align: center;\" align=\"left\">1<\/td>\n<td class=\"tab-02\" style=\"text-align: center;\" align=\"left\">&#8211;<\/td>\n<td class=\"tab-02A\" style=\"text-align: center;\" align=\"left\">2000 x 60 x 60<\/td>\n<td class=\"tab-02A\" style=\"text-align: center;\" align=\"left\">1<\/td>\n<td class=\"tab-02A\" style=\"text-align: center;\" align=\"left\">&#8211;<\/td>\n<\/tr>\n<tr>\n<td class=\"tab-02\" style=\"text-align: center;\" align=\"left\">2000 x 40 x 60<\/td>\n<td class=\"tab-02\" style=\"text-align: center;\" align=\"left\">1<\/td>\n<td class=\"tab-02\" style=\"text-align: center;\" align=\"left\">&#8211;<\/td>\n<td class=\"tab-02A\" style=\"text-align: center;\" align=\"left\">2000 x 60 x 60<\/td>\n<td class=\"tab-02A\" style=\"text-align: center;\" align=\"left\">1<\/td>\n<td class=\"tab-02A\" style=\"text-align: center;\" align=\"left\">&#8211;<\/td>\n<\/tr>\n<tr>\n<td class=\"tab-02\" style=\"text-align: center;\" align=\"left\">2500 x 40 x 60<\/td>\n<td class=\"tab-02\" style=\"text-align: center;\" align=\"left\">1<\/td>\n<td class=\"tab-02\" style=\"text-align: center;\" align=\"left\">&#8211;<\/td>\n<td class=\"tab-02A\" style=\"text-align: center;\" align=\"left\">2500 x 60 x 60<\/td>\n<td class=\"tab-02A\" style=\"text-align: center;\" align=\"left\">1<\/td>\n<td class=\"tab-02A\" style=\"text-align: center;\" align=\"left\">&#8211;<\/td>\n<\/tr>\n<\/tbody>\n<\/table>\n<\/div>\n<\/div><\/div><\/div><\/div><div class=\"fusion-fullwidth fullwidth-box fusion-builder-row-2 fusion-flex-container nonhundred-percent-fullwidth non-hundred-percent-height-scrolling\" style=\"--awb-border-radius-top-left:0px;--awb-border-radius-top-right:0px;--awb-border-radius-bottom-right:0px;--awb-border-radius-bottom-left:0px;--awb-padding-right:0px;--awb-padding-left:0px;\" ><div class=\"fusion-builder-row fusion-row fusion-flex-align-items-flex-start\" style=\"max-width:1456px;margin-left: calc(-4% \/ 2 );margin-right: calc(-4% \/ 2 );\"><div class=\"fusion-layout-column fusion_builder_column fusion-builder-column-1 fusion_builder_column_1_2 1_2 fusion-flex-column\" style=\"--awb-bg-size:cover;--awb-width-large:50%;--awb-margin-top-large:0px;--awb-spacing-right-large:3.84%;--awb-margin-bottom-large:20px;--awb-spacing-left-large:3.84%;--awb-width-medium:50%;--awb-order-medium:0;--awb-spacing-right-medium:3.84%;--awb-spacing-left-medium:3.84%;--awb-width-small:100%;--awb-order-small:0;--awb-spacing-right-small:1.92%;--awb-spacing-left-small:1.92%;\"><div class=\"fusion-column-wrapper fusion-column-has-shadow fusion-flex-justify-content-flex-start fusion-content-layout-column\"><div class=\"fusion-image-element \" style=\"--awb-caption-title-font-family:var(--h2_typography-font-family);--awb-caption-title-font-weight:var(--h2_typography-font-weight);--awb-caption-title-font-style:var(--h2_typography-font-style);--awb-caption-title-size:var(--h2_typography-font-size);--awb-caption-title-transform:var(--h2_typography-text-transform);--awb-caption-title-line-height:var(--h2_typography-line-height);--awb-caption-title-letter-spacing:var(--h2_typography-letter-spacing);\"><span class=\" fusion-imageframe imageframe-none imageframe-2 hover-type-none\" class=\"image-magnify\" class=\"image-scroll\"><img decoding=\"async\" width=\"300\" height=\"178\" title=\"piantana-rettangolare\" src=\"https:\/\/www.bestsider.eu\/wp-content\/uploads\/2021\/03\/piantana-rettangolare-300x178.jpg\" alt class=\"img-responsive wp-image-6453\" srcset=\"https:\/\/www.bestsider.eu\/wp-content\/uploads\/2021\/03\/piantana-rettangolare-200x119.jpg 200w, https:\/\/www.bestsider.eu\/wp-content\/uploads\/2021\/03\/piantana-rettangolare-400x238.jpg 400w, https:\/\/www.bestsider.eu\/wp-content\/uploads\/2021\/03\/piantana-rettangolare-600x357.jpg 600w, https:\/\/www.bestsider.eu\/wp-content\/uploads\/2021\/03\/piantana-rettangolare.jpg 700w\" sizes=\"(max-width: 640px) 100vw, 300px\" \/><\/span><\/div><div class=\"fusion-title title fusion-title-2 fusion-sep-none fusion-title-text fusion-title-size-five\" style=\"--awb-text-color:#44637e;\"><h5 class=\"title-heading-left fusion-responsive-typography-calculated\" style=\"margin:0;--fontSize:24;line-height:1.4;\"><strong>Rechteckpfosten<\/strong><\/h5><\/div><div class=\"fusion-separator fusion-full-width-sep\" style=\"align-self: center;margin-left: auto;margin-right: auto;margin-top:20px;width:100%;\"><\/div><div class=\"fusion-text fusion-text-5\"><p>Rechteckrohr, Durchmesser 60&#215;40 mm, St\u00e4rke 1,5 mm. Das<br \/>\nleichteste der Kategorie. Lieferbar sowohl in der Ausf\u00fchrung zum<br \/>\nEingie\u00dfen (in der Betonbodenplatte einzubetten) als auch in der<br \/>\nAusf\u00fchrung zur Befestigung mit D\u00fcbeln (mit einem Stahlflansch<br \/>\nan der Basis) zur Befestigung an einem Betonring.<\/p>\n<\/div><\/div><\/div><div class=\"fusion-layout-column fusion_builder_column fusion-builder-column-2 fusion_builder_column_1_2 1_2 fusion-flex-column\" style=\"--awb-bg-size:cover;--awb-width-large:50%;--awb-margin-top-large:0px;--awb-spacing-right-large:3.84%;--awb-margin-bottom-large:20px;--awb-spacing-left-large:3.84%;--awb-width-medium:50%;--awb-order-medium:0;--awb-spacing-right-medium:3.84%;--awb-spacing-left-medium:3.84%;--awb-width-small:100%;--awb-order-small:0;--awb-spacing-right-small:1.92%;--awb-spacing-left-small:1.92%;\"><div class=\"fusion-column-wrapper fusion-column-has-shadow fusion-flex-justify-content-flex-start fusion-content-layout-column\"><div class=\"fusion-image-element \" style=\"--awb-caption-title-font-family:var(--h2_typography-font-family);--awb-caption-title-font-weight:var(--h2_typography-font-weight);--awb-caption-title-font-style:var(--h2_typography-font-style);--awb-caption-title-size:var(--h2_typography-font-size);--awb-caption-title-transform:var(--h2_typography-text-transform);--awb-caption-title-line-height:var(--h2_typography-line-height);--awb-caption-title-letter-spacing:var(--h2_typography-letter-spacing);\"><span class=\" fusion-imageframe imageframe-none imageframe-3 hover-type-none\" class=\"image-magnify\" class=\"image-scroll\"><img decoding=\"async\" width=\"300\" height=\"178\" title=\"piantana-quadrata\" src=\"https:\/\/www.bestsider.eu\/wp-content\/uploads\/2021\/03\/piantana-quadrata-300x178.jpg\" alt class=\"img-responsive wp-image-6450\" srcset=\"https:\/\/www.bestsider.eu\/wp-content\/uploads\/2021\/03\/piantana-quadrata-200x119.jpg 200w, https:\/\/www.bestsider.eu\/wp-content\/uploads\/2021\/03\/piantana-quadrata-400x238.jpg 400w, https:\/\/www.bestsider.eu\/wp-content\/uploads\/2021\/03\/piantana-quadrata-600x357.jpg 600w, https:\/\/www.bestsider.eu\/wp-content\/uploads\/2021\/03\/piantana-quadrata.jpg 700w\" sizes=\"(max-width: 640px) 100vw, 300px\" \/><\/span><\/div><div class=\"fusion-title title fusion-title-3 fusion-sep-none fusion-title-text fusion-title-size-five\" style=\"--awb-text-color:#44637e;\"><h5 class=\"title-heading-left fusion-responsive-typography-calculated\" style=\"margin:0;--fontSize:24;line-height:1.4;\"><strong> Quadratpfosten<br \/>\n<\/strong><\/h5><\/div><div class=\"fusion-separator fusion-full-width-sep\" style=\"align-self: center;margin-left: auto;margin-right: auto;margin-top:20px;width:100%;\"><\/div><div class=\"fusion-text fusion-text-6\"><p>Quadratrohr, Durchmesser 60&#215;60 mm, St\u00e4rke 1.5 mm. Die her-<br \/>k\u00f6mmlichste Pfostenart. Lieferbar sowohl in der Ausf\u00fchrung zum<br \/>Eingie\u00dfen (in der Betonboden-platte einzubetten) als auch in der<br \/>Ausf\u00fchrung zur Befestigung mit D\u00fcbeln (mit einem Stahlflansch<br \/>an der Basis) zur Befestigung an einem Betonring.<\/p>\n<\/div><\/div><\/div><\/div><\/div><\/p>\n","protected":false},"excerpt":{"rendered":"","protected":false},"featured_media":6448,"template":"","meta":[],"product_cat":[274],"product_tag":[],"class_list":["post-6468","product","type-product","status-publish","has-post-thumbnail","hentry","product_cat-industriezaune"],"yoast_head":"<!-- This site is optimized with the Yoast SEO plugin v20.4 - https:\/\/yoast.com\/wordpress\/plugins\/seo\/ -->\n<title>Pfosten f\u00fcr Industriez\u00e4une - Bestsider<\/title>\n<meta name=\"robots\" content=\"index, follow, max-snippet:-1, max-image-preview:large, max-video-preview:-1\" \/>\n<link rel=\"canonical\" href=\"https:\/\/www.bestsider.eu\/de\/prodotto\/pfosten-fuer-industriezaeune\/\" \/>\n<meta property=\"og:locale\" content=\"de_DE\" \/>\n<meta property=\"og:type\" content=\"article\" \/>\n<meta property=\"og:title\" content=\"Pfosten f\u00fcr Industriez\u00e4une - Bestsider\" \/>\n<meta property=\"og:url\" content=\"https:\/\/www.bestsider.eu\/de\/prodotto\/pfosten-fuer-industriezaeune\/\" \/>\n<meta property=\"og:site_name\" content=\"Bestsider\" \/>\n<meta property=\"article:modified_time\" content=\"2021-04-29T09:35:24+00:00\" \/>\n<meta property=\"og:image\" content=\"https:\/\/www.bestsider.eu\/wp-content\/uploads\/2021\/03\/1-piantane.jpg\" \/>\n\t<meta property=\"og:image:width\" content=\"700\" \/>\n\t<meta property=\"og:image:height\" content=\"416\" \/>\n\t<meta property=\"og:image:type\" content=\"image\/jpeg\" \/>\n<meta name=\"twitter:card\" content=\"summary_large_image\" \/>\n<meta name=\"twitter:label1\" content=\"Gesch\u00e4tzte Lesezeit\" \/>\n\t<meta name=\"twitter:data1\" content=\"15\u00a0Minuten\" \/>\n<script type=\"application\/ld+json\" class=\"yoast-schema-graph\">{\"@context\":\"https:\/\/schema.org\",\"@graph\":[{\"@type\":\"WebPage\",\"@id\":\"https:\/\/www.bestsider.eu\/de\/prodotto\/pfosten-fuer-industriezaeune\/\",\"url\":\"https:\/\/www.bestsider.eu\/de\/prodotto\/pfosten-fuer-industriezaeune\/\",\"name\":\"Pfosten f\u00fcr Industriez\u00e4une - Bestsider\",\"isPartOf\":{\"@id\":\"https:\/\/www.bestsider.eu\/#website\"},\"datePublished\":\"2021-03-24T15:35:22+00:00\",\"dateModified\":\"2021-04-29T09:35:24+00:00\",\"breadcrumb\":{\"@id\":\"https:\/\/www.bestsider.eu\/de\/prodotto\/pfosten-fuer-industriezaeune\/#breadcrumb\"},\"inLanguage\":\"de\",\"potentialAction\":[{\"@type\":\"ReadAction\",\"target\":[\"https:\/\/www.bestsider.eu\/de\/prodotto\/pfosten-fuer-industriezaeune\/\"]}]},{\"@type\":\"BreadcrumbList\",\"@id\":\"https:\/\/www.bestsider.eu\/de\/prodotto\/pfosten-fuer-industriezaeune\/#breadcrumb\",\"itemListElement\":[{\"@type\":\"ListItem\",\"position\":1,\"name\":\"Home\",\"item\":\"https:\/\/www.bestsider.eu\/de\/\"},{\"@type\":\"ListItem\",\"position\":2,\"name\":\"Area Riservata\",\"item\":\"https:\/\/www.bestsider.eu\/area-riservata\/\"},{\"@type\":\"ListItem\",\"position\":3,\"name\":\"Pfosten f\u00fcr Industriez\u00e4une\"}]},{\"@type\":\"WebSite\",\"@id\":\"https:\/\/www.bestsider.eu\/#website\",\"url\":\"https:\/\/www.bestsider.eu\/\",\"name\":\"Bestsider\",\"description\":\"\",\"publisher\":{\"@id\":\"https:\/\/www.bestsider.eu\/#organization\"},\"potentialAction\":[{\"@type\":\"SearchAction\",\"target\":{\"@type\":\"EntryPoint\",\"urlTemplate\":\"https:\/\/www.bestsider.eu\/?s={search_term_string}\"},\"query-input\":\"required name=search_term_string\"}],\"inLanguage\":\"de\"},{\"@type\":\"Organization\",\"@id\":\"https:\/\/www.bestsider.eu\/#organization\",\"name\":\"BESTSIDER s.r.l. unipersonale\",\"url\":\"https:\/\/www.bestsider.eu\/\",\"logo\":{\"@type\":\"ImageObject\",\"inLanguage\":\"de\",\"@id\":\"https:\/\/www.bestsider.eu\/#\/schema\/logo\/image\/\",\"url\":\"https:\/\/www.bestsider.eu\/wp-content\/uploads\/2021\/03\/logo-2021.png\",\"contentUrl\":\"https:\/\/www.bestsider.eu\/wp-content\/uploads\/2021\/03\/logo-2021.png\",\"width\":141,\"height\":65,\"caption\":\"BESTSIDER s.r.l. unipersonale\"},\"image\":{\"@id\":\"https:\/\/www.bestsider.eu\/#\/schema\/logo\/image\/\"}}]}<\/script>\n<!-- \/ Yoast SEO plugin. -->","yoast_head_json":{"title":"Pfosten f\u00fcr Industriez\u00e4une - Bestsider","robots":{"index":"index","follow":"follow","max-snippet":"max-snippet:-1","max-image-preview":"max-image-preview:large","max-video-preview":"max-video-preview:-1"},"canonical":"https:\/\/www.bestsider.eu\/de\/prodotto\/pfosten-fuer-industriezaeune\/","og_locale":"de_DE","og_type":"article","og_title":"Pfosten f\u00fcr Industriez\u00e4une - Bestsider","og_url":"https:\/\/www.bestsider.eu\/de\/prodotto\/pfosten-fuer-industriezaeune\/","og_site_name":"Bestsider","article_modified_time":"2021-04-29T09:35:24+00:00","og_image":[{"width":700,"height":416,"url":"https:\/\/www.bestsider.eu\/wp-content\/uploads\/2021\/03\/1-piantane.jpg","type":"image\/jpeg"}],"twitter_card":"summary_large_image","twitter_misc":{"Gesch\u00e4tzte Lesezeit":"15\u00a0Minuten"},"schema":{"@context":"https:\/\/schema.org","@graph":[{"@type":"WebPage","@id":"https:\/\/www.bestsider.eu\/de\/prodotto\/pfosten-fuer-industriezaeune\/","url":"https:\/\/www.bestsider.eu\/de\/prodotto\/pfosten-fuer-industriezaeune\/","name":"Pfosten f\u00fcr Industriez\u00e4une - Bestsider","isPartOf":{"@id":"https:\/\/www.bestsider.eu\/#website"},"datePublished":"2021-03-24T15:35:22+00:00","dateModified":"2021-04-29T09:35:24+00:00","breadcrumb":{"@id":"https:\/\/www.bestsider.eu\/de\/prodotto\/pfosten-fuer-industriezaeune\/#breadcrumb"},"inLanguage":"de","potentialAction":[{"@type":"ReadAction","target":["https:\/\/www.bestsider.eu\/de\/prodotto\/pfosten-fuer-industriezaeune\/"]}]},{"@type":"BreadcrumbList","@id":"https:\/\/www.bestsider.eu\/de\/prodotto\/pfosten-fuer-industriezaeune\/#breadcrumb","itemListElement":[{"@type":"ListItem","position":1,"name":"Home","item":"https:\/\/www.bestsider.eu\/de\/"},{"@type":"ListItem","position":2,"name":"Area Riservata","item":"https:\/\/www.bestsider.eu\/area-riservata\/"},{"@type":"ListItem","position":3,"name":"Pfosten f\u00fcr Industriez\u00e4une"}]},{"@type":"WebSite","@id":"https:\/\/www.bestsider.eu\/#website","url":"https:\/\/www.bestsider.eu\/","name":"Bestsider","description":"","publisher":{"@id":"https:\/\/www.bestsider.eu\/#organization"},"potentialAction":[{"@type":"SearchAction","target":{"@type":"EntryPoint","urlTemplate":"https:\/\/www.bestsider.eu\/?s={search_term_string}"},"query-input":"required name=search_term_string"}],"inLanguage":"de"},{"@type":"Organization","@id":"https:\/\/www.bestsider.eu\/#organization","name":"BESTSIDER s.r.l. unipersonale","url":"https:\/\/www.bestsider.eu\/","logo":{"@type":"ImageObject","inLanguage":"de","@id":"https:\/\/www.bestsider.eu\/#\/schema\/logo\/image\/","url":"https:\/\/www.bestsider.eu\/wp-content\/uploads\/2021\/03\/logo-2021.png","contentUrl":"https:\/\/www.bestsider.eu\/wp-content\/uploads\/2021\/03\/logo-2021.png","width":141,"height":65,"caption":"BESTSIDER s.r.l. unipersonale"},"image":{"@id":"https:\/\/www.bestsider.eu\/#\/schema\/logo\/image\/"}}]}},"_links":{"self":[{"href":"https:\/\/www.bestsider.eu\/de\/wp-json\/wp\/v2\/product\/6468","targetHints":{"allow":["GET"]}}],"collection":[{"href":"https:\/\/www.bestsider.eu\/de\/wp-json\/wp\/v2\/product"}],"about":[{"href":"https:\/\/www.bestsider.eu\/de\/wp-json\/wp\/v2\/types\/product"}],"wp:featuredmedia":[{"embeddable":true,"href":"https:\/\/www.bestsider.eu\/de\/wp-json\/wp\/v2\/media\/6448"}],"wp:attachment":[{"href":"https:\/\/www.bestsider.eu\/de\/wp-json\/wp\/v2\/media?parent=6468"}],"wp:term":[{"taxonomy":"product_cat","embeddable":true,"href":"https:\/\/www.bestsider.eu\/de\/wp-json\/wp\/v2\/product_cat?post=6468"},{"taxonomy":"product_tag","embeddable":true,"href":"https:\/\/www.bestsider.eu\/de\/wp-json\/wp\/v2\/product_tag?post=6468"}],"curies":[{"name":"wp","href":"https:\/\/api.w.org\/{rel}","templated":true}]}}