{"id":6267,"date":"2021-03-15T14:47:49","date_gmt":"2021-03-15T14:47:49","guid":{"rendered":"https:\/\/www.bestsider.eu\/certificazioni-e-tracciabilita\/"},"modified":"2021-04-28T15:16:16","modified_gmt":"2021-04-28T15:16:16","slug":"zertifizierungen-und-rueckverfolgbarkeit","status":"publish","type":"page","link":"https:\/\/www.bestsider.eu\/de\/zertifizierungen-und-rueckverfolgbarkeit\/","title":{"rendered":"Zertifizierungen und Rueckverfolgbarkeit"},"content":{"rendered":"<p><div class=\"fusion-fullwidth fullwidth-box fusion-builder-row-1 fusion-flex-container nonhundred-percent-fullwidth non-hundred-percent-height-scrolling\" style=\"--awb-background-position:right bottom;--awb-border-radius-top-left:0px;--awb-border-radius-top-right:0px;--awb-border-radius-bottom-right:0px;--awb-border-radius-bottom-left:0px;--awb-padding-bottom:20px;\" ><div class=\"fusion-builder-row fusion-row fusion-flex-align-items-flex-start\" style=\"max-width:1456px;margin-left: calc(-4% \/ 2 );margin-right: calc(-4% \/ 2 );\"><div class=\"fusion-layout-column fusion_builder_column fusion-builder-column-0 fusion_builder_column_1_1 1_1 fusion-flex-column\" style=\"--awb-bg-size:cover;--awb-width-large:100%;--awb-margin-top-large:0px;--awb-spacing-right-large:1.92%;--awb-margin-bottom-large:20px;--awb-spacing-left-large:1.92%;--awb-width-medium:100%;--awb-order-medium:0;--awb-spacing-right-medium:1.92%;--awb-spacing-left-medium:1.92%;--awb-width-small:100%;--awb-order-small:0;--awb-spacing-right-small:1.92%;--awb-spacing-left-small:1.92%;\"><div class=\"fusion-column-wrapper fusion-column-has-shadow fusion-flex-justify-content-flex-start fusion-content-layout-column\"><div class=\"fusion-title title fusion-title-1 fusion-sep-none fusion-title-text fusion-title-size-one\" style=\"--awb-text-color:#44637e;\"><h1 class=\"title-heading-left fusion-responsive-typography-calculated\" style=\"margin:0;--fontSize:54;line-height:1.16;\">Konformit\u00e4t<\/h1><\/div><div class=\"fusion-text fusion-text-1\"><p>Um unseren Kunden die f\u00fcr die Sicherheitspl\u00e4ne notwendigen Unterlagen zur Verf\u00fcgung zu stellen, f\u00fcgen wir jedem Auftrag die Gebrauchsvorschriften und den technischen Bericht all unserer Zaunsysteme mit Beglaubigung durch ein namhaftes Ingenieurb\u00fcro sowie die Konformit\u00e4tserkl\u00e4rung bei <strong>CE<\/strong>.<\/p>\n<\/div><\/div><\/div><div class=\"fusion-layout-column fusion_builder_column fusion-builder-column-1 fusion_builder_column_1_2 1_2 fusion-flex-column\" style=\"--awb-bg-size:cover;--awb-width-large:50%;--awb-margin-top-large:0px;--awb-spacing-right-large:3.84%;--awb-margin-bottom-large:20px;--awb-spacing-left-large:3.84%;--awb-width-medium:50%;--awb-order-medium:0;--awb-spacing-right-medium:3.84%;--awb-spacing-left-medium:3.84%;--awb-width-small:100%;--awb-order-small:0;--awb-spacing-right-small:1.92%;--awb-spacing-left-small:1.92%;\"><div class=\"fusion-column-wrapper fusion-column-has-shadow fusion-flex-justify-content-flex-start fusion-content-layout-column\"><div class=\"fusion-image-element \" style=\"--awb-caption-title-font-family:var(--h2_typography-font-family);--awb-caption-title-font-weight:var(--h2_typography-font-weight);--awb-caption-title-font-style:var(--h2_typography-font-style);--awb-caption-title-size:var(--h2_typography-font-size);--awb-caption-title-transform:var(--h2_typography-text-transform);--awb-caption-title-line-height:var(--h2_typography-line-height);--awb-caption-title-letter-spacing:var(--h2_typography-letter-spacing);\"><span class=\" fusion-imageframe imageframe-none imageframe-1 hover-type-none\" class=\"image-magnify\" class=\"image-scroll\"><img decoding=\"async\" width=\"700\" height=\"416\" title=\"conformita\" src=\"https:\/\/www.bestsider.eu\/wp-content\/uploads\/2021\/03\/conformita.jpg\" alt class=\"img-responsive wp-image-6268\" srcset=\"https:\/\/www.bestsider.eu\/wp-content\/uploads\/2021\/03\/conformita-200x119.jpg 200w, https:\/\/www.bestsider.eu\/wp-content\/uploads\/2021\/03\/conformita-400x238.jpg 400w, https:\/\/www.bestsider.eu\/wp-content\/uploads\/2021\/03\/conformita-600x357.jpg 600w, https:\/\/www.bestsider.eu\/wp-content\/uploads\/2021\/03\/conformita.jpg 700w\" sizes=\"(max-width: 640px) 100vw, 700px\" \/><\/span><\/div><\/div><\/div><div class=\"fusion-layout-column fusion_builder_column fusion-builder-column-2 fusion_builder_column_1_2 1_2 fusion-flex-column\" style=\"--awb-bg-size:cover;--awb-width-large:50%;--awb-margin-top-large:0px;--awb-spacing-right-large:3.84%;--awb-margin-bottom-large:20px;--awb-spacing-left-large:3.84%;--awb-width-medium:50%;--awb-order-medium:0;--awb-spacing-right-medium:3.84%;--awb-spacing-left-medium:3.84%;--awb-width-small:100%;--awb-order-small:0;--awb-spacing-right-small:1.92%;--awb-spacing-left-small:1.92%;\"><div class=\"fusion-column-wrapper fusion-column-has-shadow fusion-flex-justify-content-flex-start fusion-content-layout-column\"><div class=\"fusion-image-element \" style=\"--awb-caption-title-font-family:var(--h2_typography-font-family);--awb-caption-title-font-weight:var(--h2_typography-font-weight);--awb-caption-title-font-style:var(--h2_typography-font-style);--awb-caption-title-size:var(--h2_typography-font-size);--awb-caption-title-transform:var(--h2_typography-text-transform);--awb-caption-title-line-height:var(--h2_typography-line-height);--awb-caption-title-letter-spacing:var(--h2_typography-letter-spacing);\"><span class=\" fusion-imageframe imageframe-none imageframe-2 hover-type-none\" class=\"image-magnify\" class=\"image-scroll\"><img decoding=\"async\" width=\"700\" height=\"416\" title=\"certificazioni-2021\" src=\"https:\/\/www.bestsider.eu\/wp-content\/uploads\/2021\/03\/certificazioni-2021-1.png\" alt class=\"img-responsive wp-image-6282\" srcset=\"https:\/\/www.bestsider.eu\/wp-content\/uploads\/2021\/03\/certificazioni-2021-1-200x119.png 200w, https:\/\/www.bestsider.eu\/wp-content\/uploads\/2021\/03\/certificazioni-2021-1-400x238.png 400w, https:\/\/www.bestsider.eu\/wp-content\/uploads\/2021\/03\/certificazioni-2021-1-600x357.png 600w, https:\/\/www.bestsider.eu\/wp-content\/uploads\/2021\/03\/certificazioni-2021-1.png 700w\" sizes=\"(max-width: 640px) 100vw, 700px\" \/><\/span><\/div><\/div><\/div><\/div><\/div><div class=\"fusion-fullwidth fullwidth-box fusion-builder-row-2 fusion-flex-container nonhundred-percent-fullwidth non-hundred-percent-height-scrolling\" style=\"--awb-border-radius-top-left:0px;--awb-border-radius-top-right:0px;--awb-border-radius-bottom-right:0px;--awb-border-radius-bottom-left:0px;--awb-padding-top:20px;--awb-padding-bottom:20px;--awb-background-color:rgba(246,246,246,0.71);\" ><div class=\"fusion-builder-row fusion-row fusion-flex-align-items-center\" style=\"max-width:1456px;margin-left: calc(-4% \/ 2 );margin-right: calc(-4% \/ 2 );\"><div class=\"fusion-layout-column fusion_builder_column fusion-builder-column-3 fusion_builder_column_1_2 1_2 fusion-flex-column\" style=\"--awb-bg-size:cover;--awb-width-large:50%;--awb-margin-top-large:0px;--awb-spacing-right-large:3.84%;--awb-margin-bottom-large:20px;--awb-spacing-left-large:3.84%;--awb-width-medium:50%;--awb-order-medium:0;--awb-spacing-right-medium:3.84%;--awb-spacing-left-medium:3.84%;--awb-width-small:100%;--awb-order-small:0;--awb-spacing-right-small:1.92%;--awb-spacing-left-small:1.92%;\"><div class=\"fusion-column-wrapper fusion-column-has-shadow fusion-flex-justify-content-flex-start fusion-content-layout-column\"><div class=\"fusion-title title fusion-title-2 fusion-sep-none fusion-title-text fusion-title-size-two\" style=\"--awb-text-color:#44637e;\"><h2 class=\"title-heading-left fusion-responsive-typography-calculated\" style=\"margin:0;--fontSize:40;line-height:1.2;\">R\u00fcckverfolgbarkeit<\/h2><\/div><div class=\"fusion-text fusion-text-2\"><p>Unsere Mobilzaunsysteme werden gem\u00e4\u00df der Richtlinie 89\/106\/ EWG, der ital. Gesetzesverordnung D.L. Nr. 494 vom 14. August 1996 i. d. g. F. sowie dem ital. Gesetzesdekret Nr. 528 vom 18. November 1999 hergestellt, das die auf Baustellen und an Arbeitspl\u00e4tzen im Allgemeinen zu beachtenden Sicherheitsund Gesundheitsvorschriften enth\u00e4lt.<br \/>\nSeit dem 13. Oktober 2013 besitzen unsere Zaunsysteme die CE-Konformit\u00e4t. CE.<\/p>\n<\/div><div class=\"fusion-text fusion-text-3\"><p>Die Kennzeichnung des Fertigprodukts mit <strong>www.bestsider.eu<\/strong> erm\u00f6glicht dessen R\u00fcckverfolgbarkeit von der Fertigung bis zur Baustellenmontage.<\/p>\n<\/div><\/div><\/div><div class=\"fusion-layout-column fusion_builder_column fusion-builder-column-4 fusion_builder_column_1_2 1_2 fusion-flex-column\" style=\"--awb-bg-size:cover;--awb-width-large:50%;--awb-margin-top-large:20px;--awb-spacing-right-large:3.84%;--awb-margin-bottom-large:20px;--awb-spacing-left-large:3.84%;--awb-width-medium:50%;--awb-order-medium:0;--awb-spacing-right-medium:3.84%;--awb-spacing-left-medium:3.84%;--awb-width-small:100%;--awb-order-small:0;--awb-spacing-right-small:1.92%;--awb-spacing-left-small:1.92%;\"><div class=\"fusion-column-wrapper fusion-column-has-shadow fusion-flex-justify-content-flex-start fusion-content-layout-column\"><div class=\"fusion-image-element \" style=\"--awb-caption-title-font-family:var(--h2_typography-font-family);--awb-caption-title-font-weight:var(--h2_typography-font-weight);--awb-caption-title-font-style:var(--h2_typography-font-style);--awb-caption-title-size:var(--h2_typography-font-size);--awb-caption-title-transform:var(--h2_typography-text-transform);--awb-caption-title-line-height:var(--h2_typography-line-height);--awb-caption-title-letter-spacing:var(--h2_typography-letter-spacing);\"><span class=\" fusion-imageframe imageframe-none imageframe-3 hover-type-none\" class=\"image-magnify\" class=\"image-scroll\"><img decoding=\"async\" width=\"1000\" height=\"651\" title=\"conformita\" src=\"https:\/\/www.bestsider.eu\/wp-content\/uploads\/2021\/03\/conformita-3.jpg\" alt class=\"img-responsive wp-image-6278\" srcset=\"https:\/\/www.bestsider.eu\/wp-content\/uploads\/2021\/03\/conformita-3-200x130.jpg 200w, https:\/\/www.bestsider.eu\/wp-content\/uploads\/2021\/03\/conformita-3-400x260.jpg 400w, https:\/\/www.bestsider.eu\/wp-content\/uploads\/2021\/03\/conformita-3-600x391.jpg 600w, https:\/\/www.bestsider.eu\/wp-content\/uploads\/2021\/03\/conformita-3-800x521.jpg 800w, https:\/\/www.bestsider.eu\/wp-content\/uploads\/2021\/03\/conformita-3.jpg 1000w\" sizes=\"(max-width: 640px) 100vw, 800px\" \/><\/span><\/div><\/div><\/div><\/div><\/div><\/p>\n","protected":false},"excerpt":{"rendered":"","protected":false},"author":9,"featured_media":0,"parent":0,"menu_order":0,"comment_status":"closed","ping_status":"open","template":"100-width.php","meta":{"footnotes":""},"class_list":["post-6267","page","type-page","status-publish","hentry"],"yoast_head":"<!-- This site is optimized with the Yoast SEO plugin v20.4 - https:\/\/yoast.com\/wordpress\/plugins\/seo\/ -->\n<title>Zertifizierungen und Rueckverfolgbarkeit - Bestsider<\/title>\n<meta name=\"robots\" content=\"index, follow, max-snippet:-1, max-image-preview:large, max-video-preview:-1\" \/>\n<link rel=\"canonical\" href=\"https:\/\/www.bestsider.eu\/de\/zertifizierungen-und-rueckverfolgbarkeit\/\" \/>\n<meta property=\"og:locale\" content=\"de_DE\" \/>\n<meta property=\"og:type\" content=\"article\" \/>\n<meta property=\"og:title\" content=\"Zertifizierungen und Rueckverfolgbarkeit - Bestsider\" \/>\n<meta property=\"og:url\" content=\"https:\/\/www.bestsider.eu\/de\/zertifizierungen-und-rueckverfolgbarkeit\/\" \/>\n<meta property=\"og:site_name\" content=\"Bestsider\" \/>\n<meta property=\"article:modified_time\" content=\"2021-04-28T15:16:16+00:00\" \/>\n<meta name=\"twitter:card\" content=\"summary_large_image\" \/>\n<meta name=\"twitter:label1\" content=\"Gesch\u00e4tzte Lesezeit\" \/>\n\t<meta name=\"twitter:data1\" content=\"14\u00a0Minuten\" \/>\n<script type=\"application\/ld+json\" class=\"yoast-schema-graph\">{\"@context\":\"https:\/\/schema.org\",\"@graph\":[{\"@type\":\"WebPage\",\"@id\":\"https:\/\/www.bestsider.eu\/de\/zertifizierungen-und-rueckverfolgbarkeit\/\",\"url\":\"https:\/\/www.bestsider.eu\/de\/zertifizierungen-und-rueckverfolgbarkeit\/\",\"name\":\"Zertifizierungen und Rueckverfolgbarkeit - Bestsider\",\"isPartOf\":{\"@id\":\"https:\/\/www.bestsider.eu\/#website\"},\"datePublished\":\"2021-03-15T14:47:49+00:00\",\"dateModified\":\"2021-04-28T15:16:16+00:00\",\"breadcrumb\":{\"@id\":\"https:\/\/www.bestsider.eu\/de\/zertifizierungen-und-rueckverfolgbarkeit\/#breadcrumb\"},\"inLanguage\":\"de\",\"potentialAction\":[{\"@type\":\"ReadAction\",\"target\":[\"https:\/\/www.bestsider.eu\/de\/zertifizierungen-und-rueckverfolgbarkeit\/\"]}]},{\"@type\":\"BreadcrumbList\",\"@id\":\"https:\/\/www.bestsider.eu\/de\/zertifizierungen-und-rueckverfolgbarkeit\/#breadcrumb\",\"itemListElement\":[{\"@type\":\"ListItem\",\"position\":1,\"name\":\"Home\",\"item\":\"https:\/\/www.bestsider.eu\/de\/\"},{\"@type\":\"ListItem\",\"position\":2,\"name\":\"Zertifizierungen und Rueckverfolgbarkeit\"}]},{\"@type\":\"WebSite\",\"@id\":\"https:\/\/www.bestsider.eu\/#website\",\"url\":\"https:\/\/www.bestsider.eu\/\",\"name\":\"Bestsider\",\"description\":\"\",\"publisher\":{\"@id\":\"https:\/\/www.bestsider.eu\/#organization\"},\"potentialAction\":[{\"@type\":\"SearchAction\",\"target\":{\"@type\":\"EntryPoint\",\"urlTemplate\":\"https:\/\/www.bestsider.eu\/?s={search_term_string}\"},\"query-input\":\"required name=search_term_string\"}],\"inLanguage\":\"de\"},{\"@type\":\"Organization\",\"@id\":\"https:\/\/www.bestsider.eu\/#organization\",\"name\":\"BESTSIDER s.r.l. unipersonale\",\"url\":\"https:\/\/www.bestsider.eu\/\",\"logo\":{\"@type\":\"ImageObject\",\"inLanguage\":\"de\",\"@id\":\"https:\/\/www.bestsider.eu\/#\/schema\/logo\/image\/\",\"url\":\"https:\/\/www.bestsider.eu\/wp-content\/uploads\/2021\/03\/logo-2021.png\",\"contentUrl\":\"https:\/\/www.bestsider.eu\/wp-content\/uploads\/2021\/03\/logo-2021.png\",\"width\":141,\"height\":65,\"caption\":\"BESTSIDER s.r.l. unipersonale\"},\"image\":{\"@id\":\"https:\/\/www.bestsider.eu\/#\/schema\/logo\/image\/\"}}]}<\/script>\n<!-- \/ Yoast SEO plugin. -->","yoast_head_json":{"title":"Zertifizierungen und Rueckverfolgbarkeit - Bestsider","robots":{"index":"index","follow":"follow","max-snippet":"max-snippet:-1","max-image-preview":"max-image-preview:large","max-video-preview":"max-video-preview:-1"},"canonical":"https:\/\/www.bestsider.eu\/de\/zertifizierungen-und-rueckverfolgbarkeit\/","og_locale":"de_DE","og_type":"article","og_title":"Zertifizierungen und Rueckverfolgbarkeit - Bestsider","og_url":"https:\/\/www.bestsider.eu\/de\/zertifizierungen-und-rueckverfolgbarkeit\/","og_site_name":"Bestsider","article_modified_time":"2021-04-28T15:16:16+00:00","twitter_card":"summary_large_image","twitter_misc":{"Gesch\u00e4tzte Lesezeit":"14\u00a0Minuten"},"schema":{"@context":"https:\/\/schema.org","@graph":[{"@type":"WebPage","@id":"https:\/\/www.bestsider.eu\/de\/zertifizierungen-und-rueckverfolgbarkeit\/","url":"https:\/\/www.bestsider.eu\/de\/zertifizierungen-und-rueckverfolgbarkeit\/","name":"Zertifizierungen und Rueckverfolgbarkeit - Bestsider","isPartOf":{"@id":"https:\/\/www.bestsider.eu\/#website"},"datePublished":"2021-03-15T14:47:49+00:00","dateModified":"2021-04-28T15:16:16+00:00","breadcrumb":{"@id":"https:\/\/www.bestsider.eu\/de\/zertifizierungen-und-rueckverfolgbarkeit\/#breadcrumb"},"inLanguage":"de","potentialAction":[{"@type":"ReadAction","target":["https:\/\/www.bestsider.eu\/de\/zertifizierungen-und-rueckverfolgbarkeit\/"]}]},{"@type":"BreadcrumbList","@id":"https:\/\/www.bestsider.eu\/de\/zertifizierungen-und-rueckverfolgbarkeit\/#breadcrumb","itemListElement":[{"@type":"ListItem","position":1,"name":"Home","item":"https:\/\/www.bestsider.eu\/de\/"},{"@type":"ListItem","position":2,"name":"Zertifizierungen und Rueckverfolgbarkeit"}]},{"@type":"WebSite","@id":"https:\/\/www.bestsider.eu\/#website","url":"https:\/\/www.bestsider.eu\/","name":"Bestsider","description":"","publisher":{"@id":"https:\/\/www.bestsider.eu\/#organization"},"potentialAction":[{"@type":"SearchAction","target":{"@type":"EntryPoint","urlTemplate":"https:\/\/www.bestsider.eu\/?s={search_term_string}"},"query-input":"required name=search_term_string"}],"inLanguage":"de"},{"@type":"Organization","@id":"https:\/\/www.bestsider.eu\/#organization","name":"BESTSIDER s.r.l. unipersonale","url":"https:\/\/www.bestsider.eu\/","logo":{"@type":"ImageObject","inLanguage":"de","@id":"https:\/\/www.bestsider.eu\/#\/schema\/logo\/image\/","url":"https:\/\/www.bestsider.eu\/wp-content\/uploads\/2021\/03\/logo-2021.png","contentUrl":"https:\/\/www.bestsider.eu\/wp-content\/uploads\/2021\/03\/logo-2021.png","width":141,"height":65,"caption":"BESTSIDER s.r.l. unipersonale"},"image":{"@id":"https:\/\/www.bestsider.eu\/#\/schema\/logo\/image\/"}}]}},"_links":{"self":[{"href":"https:\/\/www.bestsider.eu\/de\/wp-json\/wp\/v2\/pages\/6267","targetHints":{"allow":["GET"]}}],"collection":[{"href":"https:\/\/www.bestsider.eu\/de\/wp-json\/wp\/v2\/pages"}],"about":[{"href":"https:\/\/www.bestsider.eu\/de\/wp-json\/wp\/v2\/types\/page"}],"author":[{"embeddable":true,"href":"https:\/\/www.bestsider.eu\/de\/wp-json\/wp\/v2\/users\/9"}],"replies":[{"embeddable":true,"href":"https:\/\/www.bestsider.eu\/de\/wp-json\/wp\/v2\/comments?post=6267"}],"version-history":[{"count":4,"href":"https:\/\/www.bestsider.eu\/de\/wp-json\/wp\/v2\/pages\/6267\/revisions"}],"predecessor-version":[{"id":6285,"href":"https:\/\/www.bestsider.eu\/de\/wp-json\/wp\/v2\/pages\/6267\/revisions\/6285"}],"wp:attachment":[{"href":"https:\/\/www.bestsider.eu\/de\/wp-json\/wp\/v2\/media?parent=6267"}],"curies":[{"name":"wp","href":"https:\/\/api.w.org\/{rel}","templated":true}]}}